{"id":22,"date":"2025-10-14T11:16:52","date_gmt":"2025-10-14T09:16:52","guid":{"rendered":"http:\/\/merz-railservices.com\/?page_id=22"},"modified":"2026-01-01T16:04:56","modified_gmt":"2026-01-01T15:04:56","slug":"22-2","status":"publish","type":"page","link":"https:\/\/merz-railservices.com\/de\/","title":{"rendered":"Merz RailServices"},"content":{"rendered":"\n<figure class=\"wp-block-image size-large\"><img loading=\"lazy\" decoding=\"async\" width=\"1024\" height=\"409\" src=\"http:\/\/merz-railservices.com\/wp-content\/uploads\/2025\/12\/Start-1024x409.png\" alt=\"\" class=\"wp-image-1700\" srcset=\"https:\/\/merz-railservices.com\/wp-content\/uploads\/2025\/12\/Start-1024x409.png 1024w, https:\/\/merz-railservices.com\/wp-content\/uploads\/2025\/12\/Start-300x120.png 300w, https:\/\/merz-railservices.com\/wp-content\/uploads\/2025\/12\/Start-768x307.png 768w, https:\/\/merz-railservices.com\/wp-content\/uploads\/2025\/12\/Start-18x7.png 18w, https:\/\/merz-railservices.com\/wp-content\/uploads\/2025\/12\/Start.png 1472w\" sizes=\"auto, (max-width: 1024px) 100vw, 1024px\" \/><\/figure>\n\n\n\n<div style=\"height:50px\" aria-hidden=\"true\" class=\"wp-block-spacer\"><\/div>\n\n\n\n<h1 class=\"wp-block-heading has-success-color has-text-color has-link-color wp-elements-48f951399166d7177b0a287d584d0f97\"><strong>Service und Ersatzteilmanagement f\u00fcr Schienenfahrzeuge<\/strong><\/h1>\n\n\n\n<div class=\"wp-block-columns is-layout-flex wp-container-core-columns-is-layout-28f84493 wp-block-columns-is-layout-flex\">\n<div class=\"wp-block-column is-layout-flow wp-block-column-is-layout-flow\" style=\"flex-basis:66.66%\">\n<p class=\"has-button-hover-color-color has-text-color has-link-color wp-elements-34073d82a0fc0909c0c74e0815ad9db4\">Merz RailServices GmbH ist ein unabh\u00e4ngiger Dienstleister f\u00fcr technischen Service, systematische Fehlersuche und Ersatzteilmanagement f\u00fcr Schienenfahrzeuge.<\/p>\n\n\n\n<p class=\"has-button-hover-color-color has-text-color has-link-color wp-elements-1b28542155523cb38717d1e1fb3e608f\">Bahnbetreiber, Instandhaltungswerkst\u00e4tten und Hersteller z\u00e4hlen auf uns, wenn es darum geht, St\u00f6rungen zu beheben und Stillst\u00e4nde zu reduzieren. Technische Erfahrung, strukturierte Analyse und eine verl\u00e4ssliche Ersatzteilversorgung greifen bei uns ineinander. Unser Fokus liegt auf praxisnahen L\u00f6sungen im laufenden Betrieb.<\/p>\n<\/div>\n\n\n\n<div class=\"wp-block-column is-layout-flow wp-block-column-is-layout-flow\" style=\"flex-basis:33.33%\"><\/div>\n<\/div>\n\n\n\n<div style=\"height:100px\" aria-hidden=\"true\" class=\"wp-block-spacer\"><\/div>\n\n\n\n<div class=\"wp-block-columns is-layout-flex wp-container-core-columns-is-layout-28f84493 wp-block-columns-is-layout-flex\">\n<div class=\"wp-block-column is-layout-flow wp-block-column-is-layout-flow\" style=\"flex-basis:34%\">\n<figure class=\"wp-block-image size-full is-resized has-custom-border wp-duotone-unset-1\"><img loading=\"lazy\" decoding=\"async\" width=\"1707\" height=\"2560\" src=\"http:\/\/merz-railservices.com\/wp-content\/uploads\/2025\/10\/000_PicturePeople-SCS-1_1761226714550-scaled.jpg\" alt=\"\" class=\"wp-image-125\" style=\"border-top-left-radius:10px;border-top-right-radius:10px;border-bottom-left-radius:10px;border-bottom-right-radius:10px;box-shadow:var(--wp--preset--shadow--sm);aspect-ratio:0.6668008163969299;width:304px;height:auto\" srcset=\"https:\/\/merz-railservices.com\/wp-content\/uploads\/2025\/10\/000_PicturePeople-SCS-1_1761226714550-scaled.jpg 1707w, https:\/\/merz-railservices.com\/wp-content\/uploads\/2025\/10\/000_PicturePeople-SCS-1_1761226714550-200x300.jpg 200w, https:\/\/merz-railservices.com\/wp-content\/uploads\/2025\/10\/000_PicturePeople-SCS-1_1761226714550-683x1024.jpg 683w, https:\/\/merz-railservices.com\/wp-content\/uploads\/2025\/10\/000_PicturePeople-SCS-1_1761226714550-768x1152.jpg 768w, https:\/\/merz-railservices.com\/wp-content\/uploads\/2025\/10\/000_PicturePeople-SCS-1_1761226714550-1024x1536.jpg 1024w, https:\/\/merz-railservices.com\/wp-content\/uploads\/2025\/10\/000_PicturePeople-SCS-1_1761226714550-1365x2048.jpg 1365w, https:\/\/merz-railservices.com\/wp-content\/uploads\/2025\/10\/000_PicturePeople-SCS-1_1761226714550-100x150.jpg 100w, https:\/\/merz-railservices.com\/wp-content\/uploads\/2025\/10\/000_PicturePeople-SCS-1_1761226714550-150x225.jpg 150w, https:\/\/merz-railservices.com\/wp-content\/uploads\/2025\/10\/000_PicturePeople-SCS-1_1761226714550-300x450.jpg 300w, https:\/\/merz-railservices.com\/wp-content\/uploads\/2025\/10\/000_PicturePeople-SCS-1_1761226714550-450x675.jpg 450w, https:\/\/merz-railservices.com\/wp-content\/uploads\/2025\/10\/000_PicturePeople-SCS-1_1761226714550-600x900.jpg 600w, https:\/\/merz-railservices.com\/wp-content\/uploads\/2025\/10\/000_PicturePeople-SCS-1_1761226714550-900x1350.jpg 900w\" sizes=\"auto, (max-width: 1707px) 100vw, 1707px\" \/><\/figure>\n<\/div>\n\n\n\n<div class=\"wp-block-column is-layout-flow wp-block-column-is-layout-flow\" style=\"flex-basis:66%\">\n<h2 class=\"wp-block-heading\">Merz RailServices: Servicekompetenz f\u00fcr Instandhaltung von Schienenfahrzeugen<\/h2>\n\n\n\n<p class=\"has-small-font-size\">St\u00f6rungen, Engp\u00e4sse und ungeplante Standzeiten sind bei Ihnen ein Thema? Wir unterst\u00fctzen Sie dabei, die Situation in den Griff zu bekommen und sinnvolle n\u00e4chste Schritte zu planen. <\/p>\n\n\n\n<p class=\"has-small-font-size\">Ein kurzes Gespr\u00e4ch reicht daf\u00fcr meist aus.<\/p>\n\n\n\n<div class=\"wp-block-buttons is-layout-flex wp-block-buttons-is-layout-flex\">\n<div class=\"wp-block-button is-style-fill\"><a class=\"wp-block-button__link has-success-background-color has-background wp-element-button\" href=\"\/kontakt\/\" style=\"border-top-left-radius:10px;border-top-right-radius:10px;border-bottom-left-radius:10px;border-bottom-right-radius:10px;box-shadow:var(--wp--preset--shadow--sm)\"><strong>Melden Sie sich bei mir<\/strong><\/a><\/div>\n<\/div>\n<\/div>\n<\/div>\n\n\n\n<div style=\"height:100px\" aria-hidden=\"true\" class=\"wp-block-spacer\"><\/div>\n\n\n\n<h2 class=\"wp-block-heading alignfull has-text-align-center\" style=\"margin-top:var(--wp--preset--spacing--xs);margin-bottom:var(--wp--preset--spacing--xs)\">Unsere Leistungen f\u00fcr Bahnbetreiber, Werkst\u00e4tten und Hersteller<\/h2>\n\n\n\n<div class=\"wp-block-columns is-layout-flex wp-container-core-columns-is-layout-28f84493 wp-block-columns-is-layout-flex\">\n<div class=\"wp-block-column is-layout-flow wp-block-column-is-layout-flow\" style=\"flex-basis:25%\"><\/div>\n\n\n\n<div class=\"wp-block-column is-layout-flow wp-block-column-is-layout-flow\" style=\"flex-basis:50%\">\n<p><strong><strong>Full Service in jeder Phase des Schienenfahrzeug-Lebenszyklus<\/strong><\/strong><\/p>\n\n\n\n<p>Wir unterst\u00fctzen jene Bereiche, die unmittelbar Einfluss auf Standzeiten und Betriebsabl\u00e4ufe haben. Dazu z\u00e4hlen technische Kl\u00e4rung bei St\u00f6rungen, gezielte Eingriffe am Fahrzeug und eine Ersatzteilversorgung, die im richtigen Moment greift.<\/p>\n\n\n\n<p>Wir arbeiten dort, wo Ausf\u00e4lle entstehen, und setzen Ma\u00dfnahmen um, die den Betrieb schnell und dauerhaft zur\u00fcck auf Schiene bringen.<\/p>\n<\/div>\n\n\n\n<div class=\"wp-block-column is-layout-flow wp-block-column-is-layout-flow\" style=\"flex-basis:25%\"><\/div>\n<\/div>\n\n\n\n<div style=\"height:25px\" aria-hidden=\"true\" class=\"wp-block-spacer\"><\/div>\n\n\n\n<div class=\"wp-block-columns is-layout-flex wp-container-core-columns-is-layout-28f84493 wp-block-columns-is-layout-flex\">\n<div class=\"wp-block-column is-layout-flow wp-block-column-is-layout-flow\">\n<div class=\"wp-block-cover is-light has-custom-content-position is-position-top-left has-button-hover-color-color has-text-color has-link-color wp-elements-87179e9361c001f8f5fd5fbf1db92c2e\" style=\"border-top-left-radius:10px;border-top-right-radius:10px;border-bottom-left-radius:10px;border-bottom-right-radius:10px;box-shadow:var(--wp--preset--shadow--sm);min-height:550px;aspect-ratio:unset;\"><span aria-hidden=\"true\" class=\"wp-block-cover__background has-custom-merz-gr-n-background-color has-background-dim-10 has-background-dim\"><\/span><div class=\"wp-block-cover__inner-container is-layout-flow wp-block-cover-is-layout-flow\">\n<div class=\"wp-block-group is-layout-constrained wp-block-group-is-layout-constrained\">\n<div class=\"wp-block-group is-layout-constrained wp-block-group-is-layout-constrained\">\n<figure class=\"wp-block-image size-full is-resized\"><img loading=\"lazy\" decoding=\"async\" width=\"758\" height=\"691\" src=\"https:\/\/merz-railservices.com\/wp-content\/uploads\/2025\/12\/Icon-Beratung.png\" alt=\"\" class=\"wp-image-1618\" style=\"width:auto;height:80px\" srcset=\"https:\/\/merz-railservices.com\/wp-content\/uploads\/2025\/12\/Icon-Beratung.png 758w, https:\/\/merz-railservices.com\/wp-content\/uploads\/2025\/12\/Icon-Beratung-300x273.png 300w, https:\/\/merz-railservices.com\/wp-content\/uploads\/2025\/12\/Icon-Beratung-13x12.png 13w\" sizes=\"auto, (max-width: 758px) 100vw, 758px\" \/><\/figure>\n\n\n\n<h3 class=\"wp-block-heading has-success-color has-text-color has-link-color wp-elements-7ec1ad05288c18070488ca25a622c9a8\">Beratung &amp; Analyse<\/h3>\n\n\n\n<p><strong>Strukturierte Analysen als Basis f\u00fcr messbare Verbesserungen<\/strong><\/p>\n\n\n\n<p>Wir analysieren Ihre Betriebs- und Instandhaltungsdaten gezielt, z. B. zur Materialbedarfsplanung, Fehlerh\u00e4ufigkeit, Durchlaufzeiten oder technischen Verf\u00fcgbarkeit. Die Ergebnisse bereiten wir strukturiert und praxisnah auf und beraten Sie zu den gewonnenen Erkenntnissen. Daraus entstehen konkrete Ma\u00dfnahmen- und Umsetzungspl\u00e4ne, die Verf\u00fcgbarkeit erh\u00f6hen, Prozesse stabilisieren und Planung sowie Qualit\u00e4t nachhaltig verbessern.<\/p>\n<\/div>\n<\/div>\n<\/div><\/div>\n<\/div>\n\n\n\n<div class=\"wp-block-column is-layout-flow wp-block-column-is-layout-flow\">\n<div class=\"wp-block-cover is-light has-custom-content-position is-position-top-left has-button-hover-color-color has-text-color has-link-color wp-elements-188f022bdeb77413e8871f9930103f5a\" style=\"border-top-left-radius:10px;border-top-right-radius:10px;border-bottom-left-radius:10px;border-bottom-right-radius:10px;box-shadow:var(--wp--preset--shadow--sm);min-height:550px;aspect-ratio:unset;\"><span aria-hidden=\"true\" class=\"wp-block-cover__background has-custom-merz-grau-background-color has-background-dim-10 has-background-dim\"><\/span><div class=\"wp-block-cover__inner-container is-layout-flow wp-block-cover-is-layout-flow\">\n<div class=\"wp-block-group is-layout-constrained wp-block-group-is-layout-constrained\">\n<div class=\"wp-block-group is-layout-constrained wp-block-group-is-layout-constrained\">\n<figure class=\"wp-block-image size-full is-resized\"><img loading=\"lazy\" decoding=\"async\" width=\"856\" height=\"754\" src=\"http:\/\/merz-railservices.com\/wp-content\/uploads\/2025\/12\/Icon-Datenmanagement.png\" alt=\"\" class=\"wp-image-1617\" style=\"width:auto;height:80px\" srcset=\"https:\/\/merz-railservices.com\/wp-content\/uploads\/2025\/12\/Icon-Datenmanagement.png 856w, https:\/\/merz-railservices.com\/wp-content\/uploads\/2025\/12\/Icon-Datenmanagement-300x264.png 300w, https:\/\/merz-railservices.com\/wp-content\/uploads\/2025\/12\/Icon-Datenmanagement-768x676.png 768w, https:\/\/merz-railservices.com\/wp-content\/uploads\/2025\/12\/Icon-Datenmanagement-14x12.png 14w\" sizes=\"auto, (max-width: 856px) 100vw, 856px\" \/><\/figure>\n\n\n\n<h3 class=\"wp-block-heading has-success-color has-text-color has-link-color wp-elements-834c97a2a10dde6a1d06590102d4dd9b\">Datenmanagement &amp; Tools<\/h3>\n\n\n\n<p><strong>Praxisnahe Datenl\u00f6sungen f\u00fcr Werkst\u00e4tten und Betreiber<\/strong><\/p>\n\n\n\n<p>Wir entwickeln passgenaue Tools f\u00fcr ein strukturiertes und wartungsarmes Datenmanagement, z. B. Datenbanken, Dashboards oder individuell aufgebaute Excel-L\u00f6sungen. Diese sind auf den realen Bedarf von Schienenfahrzeugwerkst\u00e4tten zugeschnitten und erm\u00f6glichen transparente Auswertungen statt unstrukturierter Rohdaten. So entstehen echte Entscheidungsgrundlagen f\u00fcr bessere Planung, effizientere Prozesse und eine h\u00f6here Fahrzeugverf\u00fcgbarkeit.<\/p>\n<\/div>\n<\/div>\n<\/div><\/div>\n<\/div>\n<\/div>\n\n\n\n<div style=\"height:5px\" aria-hidden=\"true\" class=\"wp-block-spacer\"><\/div>\n\n\n\n<div class=\"wp-block-columns is-layout-flex wp-container-core-columns-is-layout-28f84493 wp-block-columns-is-layout-flex\">\n<div class=\"wp-block-column is-layout-flow wp-block-column-is-layout-flow\">\n<div class=\"wp-block-cover is-light has-custom-content-position is-position-top-left has-button-hover-color-color has-text-color has-link-color wp-elements-39ce0077d6103a552c12cb63eda64c41\" style=\"border-top-left-radius:10px;border-top-right-radius:10px;border-bottom-left-radius:10px;border-bottom-right-radius:10px;box-shadow:var(--wp--preset--shadow--sm);min-height:550px;aspect-ratio:unset;\"><span aria-hidden=\"true\" class=\"wp-block-cover__background has-custom-merz-grau-background-color has-background-dim-10 has-background-dim\"><\/span><div class=\"wp-block-cover__inner-container is-layout-flow wp-block-cover-is-layout-flow\">\n<div class=\"wp-block-group is-layout-constrained wp-block-group-is-layout-constrained\">\n<div class=\"wp-block-group is-layout-constrained wp-block-group-is-layout-constrained\">\n<figure class=\"wp-block-image size-full is-resized\"><img loading=\"lazy\" decoding=\"async\" width=\"721\" height=\"739\" src=\"http:\/\/merz-railservices.com\/wp-content\/uploads\/2025\/12\/Icon-Paket.png\" alt=\"\" class=\"wp-image-1613\" style=\"width:auto;height:80px\" srcset=\"https:\/\/merz-railservices.com\/wp-content\/uploads\/2025\/12\/Icon-Paket.png 721w, https:\/\/merz-railservices.com\/wp-content\/uploads\/2025\/12\/Icon-Paket-293x300.png 293w, https:\/\/merz-railservices.com\/wp-content\/uploads\/2025\/12\/Icon-Paket-12x12.png 12w\" sizes=\"auto, (max-width: 721px) 100vw, 721px\" \/><\/figure>\n\n\n\n<h3 class=\"wp-block-heading has-success-color has-text-color has-link-color wp-elements-88603ce18cba5fba52e89e3d0df06397\">Ersatzteilmanagement<\/h3>\n\n\n\n<p><strong>Verf\u00fcgbarkeit wichtiger Komponenten sicherstellen<\/strong><\/p>\n\n\n\n<p>Wir \u00fcbernehmen die Beschaffung, Lagerung und Bereitstellung von Ersatzteilen f\u00fcr Schienenfahrzeuge. Dazu z\u00e4hlen Kitting, Incident Packs, Qualit\u00e4tssicherung sowie eine SLA-basierte Versorgung kritischer Komponenten.<\/p>\n<\/div>\n<\/div>\n<\/div><\/div>\n<\/div>\n\n\n\n<div class=\"wp-block-column is-layout-flow wp-block-column-is-layout-flow\">\n<div class=\"wp-block-cover is-light has-custom-content-position is-position-top-left has-button-hover-color-color has-text-color has-link-color wp-elements-1a6edf6833d326ae4d8ddada9be2f5ac\" style=\"border-top-left-radius:10px;border-top-right-radius:10px;border-bottom-left-radius:10px;border-bottom-right-radius:10px;box-shadow:var(--wp--preset--shadow--sm);min-height:550px;aspect-ratio:unset;\"><span aria-hidden=\"true\" class=\"wp-block-cover__background has-custom-merz-gr-n-background-color has-background-dim-10 has-background-dim\"><\/span><div class=\"wp-block-cover__inner-container is-layout-flow wp-block-cover-is-layout-flow\">\n<div class=\"wp-block-group is-layout-constrained wp-block-group-is-layout-constrained\">\n<div class=\"wp-block-group is-layout-constrained wp-block-group-is-layout-constrained\">\n<figure class=\"wp-block-image size-full is-resized\"><img loading=\"lazy\" decoding=\"async\" width=\"778\" height=\"749\" src=\"http:\/\/merz-railservices.com\/wp-content\/uploads\/2025\/12\/Icon-Technischer-Service-2.png\" alt=\"\" class=\"wp-image-1614\" style=\"aspect-ratio:1.0387346432730962;width:auto;height:80px\" srcset=\"https:\/\/merz-railservices.com\/wp-content\/uploads\/2025\/12\/Icon-Technischer-Service-2.png 778w, https:\/\/merz-railservices.com\/wp-content\/uploads\/2025\/12\/Icon-Technischer-Service-2-300x289.png 300w, https:\/\/merz-railservices.com\/wp-content\/uploads\/2025\/12\/Icon-Technischer-Service-2-768x739.png 768w, https:\/\/merz-railservices.com\/wp-content\/uploads\/2025\/12\/Icon-Technischer-Service-2-12x12.png 12w\" sizes=\"auto, (max-width: 778px) 100vw, 778px\" \/><\/figure>\n\n\n\n<h3 class=\"wp-block-heading has-success-color has-text-color has-link-color wp-elements-a02eebc4be9ee6bbe6b86a059ef2f506\">Technischer Service<\/h3>\n\n\n\n<p><strong>Fehlersuche, Reparatur und Inbetriebnahme<\/strong><\/p>\n\n\n\n<p>Wir f\u00fchren Reparaturen und Overhauls durch und begleiten Retrofit- und Inbetriebnahmeprojekte. Unsere Leistungen erfolgen vor Ort im Field Service oder im Servicecenter, abh\u00e4ngig von Fahrzeugtyp, St\u00f6rung und betrieblichen Anforderungen.<\/p>\n<\/div>\n<\/div>\n<\/div><\/div>\n<\/div>\n<\/div>\n\n\n\n<div style=\"height:25px\" aria-hidden=\"true\" class=\"wp-block-spacer\"><\/div>\n\n\n\n<div class=\"wp-block-buttons is-layout-flex wp-block-buttons-is-layout-flex\">\n<div class=\"wp-block-button\"><a class=\"wp-block-button__link has-success-background-color has-background wp-element-button\" href=\"\/leistungen\/\"><strong>Mehr zu unseren Dienstleistungen<\/strong><\/a><\/div>\n<\/div>\n\n\n\n<div style=\"height:100px\" aria-hidden=\"true\" class=\"wp-block-spacer\"><\/div>\n\n\n\n<h2 class=\"wp-block-heading\">Ihr Nutzen<\/h2>\n\n\n\n<div class=\"wp-block-columns is-layout-flex wp-container-core-columns-is-layout-28f84493 wp-block-columns-is-layout-flex\">\n<div class=\"wp-block-column is-layout-flow wp-block-column-is-layout-flow\">\n<figure class=\"wp-block-image size-large has-custom-border\"><img loading=\"lazy\" decoding=\"async\" width=\"1024\" height=\"724\" src=\"https:\/\/merz-railservices.com\/wp-content\/uploads\/2025\/12\/shutterstock_1668240631-Kopie-1024x724.jpg\" alt=\"\" class=\"wp-image-1409\" style=\"border-top-left-radius:10px;border-top-right-radius:10px;border-bottom-left-radius:10px;border-bottom-right-radius:10px;box-shadow:var(--wp--preset--shadow--sm)\" srcset=\"https:\/\/merz-railservices.com\/wp-content\/uploads\/2025\/12\/shutterstock_1668240631-Kopie-1024x724.jpg 1024w, https:\/\/merz-railservices.com\/wp-content\/uploads\/2025\/12\/shutterstock_1668240631-Kopie-300x212.jpg 300w, https:\/\/merz-railservices.com\/wp-content\/uploads\/2025\/12\/shutterstock_1668240631-Kopie-768x543.jpg 768w, https:\/\/merz-railservices.com\/wp-content\/uploads\/2025\/12\/shutterstock_1668240631-Kopie-1536x1085.jpg 1536w, https:\/\/merz-railservices.com\/wp-content\/uploads\/2025\/12\/shutterstock_1668240631-Kopie-2048x1447.jpg 2048w, https:\/\/merz-railservices.com\/wp-content\/uploads\/2025\/12\/shutterstock_1668240631-Kopie-18x12.jpg 18w\" sizes=\"auto, (max-width: 1024px) 100vw, 1024px\" \/><\/figure>\n<\/div>\n\n\n\n<div class=\"wp-block-column is-layout-flow wp-block-column-is-layout-flow\">\n<div style=\"height:106px\" aria-hidden=\"true\" class=\"wp-block-spacer\"><\/div>\n\n\n\n<div class=\"wp-block-cover is-light has-custom-content-position is-position-top-left has-primary-color has-text-color has-link-color wp-elements-31404755378d080059c60b1505c3a26f\" style=\"border-top-left-radius:10px;border-top-right-radius:10px;border-bottom-left-radius:10px;border-bottom-right-radius:10px;box-shadow:var(--wp--preset--shadow--sm);min-height:361px;aspect-ratio:unset;\"><span aria-hidden=\"true\" class=\"wp-block-cover__background has-white-background-color has-background-dim-100 has-background-dim\"><\/span><div class=\"wp-block-cover__inner-container is-layout-flow wp-block-cover-is-layout-flow\">\n<div class=\"wp-block-group is-layout-constrained wp-block-group-is-layout-constrained\">\n<div class=\"wp-block-group is-layout-constrained wp-block-group-is-layout-constrained\">\n<h3 class=\"wp-block-heading has-success-color has-text-color has-link-color wp-elements-bd8450391923c6fd5645740cd0dc7969\">Warum Merz RailServices?<\/h3>\n\n\n\n<p class=\"has-black-color has-text-color has-link-color wp-elements-07a5070922e5a64e41350a14b95bdb7a\"><strong>Messbare Verbesserungen f\u00fcr Ihre Flotte<\/strong><\/p>\n\n\n\n<ul class=\"wp-block-list\">\n<li class=\"has-black-color has-text-color has-link-color wp-elements-0e64b7b421cbe502108c5bce7a83f3ca\">Reduktion von Ausf\u00e4llen, St\u00f6rungen und Engp\u00e4ssen<\/li>\n\n\n\n<li class=\"has-black-color has-text-color has-link-color wp-elements-af3bba908d0bf941e05e2e27baf4c34a\">Messbar h\u00f6here Fahrzeugverf\u00fcgbarkeit<\/li>\n\n\n\n<li class=\"has-black-color has-text-color has-link-color wp-elements-856229cfbb47f30514a23bbc951b4b79\">K\u00fcrzere Stand- und Reparaturzeiten<\/li>\n\n\n\n<li class=\"has-black-color has-text-color has-link-color wp-elements-b9db2914144c86c4691fcb93bd5822eb\">Technischer Service durch erfahrene Spezialisten<\/li>\n\n\n\n<li class=\"has-black-color has-text-color has-link-color wp-elements-acaed7d8eab7ff5bce26f701105a986b\">Datengest\u00fctzte Analysen zur verbesserten Entscheidungsfindung<\/li>\n\n\n\n<li class=\"has-black-color has-text-color has-link-color wp-elements-465ecb048e973ec3d2d9e7dc2c2ab812\">Pers\u00f6nliche Betreuung und schnelle Reaktionszeiten<\/li>\n\n\n\n<li class=\"has-black-color has-text-color has-link-color wp-elements-8465ab67feed6ff90e0deb1bcf5f9b4e\">Beitrag zu nachhaltiger und verl\u00e4sslicher Schienenmobilit\u00e4t<\/li>\n<\/ul>\n<\/div>\n<\/div>\n<\/div><\/div>\n<\/div>\n<\/div>\n\n\n\n<div style=\"height:100px\" aria-hidden=\"true\" class=\"wp-block-spacer\"><\/div>\n\n\n\n<h2 class=\"wp-block-heading\">Unsere Kunden<\/h2>\n\n\n\n<div class=\"wp-block-columns is-layout-flex wp-container-core-columns-is-layout-28f84493 wp-block-columns-is-layout-flex\">\n<div class=\"wp-block-column is-layout-flow wp-block-column-is-layout-flow\">\n<div class=\"wp-block-group is-layout-constrained wp-block-group-is-layout-constrained\">\n<div class=\"wp-block-cover is-light has-custom-content-position is-position-top-left has-button-hover-color-color has-text-color has-link-color wp-elements-753eff10d0d8f1974479762326c64409\" style=\"border-style:none;border-width:0px;border-top-left-radius:10px;border-top-right-radius:10px;border-bottom-left-radius:10px;border-bottom-right-radius:10px;box-shadow:var(--wp--preset--shadow--sm);min-height:246px;aspect-ratio:unset;\"><span aria-hidden=\"true\" class=\"wp-block-cover__background has-white-background-color has-background-dim-30 has-background-dim\"><\/span><div class=\"wp-block-cover__inner-container is-layout-flow wp-block-cover-is-layout-flow\">\n<div class=\"wp-block-group is-layout-constrained wp-block-group-is-layout-constrained\">\n<div class=\"wp-block-group is-layout-constrained wp-block-group-is-layout-constrained\">\n<h3 class=\"wp-block-heading has-success-color has-text-color has-link-color wp-elements-e2a8be6f9679a771426920847ba04c92\">Zielgruppen im Bahnsektor<\/h3>\n\n\n\n<ul class=\"wp-block-list\">\n<li>Bahnbetreiber und Instandhaltungswerkst\u00e4tten<\/li>\n\n\n\n<li>Schienenfahrzeughersteller (OEM)<\/li>\n\n\n\n<li>System- und Komponentenhersteller<\/li>\n\n\n\n<li>Zulieferer und Distributionspartner<\/li>\n<\/ul>\n\n\n\n<p>In der DACH-Region verankert, europaweit im Einsatz.<\/p>\n<\/div>\n<\/div>\n<\/div><\/div>\n<\/div>\n<\/div>\n\n\n\n<div class=\"wp-block-column is-layout-flow wp-block-column-is-layout-flow\">\n<div style=\"height:70px\" aria-hidden=\"true\" class=\"wp-block-spacer\"><\/div>\n\n\n\n<figure class=\"wp-block-image size-large has-custom-border is-style-default\"><img loading=\"lazy\" decoding=\"async\" width=\"1024\" height=\"473\" src=\"https:\/\/merz-railservices.com\/wp-content\/uploads\/2025\/12\/Kunde-Bahnwerkstatt-1024x473.png\" alt=\"\" class=\"wp-image-1397\" style=\"border-top-left-radius:10px;border-top-right-radius:10px;border-bottom-left-radius:10px;border-bottom-right-radius:10px;box-shadow:var(--wp--preset--shadow--sm)\" srcset=\"https:\/\/merz-railservices.com\/wp-content\/uploads\/2025\/12\/Kunde-Bahnwerkstatt-1024x473.png 1024w, https:\/\/merz-railservices.com\/wp-content\/uploads\/2025\/12\/Kunde-Bahnwerkstatt-300x138.png 300w, https:\/\/merz-railservices.com\/wp-content\/uploads\/2025\/12\/Kunde-Bahnwerkstatt-768x354.png 768w, https:\/\/merz-railservices.com\/wp-content\/uploads\/2025\/12\/Kunde-Bahnwerkstatt-18x8.png 18w, https:\/\/merz-railservices.com\/wp-content\/uploads\/2025\/12\/Kunde-Bahnwerkstatt.png 1387w\" sizes=\"auto, (max-width: 1024px) 100vw, 1024px\" \/><\/figure>\n<\/div>\n<\/div>\n\n\n","protected":false},"excerpt":{"rendered":"<p>Service und Ersatzteilmanagement f\u00fcr Schienenfahrzeuge Merz RailServices GmbH ist ein unabh\u00e4ngiger Dienstleister f\u00fcr technischen Service, systematische Fehlersuche und Ersatzteilmanagement f\u00fcr Schienenfahrzeuge. Bahnbetreiber, Instandhaltungswerkst\u00e4tten und Hersteller z\u00e4hlen auf uns, wenn es darum geht, St\u00f6rungen zu beheben und Stillst\u00e4nde zu reduzieren. Technische Erfahrung, strukturierte Analyse und eine verl\u00e4ssliche Ersatzteilversorgung greifen bei uns ineinander. Unser Fokus liegt auf [&hellip;]<\/p>\n","protected":false},"author":1,"featured_media":0,"parent":0,"menu_order":1,"comment_status":"closed","ping_status":"closed","template":"","meta":{"footnotes":""},"class_list":["post-22","page","type-page","status-publish","hentry"],"_links":{"self":[{"href":"https:\/\/merz-railservices.com\/de\/wp-json\/wp\/v2\/pages\/22","targetHints":{"allow":["GET"]}}],"collection":[{"href":"https:\/\/merz-railservices.com\/de\/wp-json\/wp\/v2\/pages"}],"about":[{"href":"https:\/\/merz-railservices.com\/de\/wp-json\/wp\/v2\/types\/page"}],"author":[{"embeddable":true,"href":"https:\/\/merz-railservices.com\/de\/wp-json\/wp\/v2\/users\/1"}],"replies":[{"embeddable":true,"href":"https:\/\/merz-railservices.com\/de\/wp-json\/wp\/v2\/comments?post=22"}],"version-history":[{"count":108,"href":"https:\/\/merz-railservices.com\/de\/wp-json\/wp\/v2\/pages\/22\/revisions"}],"predecessor-version":[{"id":1703,"href":"https:\/\/merz-railservices.com\/de\/wp-json\/wp\/v2\/pages\/22\/revisions\/1703"}],"wp:attachment":[{"href":"https:\/\/merz-railservices.com\/de\/wp-json\/wp\/v2\/media?parent=22"}],"curies":[{"name":"wp","href":"https:\/\/api.w.org\/{rel}","templated":true}]}}