{"id":235,"date":"2025-11-22T14:03:16","date_gmt":"2025-11-22T13:03:16","guid":{"rendered":"https:\/\/merz-railservices.com\/?page_id=235"},"modified":"2026-01-01T16:06:39","modified_gmt":"2026-01-01T15:06:39","slug":"karriere","status":"publish","type":"page","link":"https:\/\/merz-railservices.com\/de\/karriere\/","title":{"rendered":"Karriere"},"content":{"rendered":"\n<figure class=\"wp-block-image size-large is-resized wp-duotone-primary-and-success\"><img loading=\"lazy\" decoding=\"async\" width=\"1024\" height=\"410\" src=\"https:\/\/merz-railservices.com\/wp-content\/uploads\/2025\/12\/shutterstock_1152345887-10x4-1-1024x410.jpg\" alt=\"\" class=\"wp-image-1297\" style=\"width:1090px;height:auto\" srcset=\"https:\/\/merz-railservices.com\/wp-content\/uploads\/2025\/12\/shutterstock_1152345887-10x4-1-1024x410.jpg 1024w, https:\/\/merz-railservices.com\/wp-content\/uploads\/2025\/12\/shutterstock_1152345887-10x4-1-300x120.jpg 300w, https:\/\/merz-railservices.com\/wp-content\/uploads\/2025\/12\/shutterstock_1152345887-10x4-1-768x307.jpg 768w, https:\/\/merz-railservices.com\/wp-content\/uploads\/2025\/12\/shutterstock_1152345887-10x4-1-1536x614.jpg 1536w, https:\/\/merz-railservices.com\/wp-content\/uploads\/2025\/12\/shutterstock_1152345887-10x4-1-2048x819.jpg 2048w, https:\/\/merz-railservices.com\/wp-content\/uploads\/2025\/12\/shutterstock_1152345887-10x4-1-18x7.jpg 18w\" sizes=\"auto, (max-width: 1024px) 100vw, 1024px\" \/><\/figure>\n\n\n\n<div style=\"height:50px\" aria-hidden=\"true\" class=\"wp-block-spacer\"><\/div>\n\n\n\n<h1 class=\"wp-block-heading has-success-color has-text-color has-link-color wp-elements-b8e33bfa275dd70589f20a1ca8945e8d\"><strong>Gestalten Sie mit uns die Zukunft der Schienenmobilit\u00e4t<\/strong><\/h1>\n\n\n\n<div class=\"wp-block-columns is-layout-flex wp-container-core-columns-is-layout-28f84493 wp-block-columns-is-layout-flex\">\n<div class=\"wp-block-column is-layout-flow wp-block-column-is-layout-flow\" style=\"flex-basis:66.66%\">\n<p>Merz RailServices ist ein unabh\u00e4ngiger Service- und Beratungspartner f\u00fcr Schienenfahrzeuge, mit Fokus auf Verf\u00fcgbarkeit, Qualit\u00e4t und nachhaltige Mobilit\u00e4t. Damit wir Z\u00fcge zuverl\u00e4ssig in Bewegung halten k\u00f6nnen, brauchen wir Menschen, die mitdenken, Verantwortung \u00fcbernehmen und unsere Werte teilen.<\/p>\n\n\n\n<p>Wir wachsen kontinuierlich und freuen uns \u00fcber Bewerberinnen und Bewerber, die gemeinsam mit uns die Servicequalit\u00e4t und Effizienz im Bahnsektor weiterentwickeln m\u00f6chten.<\/p>\n<\/div>\n\n\n\n<div class=\"wp-block-column is-layout-flow wp-block-column-is-layout-flow\" style=\"flex-basis:33.33%\"><\/div>\n<\/div>\n\n\n\n<div style=\"height:100px\" aria-hidden=\"true\" class=\"wp-block-spacer\"><\/div>\n\n\n\n<h2 class=\"wp-block-heading\">Arbeiten bei Merz RailServices \u2013 Ihre Vorteile<\/h2>\n\n\n\n<div class=\"wp-block-columns is-layout-flex wp-container-core-columns-is-layout-28f84493 wp-block-columns-is-layout-flex\">\n<div class=\"wp-block-column is-layout-flow wp-block-column-is-layout-flow\" style=\"flex-basis:33.33%\">\n<ul class=\"wp-block-list\">\n<li>Mitarbeit in einer nachhaltigen Zukunftsbranche<\/li>\n\n\n\n<li>Hohe Eigenverantwortung und kurze Entscheidungswege<\/li>\n\n\n\n<li>Direkte Zusammenarbeit mit erfahrenen Branchenexperten<\/li>\n\n\n\n<li>Abwechslungsreiche Aufgaben im gesamten Lebenszyklus von Schienenfahrzeugen<\/li>\n\n\n\n<li>Raum f\u00fcr Ideen und Weiterentwicklung<\/li>\n\n\n\n<li>Moderne Arbeitsweise und partnerschaftliches Miteinander<\/li>\n<\/ul>\n<\/div>\n\n\n\n<div class=\"wp-block-column is-layout-flow wp-block-column-is-layout-flow\" style=\"flex-basis:66.66%\">\n<figure class=\"wp-block-image size-full\"><img loading=\"lazy\" decoding=\"async\" width=\"1023\" height=\"575\" src=\"http:\/\/merz-railservices.com\/wp-content\/uploads\/2025\/12\/Werde-Teil-unseres-Teams.png\" alt=\"\" class=\"wp-image-1073\" srcset=\"https:\/\/merz-railservices.com\/wp-content\/uploads\/2025\/12\/Werde-Teil-unseres-Teams.png 1023w, https:\/\/merz-railservices.com\/wp-content\/uploads\/2025\/12\/Werde-Teil-unseres-Teams-300x169.png 300w, https:\/\/merz-railservices.com\/wp-content\/uploads\/2025\/12\/Werde-Teil-unseres-Teams-768x432.png 768w, https:\/\/merz-railservices.com\/wp-content\/uploads\/2025\/12\/Werde-Teil-unseres-Teams-18x10.png 18w\" sizes=\"auto, (max-width: 1023px) 100vw, 1023px\" \/><\/figure>\n<\/div>\n<\/div>\n\n\n\n<div style=\"height:100px\" aria-hidden=\"true\" class=\"wp-block-spacer\"><\/div>\n\n\n\n<h2 class=\"wp-block-heading\">Unsere Werte &amp; unser Leitbild f\u00fcr eine gute Zusammenarbeit<\/h2>\n\n\n\n<p>Damit neue Kolleginnen und Kollegen gut zu uns passen, orientieren wir uns an klaren Werten, die unseren Arbeitsalltag pr\u00e4gen:<\/p>\n\n\n\n<div style=\"height:15px\" aria-hidden=\"true\" class=\"wp-block-spacer\"><\/div>\n\n\n\n<div class=\"wp-block-columns has-border-color has-success-border-color has-primary-color has-text-color has-link-color wp-elements-30f19aef815347073307093e2d31da9e is-layout-flex wp-container-core-columns-is-layout-f28a13b4 wp-block-columns-is-layout-flex\" style=\"border-width:2px;border-top-left-radius:20px;border-top-right-radius:20px;border-bottom-left-radius:20px;border-bottom-right-radius:20px;padding-top:var(--wp--preset--spacing--sm);padding-right:var(--wp--preset--spacing--xs);padding-bottom:var(--wp--preset--spacing--sm);padding-left:var(--wp--preset--spacing--xs);box-shadow:6px 6px 9px rgba(0, 0, 0, 0.2)\">\n<div class=\"wp-block-column is-layout-flow wp-block-column-is-layout-flow\">\n<h4 class=\"wp-block-heading has-success-color has-text-color has-link-color wp-elements-c2e2e82e008e84ac0b6445e7717cc3de\"><strong><mark style=\"background-color:rgba(0, 0, 0, 0)\" class=\"has-inline-color has-custom-merz-grau-color\">M<\/mark><\/strong>otiviert<\/h4>\n\n\n\n<p>Wir handeln mit Begeisterung, Tatkraft und dem Anspruch, jeden Tag unser Bestes zu geben. Unser Antrieb ist es, Mobilit\u00e4t zuverl\u00e4ssig, effizient und nachhaltig zu gestalten.<\/p>\n<\/div>\n\n\n\n<div class=\"wp-block-column is-layout-flow wp-block-column-is-layout-flow\">\n<h4 class=\"wp-block-heading has-success-color has-text-color has-link-color wp-elements-3498807f2cb33a5003230baf5531022f\"><strong><mark style=\"background-color:rgba(0, 0, 0, 0)\" class=\"has-inline-color has-custom-merz-grau-color\">E<\/mark><\/strong>igenverantwortlich<\/h4>\n\n\n\n<p>Wir \u00fcbernehmen Verantwortung, denken unternehmerisch und gestalten aktiv mit. Durch Initiative und Identifikation mit unseren Aufgaben leisten wir einen engagierten Beitrag zum gemeinsamen Erfolg.<\/p>\n<\/div>\n\n\n\n<div class=\"wp-block-column is-layout-flow wp-block-column-is-layout-flow\">\n<h4 class=\"wp-block-heading has-success-color has-text-color has-link-color wp-elements-c4f46245c9eb040fe264765bbf8140b0\"><strong><mark style=\"background-color:rgba(0, 0, 0, 0)\" class=\"has-inline-color has-custom-merz-grau-color\">R<\/mark><\/strong>espektvoll<\/h4>\n\n\n\n<p>Wir begegnen anderen mit Wertsch\u00e4tzung, h\u00f6ren aktiv zu und respektieren unterschiedliche Perspektiven und Hintergr\u00fcnde. Fairness, Transparenz und Handeln auf Augenh\u00f6he pr\u00e4gen unsere Zusammenarbeit, intern wie extern.<\/p>\n<\/div>\n\n\n\n<div class=\"wp-block-column is-layout-flow wp-block-column-is-layout-flow\">\n<h4 class=\"wp-block-heading has-success-color has-text-color has-link-color wp-elements-9cdcd2335fd936136c606e3c8e3fe6cc\"><strong><mark style=\"background-color:rgba(0, 0, 0, 0)\" class=\"has-inline-color has-custom-merz-grau-color\">Z<\/mark><\/strong>uverl\u00e4ssig<\/h4>\n\n\n\n<p>Wir stehen f\u00fcr Verbindlichkeit, Qualit\u00e4t und Konsequenz. Durch vorausschauendes Handeln und kontinuierliche Verbesserung schaffen wir Vertrauen damit sich unsere Kunden und Partner jederzeit auf uns verlassen k\u00f6nnen.<\/p>\n<\/div>\n<\/div>\n\n\n\n<div style=\"height:15px\" aria-hidden=\"true\" class=\"wp-block-spacer\"><\/div>\n\n\n\n<p><strong>Wenn Sie diese Werte teilen, passen Sie hervorragend zu Merz RailServices.<\/strong><\/p>\n\n\n\n<div style=\"height:100px\" aria-hidden=\"true\" class=\"wp-block-spacer\"><\/div>\n\n\n\n<h2 class=\"wp-block-heading\">Aktuelle Stellenangebote<\/h2>\n\n\n\n<p>Derzeit haben wir keine offenen Positionen. <\/p>\n\n\n\n<div style=\"height:100px\" aria-hidden=\"true\" class=\"wp-block-spacer\"><\/div>\n\n\n\n<h2 class=\"wp-block-heading\">Initiativbewerbung<\/h2>\n\n\n\n<p>Sie m\u00f6chten Teil unseres Teams werden, auch ohne konkrete Ausschreibung?<\/p>\n\n\n\n<p>Wir wachsen jedoch und planen in den n\u00e4chsten Monaten Verst\u00e4rkungen in folgenden Bereichen:<\/p>\n\n\n\n<div style=\"height:25px\" aria-hidden=\"true\" class=\"wp-block-spacer\"><\/div>\n\n\n\n<div class=\"wp-block-columns is-layout-flex wp-container-core-columns-is-layout-28f84493 wp-block-columns-is-layout-flex\">\n<div class=\"wp-block-column is-layout-flow wp-block-column-is-layout-flow\" style=\"border-width:1px;border-top-left-radius:20px;border-top-right-radius:20px;border-bottom-left-radius:20px;border-bottom-right-radius:20px;padding-top:var(--wp--preset--spacing--sm);padding-right:var(--wp--preset--spacing--sm);padding-bottom:var(--wp--preset--spacing--sm);padding-left:var(--wp--preset--spacing--sm);box-shadow:var(--wp--preset--shadow--sm)\">\n<h4 class=\"wp-block-heading\">Servicetechniker<\/h4>\n\n\n\n<ul class=\"wp-block-list\">\n<li>Schienenfahrzeugtechnik<\/li>\n\n\n\n<li>K\u00e4lteanlagen- und Klimatechnik<\/li>\n\n\n\n<li>Mechatronik<\/li>\n\n\n\n<li>Mechanik<\/li>\n\n\n\n<li>Elektrik<\/li>\n<\/ul>\n<\/div>\n\n\n\n<div class=\"wp-block-column is-layout-flow wp-block-column-is-layout-flow\" style=\"border-width:1px;border-top-left-radius:20px;border-top-right-radius:20px;border-bottom-left-radius:20px;border-bottom-right-radius:20px;padding-top:var(--wp--preset--spacing--sm);padding-right:var(--wp--preset--spacing--sm);padding-bottom:var(--wp--preset--spacing--sm);padding-left:var(--wp--preset--spacing--sm);box-shadow:var(--wp--preset--shadow--sm)\">\n<h4 class=\"wp-block-heading\">Datenbanken<\/h4>\n\n\n\n<ul class=\"wp-block-list\">\n<li>Access<\/li>\n\n\n\n<li>SQL<\/li>\n<\/ul>\n<\/div>\n\n\n\n<div class=\"wp-block-column is-layout-flow wp-block-column-is-layout-flow\" style=\"border-width:1px;border-top-left-radius:20px;border-top-right-radius:20px;border-bottom-left-radius:20px;border-bottom-right-radius:20px;padding-top:var(--wp--preset--spacing--sm);padding-right:var(--wp--preset--spacing--sm);padding-bottom:var(--wp--preset--spacing--sm);padding-left:var(--wp--preset--spacing--sm);box-shadow:var(--wp--preset--shadow--sm)\">\n<h4 class=\"wp-block-heading\">Business Analyst<\/h4>\n\n\n\n<ul class=\"wp-block-list\">\n<li>Power BI<\/li>\n\n\n\n<li>Excel<\/li>\n<\/ul>\n<\/div>\n<\/div>\n\n\n\n<div class=\"wp-block-columns is-layout-flex wp-container-core-columns-is-layout-28f84493 wp-block-columns-is-layout-flex\">\n<div class=\"wp-block-column is-layout-flow wp-block-column-is-layout-flow\" style=\"border-width:1px;border-top-left-radius:20px;border-top-right-radius:20px;border-bottom-left-radius:20px;border-bottom-right-radius:20px;padding-top:var(--wp--preset--spacing--sm);padding-right:var(--wp--preset--spacing--sm);padding-bottom:var(--wp--preset--spacing--sm);padding-left:var(--wp--preset--spacing--sm);box-shadow:var(--wp--preset--shadow--sm)\">\n<h4 class=\"wp-block-heading\">Ersatzteilmanagement<\/h4>\n\n\n\n<ul class=\"wp-block-list\">\n<li>Sachbearbeiter Vertriebsinnendienst<\/li>\n\n\n\n<li>Lager &amp; Logistik<\/li>\n<\/ul>\n<\/div>\n\n\n\n<div class=\"wp-block-column is-layout-flow wp-block-column-is-layout-flow\" style=\"border-width:1px;border-top-left-radius:20px;border-top-right-radius:20px;border-bottom-left-radius:20px;border-bottom-right-radius:20px;padding-top:var(--wp--preset--spacing--sm);padding-right:var(--wp--preset--spacing--sm);padding-bottom:var(--wp--preset--spacing--sm);padding-left:var(--wp--preset--spacing--sm);box-shadow:var(--wp--preset--shadow--sm)\">\n<h4 class=\"wp-block-heading\">Vertrieb<\/h4>\n\n\n\n<ul class=\"wp-block-list\">\n<li>Key Account Manager<\/li>\n<\/ul>\n<\/div>\n\n\n\n<div class=\"wp-block-column is-layout-flow wp-block-column-is-layout-flow\" style=\"border-width:1px;border-top-left-radius:20px;border-top-right-radius:20px;border-bottom-left-radius:20px;border-bottom-right-radius:20px;padding-top:var(--wp--preset--spacing--sm);padding-right:var(--wp--preset--spacing--sm);padding-bottom:var(--wp--preset--spacing--sm);padding-left:var(--wp--preset--spacing--sm);box-shadow:var(--wp--preset--shadow--sm)\">\n<h4 class=\"wp-block-heading\">Assistenz<\/h4>\n\n\n\n<ul class=\"wp-block-list\">\n<li>Qualit\u00e4t \/ Sicherheit \/ Umwelt<\/li>\n\n\n\n<li>Administration<\/li>\n<\/ul>\n<\/div>\n<\/div>\n\n\n\n<div style=\"height:25px\" aria-hidden=\"true\" class=\"wp-block-spacer\"><\/div>\n\n\n\n<p>Wir freuen uns \u00fcber Ihre Kontaktaufnahme!<\/p>\n\n\n\n<div style=\"height:100px\" aria-hidden=\"true\" class=\"wp-block-spacer\"><\/div>\n\n\n\n<h2 class=\"wp-block-heading\">Kontakt &amp; Bewerbung<\/h2>\n\n\n\n<div class=\"wp-block-columns is-layout-flex wp-container-core-columns-is-layout-28f84493 wp-block-columns-is-layout-flex\">\n<div class=\"wp-block-column is-layout-flow wp-block-column-is-layout-flow\" style=\"flex-basis:33.33%\">\n<figure class=\"wp-block-image size-large\"><img loading=\"lazy\" decoding=\"async\" width=\"608\" height=\"1024\" src=\"https:\/\/merz-railservices.com\/wp-content\/uploads\/2025\/12\/Karriere-1-608x1024.png\" alt=\"\" class=\"wp-image-1491\" srcset=\"https:\/\/merz-railservices.com\/wp-content\/uploads\/2025\/12\/Karriere-1-608x1024.png 608w, https:\/\/merz-railservices.com\/wp-content\/uploads\/2025\/12\/Karriere-1-178x300.png 178w, https:\/\/merz-railservices.com\/wp-content\/uploads\/2025\/12\/Karriere-1-7x12.png 7w, https:\/\/merz-railservices.com\/wp-content\/uploads\/2025\/12\/Karriere-1.png 697w\" sizes=\"auto, (max-width: 608px) 100vw, 608px\" \/><\/figure>\n<\/div>\n\n\n\n<div class=\"wp-block-column is-layout-flow wp-block-column-is-layout-flow\" style=\"flex-basis:66.66%\">\n<p>Sie interessieren sich f\u00fcr eine Karriere bei <strong>Merz RailServices<\/strong>?<br>Ganz gleich, ob Sie sich auf eine ausgeschriebene Position bewerben m\u00f6chten oder eine Initiativbewerbung in Erw\u00e4gung ziehen, wir freuen uns auf Ihre Kontaktaufnahme.<\/p>\n\n\n\n<p>Bitte senden Sie Ihre vollst\u00e4ndigen Bewerbungsunterlagen per E-Mail an:<\/p>\n\n\n\n<p><strong><a href=\"Job@Merz-RailServices.com\">Job@Merz-RailServices.com<\/a><\/strong><\/p>\n\n\n\n<p>\u00dcber diese Adresse stehen wir Ihnen ebenfalls gerne zur Verf\u00fcgung f\u00fcr:<\/p>\n\n\n\n<ul class=\"wp-block-list\">\n<li>erste Informationen zu offenen Stellen<\/li>\n\n\n\n<li>Fragen zum Bewerbungsprozess<\/li>\n\n\n\n<li>allgemeine Karriereanfragen<\/li>\n<\/ul>\n\n\n\n<p>Wir meldet sich zeitnah bei Ihnen zur\u00fcck und begleiten Sie transparent und wertsch\u00e4tzend durch den weiteren Bewerbungsprozess.<\/p>\n\n\n\n<p><strong>Wir freuen uns darauf, Sie kennenzulernen!<\/strong><\/p>\n<\/div>\n<\/div>\n","protected":false},"excerpt":{"rendered":"<p>Gestalten Sie mit uns die Zukunft der Schienenmobilit\u00e4t Merz RailServices ist ein unabh\u00e4ngiger Service- und Beratungspartner f\u00fcr Schienenfahrzeuge, mit Fokus auf Verf\u00fcgbarkeit, Qualit\u00e4t und nachhaltige Mobilit\u00e4t. Damit wir Z\u00fcge zuverl\u00e4ssig in Bewegung halten k\u00f6nnen, brauchen wir Menschen, die mitdenken, Verantwortung \u00fcbernehmen und unsere Werte teilen. Wir wachsen kontinuierlich und freuen uns \u00fcber Bewerberinnen und Bewerber, [&hellip;]<\/p>\n","protected":false},"author":1,"featured_media":0,"parent":0,"menu_order":4,"comment_status":"closed","ping_status":"closed","template":"","meta":{"footnotes":""},"class_list":["post-235","page","type-page","status-publish","hentry"],"_links":{"self":[{"href":"https:\/\/merz-railservices.com\/de\/wp-json\/wp\/v2\/pages\/235","targetHints":{"allow":["GET"]}}],"collection":[{"href":"https:\/\/merz-railservices.com\/de\/wp-json\/wp\/v2\/pages"}],"about":[{"href":"https:\/\/merz-railservices.com\/de\/wp-json\/wp\/v2\/types\/page"}],"author":[{"embeddable":true,"href":"https:\/\/merz-railservices.com\/de\/wp-json\/wp\/v2\/users\/1"}],"replies":[{"embeddable":true,"href":"https:\/\/merz-railservices.com\/de\/wp-json\/wp\/v2\/comments?post=235"}],"version-history":[{"count":36,"href":"https:\/\/merz-railservices.com\/de\/wp-json\/wp\/v2\/pages\/235\/revisions"}],"predecessor-version":[{"id":1628,"href":"https:\/\/merz-railservices.com\/de\/wp-json\/wp\/v2\/pages\/235\/revisions\/1628"}],"wp:attachment":[{"href":"https:\/\/merz-railservices.com\/de\/wp-json\/wp\/v2\/media?parent=235"}],"curies":[{"name":"wp","href":"https:\/\/api.w.org\/{rel}","templated":true}]}}