{"id":37,"date":"2025-10-15T19:11:54","date_gmt":"2025-10-15T17:11:54","guid":{"rendered":"http:\/\/merz-railservices.com\/?page_id=37"},"modified":"2026-01-07T11:57:16","modified_gmt":"2026-01-07T10:57:16","slug":"impressum","status":"publish","type":"page","link":"https:\/\/merz-railservices.com\/de\/dokumente\/impressum\/","title":{"rendered":"Impressum"},"content":{"rendered":"\n<figure class=\"wp-block-image size-large is-resized wp-duotone-primary-and-success\"><img loading=\"lazy\" decoding=\"async\" width=\"1024\" height=\"410\" src=\"https:\/\/merz-railservices.com\/wp-content\/uploads\/2025\/12\/shutterstock_2648080037-10x4-1-1024x410.jpg\" alt=\"\" class=\"wp-image-1332\" style=\"width:1090px;height:auto\" srcset=\"https:\/\/merz-railservices.com\/wp-content\/uploads\/2025\/12\/shutterstock_2648080037-10x4-1-1024x410.jpg 1024w, https:\/\/merz-railservices.com\/wp-content\/uploads\/2025\/12\/shutterstock_2648080037-10x4-1-300x120.jpg 300w, https:\/\/merz-railservices.com\/wp-content\/uploads\/2025\/12\/shutterstock_2648080037-10x4-1-768x307.jpg 768w, https:\/\/merz-railservices.com\/wp-content\/uploads\/2025\/12\/shutterstock_2648080037-10x4-1-1536x614.jpg 1536w, https:\/\/merz-railservices.com\/wp-content\/uploads\/2025\/12\/shutterstock_2648080037-10x4-1-2048x819.jpg 2048w, https:\/\/merz-railservices.com\/wp-content\/uploads\/2025\/12\/shutterstock_2648080037-10x4-1-18x7.jpg 18w\" sizes=\"auto, (max-width: 1024px) 100vw, 1024px\" \/><\/figure>\n\n\n\n<div style=\"height:50px\" aria-hidden=\"true\" class=\"wp-block-spacer\"><\/div>\n\n\n\n<h1 class=\"wp-block-heading has-success-color has-text-color has-link-color wp-elements-982d7e395940567c56806b39ecc3425f\"><strong>Impressum<\/strong><\/h1>\n\n\n\n<h3 class=\"wp-block-heading\">Unternehmensname<\/h3>\n\n\n\n<p>Merz RailServices GmbH<\/p>\n\n\n\n<div style=\"height:25px\" aria-hidden=\"true\" class=\"wp-block-spacer\"><\/div>\n\n\n\n<h3 class=\"wp-block-heading\">Rechtsform<\/h3>\n\n\n\n<p>Gesellschaft mit beschr\u00e4nkter Haftung (GmbH)<\/p>\n\n\n\n<div style=\"height:25px\" aria-hidden=\"true\" class=\"wp-block-spacer\"><\/div>\n\n\n\n<h3 class=\"wp-block-heading\">Sitz der Gesellschaft<\/h3>\n\n\n\n<p>Doktor Mehes-Gasse 17<br>2344 Maria Enzersdorf<br>\u00d6sterreich<\/p>\n\n\n\n<div style=\"height:25px\" aria-hidden=\"true\" class=\"wp-block-spacer\"><\/div>\n\n\n\n<h3 class=\"wp-block-heading\">Kontakt<\/h3>\n\n\n\n<p>Telefon: +43 664 2122820<br>E-Mail: <a href=\"mailto:Office@Merz-RailServices.com\"><mark style=\"background-color:rgba(0, 0, 0, 0)\" class=\"has-inline-color has-custom-merz-gr-n-color\">Office@Merz-RailServices.com<\/mark><\/a><br>Website: <a href=\"http:\/\/www.Merz-RailServices.com\"><mark style=\"background-color:rgba(0, 0, 0, 0)\" class=\"has-inline-color has-custom-merz-gr-n-color\">www.Merz-RailServices.com<\/mark><\/a><\/p>\n\n\n\n<div style=\"height:25px\" aria-hidden=\"true\" class=\"wp-block-spacer\"><\/div>\n\n\n\n<h3 class=\"wp-block-heading\">Firmenbuchnummer<\/h3>\n\n\n\n<p>FN 664226 d<\/p>\n\n\n\n<div style=\"height:25px\" aria-hidden=\"true\" class=\"wp-block-spacer\"><\/div>\n\n\n\n<h3 class=\"wp-block-heading\">Firmenbuchgericht<\/h3>\n\n\n\n<p>Landesgericht Wiener Neustadt<\/p>\n\n\n\n<div style=\"height:25px\" aria-hidden=\"true\" class=\"wp-block-spacer\"><\/div>\n\n\n\n<h3 class=\"wp-block-heading\">UID-Nummer<\/h3>\n\n\n\n<p>ATU82607804<\/p>\n\n\n\n<div style=\"height:25px\" aria-hidden=\"true\" class=\"wp-block-spacer\"><\/div>\n\n\n\n<h3 class=\"wp-block-heading\">Unternehmensgegenstand<\/h3>\n\n\n\n<ul class=\"wp-block-list\">\n<li>Montage, Wartung und Produktion von Ger\u00e4ten, Anlagen, Bauteilen und Maschinen auf dem Gebiet der Schienenfahrzeug-, Bahn- und K\u00e4lteanlagentechnik sowie Mechatronik<\/li>\n\n\n\n<li>Handel mit allen einschl\u00e4gigen Ger\u00e4ten, Anlagen, Bauteilen, Maschinen und Ersatzteile fremder Erzeugung auf dem Gebiet der Schienenfahrzeug-, Bahn- und K\u00e4lteanlagentechnik sowie Mechatronik<\/li>\n\n\n\n<li>Forschung und Entwicklung auf dem Gebiet der Schienenfahrzeug-, Bahn- und K\u00e4lteanlagentechnik sowie Mechatronik<\/li>\n\n\n\n<li>F\u00fchrung eines technischen B\u00fcros auf dem Gebiet der Schienenfahrzeug-, Bahn- und K\u00e4lteanlagentechnik sowie Mechatronik<\/li>\n\n\n\n<li>Betrieb einer Handelsagentur auf dem Gebiet der Schienenfahrzeug-, Bahn- und K\u00e4lteanlagentechnik sowie Mechatronik<\/li>\n\n\n\n<li>Betrieb, \u00dcbernahme und Vermittlung aller mit dem Gesellschaftszweck in Verbindung stehenden Gesch\u00e4fte auf dem Gebiet der Schienenfahrzeug-, Bahn- und K\u00e4lteanlagentechnik sowie Mechatronik<\/li>\n\n\n\n<li>Beteiligung an Unternehmungen sowie die Gesch\u00e4ftsf\u00fchrung und Vertretung solcher Unternehmungen auf dem Gebiet der Schienenfahrzeug-, Bahn- und K\u00e4lteanlagentechnik sowie Mechatronik<\/li>\n\n\n\n<li>Erbringung von Beratungsleistungen f\u00fcr Unternehmen, insbesondere aber nicht ausschlie\u00dflich in den Bereichen Betriebswirtschaft, Materialwirtschaft und Logistik sowie Prozessoptimierung<\/li>\n\n\n\n<li>Erbringung von IT-Dienstleistungen im Bereich Entwicklung und Wartung von Datenbanken sowie Datenmanagement (Datenerfassung, Datenanalyse, Visualisieren von Daten)<\/li>\n<\/ul>\n\n\n\n<div style=\"height:25px\" aria-hidden=\"true\" class=\"wp-block-spacer\"><\/div>\n\n\n\n<h3 class=\"wp-block-heading\">Gewerbeberechtigung<\/h3>\n\n\n\n<ul class=\"wp-block-list\">\n<li>Mechatroniker f\u00fcr Maschinen- und Fertigungstechnik verbunden mit Mechatroniker f\u00fcr Elektronik, B\u00fcro- und EDV-Systemtechnik; Mechatroniker f\u00fcr Elektromaschinenbau und Automatisierung; Mechatroniker f\u00fcr Medizinger\u00e4tetechnik (verbundenes Handwerk)<\/li>\n\n\n\n<li>K\u00e4lte- und Klimatechnik (Handwerk)<\/li>\n\n\n\n<li>Handelsgewerbe mit Ausnahme der reglementierten Handelsgewerbe und Handelsagent<\/li>\n\n\n\n<li>Unternehmensberatung einschlie\u00dflich der Unternehmensorganisation<\/li>\n\n\n\n<li>Dienstleistungen in der automatischen Datenverarbeitung und Informationstechnik<\/li>\n<\/ul>\n\n\n\n<div style=\"height:25px\" aria-hidden=\"true\" class=\"wp-block-spacer\"><\/div>\n\n\n\n<h3 class=\"wp-block-heading\">Zust\u00e4ndige Beh\u00f6rde<\/h3>\n\n\n\n<p>Bezirkshauptmannschaft M\u00f6dling<\/p>\n\n\n\n<div style=\"height:25px\" aria-hidden=\"true\" class=\"wp-block-spacer\"><\/div>\n\n\n\n<h3 class=\"wp-block-heading\">Mitgliedschaften<\/h3>\n\n\n\n<p>Mitglied der Wirtschaftskammer Nieder\u00f6sterreich<\/p>\n\n\n\n<ul class=\"wp-block-list\">\n<li>Landesinnung der Mechatroniker Nieder\u00f6sterreich<\/li>\n\n\n\n<li>Landesgremium des Au\u00dfenhandels Nieder\u00f6sterreich<\/li>\n\n\n\n<li>Landesgremium Maschinen- und Technologiehandel<\/li>\n\n\n\n<li>Fachgruppe Unternehmensberatung, Buchhaltung und Informationstechnologie Nieder\u00f6sterreich<\/li>\n<\/ul>\n\n\n\n<p><a href=\"https:\/\/firmen.wko.at\/merz-railservices-gmbh\" target=\"_blank\" rel=\"noreferrer noopener\"><mark style=\"background-color:rgba(0, 0, 0, 0)\" class=\"has-inline-color has-custom-merz-gr-n-color\"><strong>Firmen A-Z der WKO<\/strong><\/mark><\/a><\/p>\n\n\n\n<div style=\"height:25px\" aria-hidden=\"true\" class=\"wp-block-spacer\"><\/div>\n\n\n\n<h3 class=\"wp-block-heading\">Zertifikate<\/h3>\n\n\n\n<ul class=\"wp-block-list\">\n<li>Unternehmenszertifizierung f\u00fcr ortsfeste K\u00e4lteanlagen, Klimaanlagen und W\u00e4rmepumpen, Organic-Rankine-Kreisl\u00e4ufen sowie K\u00e4lteanlagen in K\u00fchllastkraftfahrzeugen, K\u00fchlanh\u00e4ngern, leichten K\u00fchlfahrzeugen, intermodalen Containern und Eisenbahnwaggons, die fluorierte Treibhausgase oder Alternativen zu fluorierten Treibhausgasen enthalten. Erstellt am 30.12.2025 vom Bundesministerium Land- und Forstwirtschaft, Klima- und Umweltschutz, Regionen und Wasserwirtschaft, G\u00fcltig bis 12.03.2029<\/li>\n<\/ul>\n\n\n\n<div style=\"height:25px\" aria-hidden=\"true\" class=\"wp-block-spacer\"><\/div>\n\n\n\n<h3 class=\"wp-block-heading\">Gesch\u00e4ftsf\u00fchrer<\/h3>\n\n\n\n<p>Ing. Mag. (FH) Matthias Merz<\/p>\n\n\n\n<div style=\"height:25px\" aria-hidden=\"true\" class=\"wp-block-spacer\"><\/div>\n\n\n\n<h3 class=\"wp-block-heading\">Beteiligungsverh\u00e4ltnis<\/h3>\n\n\n\n<p>Ing. Mag. (FH) Matthias Merz (100 %)<\/p>\n\n\n\n<div style=\"height:25px\" aria-hidden=\"true\" class=\"wp-block-spacer\"><\/div>\n\n\n\n<h3 class=\"wp-block-heading\">Berufsrechtliche Vorschriften<\/h3>\n\n\n\n<p>Gewerbeordnung (abrufbar unter <a href=\"http:\/\/www.ris.bka.gv.at\/\" target=\"_blank\" rel=\"noreferrer noopener\"><strong><mark style=\"background-color:rgba(0, 0, 0, 0)\" class=\"has-inline-color has-custom-merz-gr-n-color\">www.ris.bka.gv.at<\/mark><\/strong><\/a>)<\/p>\n\n\n\n<div style=\"height:25px\" aria-hidden=\"true\" class=\"wp-block-spacer\"><\/div>\n\n\n\n<h3 class=\"wp-block-heading\">Haftungsausschluss<\/h3>\n\n\n\n<p>Trotz sorgf\u00e4ltiger inhaltlicher Kontrolle \u00fcbernehmen wir keine Haftung f\u00fcr die Inhalte externer Links. F\u00fcr den Inhalt der verlinkten Seiten sind ausschlie\u00dflich deren Betreiber verantwortlich.<\/p>\n\n\n\n<div style=\"height:25px\" aria-hidden=\"true\" class=\"wp-block-spacer\"><\/div>\n\n\n\n<h3 class=\"wp-block-heading\">Urheberrecht<\/h3>\n\n\n\n<p>Die durch den Betreiber dieser Website erstellten Inhalte und Werke unterliegen dem \u00f6sterreichischen Urheberrechtsgesetz (UrhG). Inhalte Dritter sind als solche gekennzeichnet.<br>Die Vervielf\u00e4ltigung, Bearbeitung, Verbreitung und jede Art der Verwertung au\u00dferhalb der Grenzen des Urheberrechts bed\u00fcrfen der vorherigen schriftlichen Zustimmung des jeweiligen Urhebers bzw. Rechteinhabers.<\/p>\n\n\n\n<div style=\"height:25px\" aria-hidden=\"true\" class=\"wp-block-spacer\"><\/div>\n\n\n\n<h3 class=\"wp-block-heading\">Medieninhaber &amp; Herausgeber<\/h3>\n\n\n\n<p>Merz RailServices GmbH<br>Doktor Mehes-Gasse 17<br>2344 Maria Enzersdorf<br>\u00d6sterreich<\/p>\n\n\n\n<div style=\"height:25px\" aria-hidden=\"true\" class=\"wp-block-spacer\"><\/div>\n\n\n\n<h3 class=\"wp-block-heading\">Grundlegende Richtung (\u201eBlattlinie\u201c)<\/h3>\n\n\n\n<p>Informationen zu Themen der Schienenfahrzeug-, Bahn- und K\u00e4lteanlagentechnik, Mechatronik sowie zu Dienstleistungen im Bereich IT und Unternehmensberatung.<br>Diese Website dient der Information \u00fcber das Unternehmen und seine Dienstleistungen.<\/p>\n\n\n\n<div style=\"height:25px\" aria-hidden=\"true\" class=\"wp-block-spacer\"><\/div>\n\n\n\n<h3 class=\"wp-block-heading\">Bildnachweise<\/h3>\n\n\n\n<p>Die auf dieser Website verwendeten Bilder stammt aus:<\/p>\n\n\n\n<ul class=\"wp-block-list\">\n<li><a href=\"https:\/\/www.shutterstock.com\/\"><mark style=\"background-color:rgba(0, 0, 0, 0)\" class=\"has-inline-color has-custom-merz-gr-n-color\"><strong>shutterstock.com<\/strong><\/mark><\/a>: lizenzierten Bilddatenbank (Bilder, Icons)<\/li>\n\n\n\n<li><a href=\"https:\/\/www.picturepeople.at\/\"><mark style=\"background-color:rgba(0, 0, 0, 0)\" class=\"has-inline-color has-custom-merz-gr-n-color\"><strong>picturepeople.at<\/strong><\/mark><\/a>: Portraits Matthias Merz<\/li>\n\n\n\n<li><a href=\"http:\/\/gemini.google.com\"><strong><mark style=\"background-color:rgba(0, 0, 0, 0)\" class=\"has-inline-color has-custom-merz-gr-n-color\">gemini.google.com<\/mark><\/strong><\/a>: mit k\u00fcnstlicher Intelligenz generierte Bilder<\/li>\n<\/ul>\n\n\n\n<div style=\"height:25px\" aria-hidden=\"true\" class=\"wp-block-spacer\"><\/div>\n\n\n\n<h3 class=\"wp-block-heading\">Verantwortlich f\u00fcr den Inhalt<\/h3>\n\n\n\n<p>Ing. Mag. (FH) Matthias Merz<br>Doktor Mehes-Gasse 17<br>2344 Maria Enzersdorf<br>\u00d6sterreich<\/p>\n\n\n\n<div style=\"height:25px\" aria-hidden=\"true\" class=\"wp-block-spacer\"><\/div>\n\n\n\n<h3 class=\"wp-block-heading\">Bankverbindung<\/h3>\n\n\n\n<p>UniCredit Bank Austria AG<br>IBAN: AT15 1200 0100 4653 3955<br>BIC: BKAUATWW<\/p>\n\n\n\n<div style=\"height:25px\" aria-hidden=\"true\" class=\"wp-block-spacer\"><\/div>\n\n\n\n<h3 class=\"wp-block-heading\">Verzeichnisse und Listungen<\/h3>\n\n\n\n<p>Unser Unternehmen ist in der <strong><a href=\"https:\/\/lgu.ankoe.at\/\" target=\"_blank\" rel=\"noreferrer noopener\"><mark style=\"background-color:rgba(0, 0, 0, 0)\" class=\"has-inline-color has-custom-merz-gr-n-color\">ANK\u00d6 Liste geeigneter Unternehmen (LgU)<\/mark><\/a><\/strong> unter der ANK\u00d6-Firmennummer 98333 registriert. Weitere Informationen unter <a href=\"http:\/\/ankoe.at\" target=\"_blank\" rel=\"noreferrer noopener\">ankoe.at<\/a><\/p>\n\n\n\n<p>Sie finden uns im <a href=\"https:\/\/firmen.wko.at\/merz-railservices-gmbh\" target=\"_blank\" rel=\"noreferrer noopener\"><strong><mark style=\"background-color:rgba(0, 0, 0, 0)\" class=\"has-inline-color has-custom-merz-gr-n-color\">Firmen A-Z der WKO<\/mark><\/strong><\/a>.<\/p>\n","protected":false},"excerpt":{"rendered":"<p>Impressum Unternehmensname Merz RailServices GmbH Rechtsform Gesellschaft mit beschr\u00e4nkter Haftung (GmbH) Sitz der Gesellschaft Doktor Mehes-Gasse 172344 Maria Enzersdorf\u00d6sterreich Kontakt Telefon: +43 664 2122820E-Mail: Office@Merz-RailServices.comWebsite: www.Merz-RailServices.com Firmenbuchnummer FN 664226 d Firmenbuchgericht Landesgericht Wiener Neustadt UID-Nummer ATU82607804 Unternehmensgegenstand Gewerbeberechtigung Zust\u00e4ndige Beh\u00f6rde Bezirkshauptmannschaft M\u00f6dling Mitgliedschaften Mitglied der Wirtschaftskammer Nieder\u00f6sterreich Firmen A-Z der WKO Zertifikate Gesch\u00e4ftsf\u00fchrer Ing. Mag. [&hellip;]<\/p>\n","protected":false},"author":1,"featured_media":933,"parent":214,"menu_order":11,"comment_status":"closed","ping_status":"closed","template":"","meta":{"footnotes":""},"class_list":["post-37","page","type-page","status-publish","has-post-thumbnail","hentry"],"_links":{"self":[{"href":"https:\/\/merz-railservices.com\/de\/wp-json\/wp\/v2\/pages\/37","targetHints":{"allow":["GET"]}}],"collection":[{"href":"https:\/\/merz-railservices.com\/de\/wp-json\/wp\/v2\/pages"}],"about":[{"href":"https:\/\/merz-railservices.com\/de\/wp-json\/wp\/v2\/types\/page"}],"author":[{"embeddable":true,"href":"https:\/\/merz-railservices.com\/de\/wp-json\/wp\/v2\/users\/1"}],"replies":[{"embeddable":true,"href":"https:\/\/merz-railservices.com\/de\/wp-json\/wp\/v2\/comments?post=37"}],"version-history":[{"count":37,"href":"https:\/\/merz-railservices.com\/de\/wp-json\/wp\/v2\/pages\/37\/revisions"}],"predecessor-version":[{"id":1713,"href":"https:\/\/merz-railservices.com\/de\/wp-json\/wp\/v2\/pages\/37\/revisions\/1713"}],"up":[{"embeddable":true,"href":"https:\/\/merz-railservices.com\/de\/wp-json\/wp\/v2\/pages\/214"}],"wp:featuredmedia":[{"embeddable":true,"href":"https:\/\/merz-railservices.com\/de\/wp-json\/wp\/v2\/media\/933"}],"wp:attachment":[{"href":"https:\/\/merz-railservices.com\/de\/wp-json\/wp\/v2\/media?parent=37"}],"curies":[{"name":"wp","href":"https:\/\/api.w.org\/{rel}","templated":true}]}}