{"id":63,"date":"2025-10-17T19:13:15","date_gmt":"2025-10-17T17:13:15","guid":{"rendered":"http:\/\/merz-railservices.com\/?page_id=63"},"modified":"2026-01-01T16:06:17","modified_gmt":"2026-01-01T15:06:17","slug":"kontakt","status":"publish","type":"page","link":"https:\/\/merz-railservices.com\/de\/kontakt\/","title":{"rendered":"Kontakt"},"content":{"rendered":"\n<figure class=\"wp-block-image size-large is-resized wp-duotone-unset-1\"><img loading=\"lazy\" decoding=\"async\" width=\"1024\" height=\"410\" src=\"https:\/\/merz-railservices.com\/wp-content\/uploads\/2025\/12\/shutterstock_121422544-10x4-1-1024x410.jpg\" alt=\"\" class=\"wp-image-1289\" style=\"width:1090px;height:auto\" srcset=\"https:\/\/merz-railservices.com\/wp-content\/uploads\/2025\/12\/shutterstock_121422544-10x4-1-1024x410.jpg 1024w, https:\/\/merz-railservices.com\/wp-content\/uploads\/2025\/12\/shutterstock_121422544-10x4-1-300x120.jpg 300w, https:\/\/merz-railservices.com\/wp-content\/uploads\/2025\/12\/shutterstock_121422544-10x4-1-768x307.jpg 768w, https:\/\/merz-railservices.com\/wp-content\/uploads\/2025\/12\/shutterstock_121422544-10x4-1-1536x614.jpg 1536w, https:\/\/merz-railservices.com\/wp-content\/uploads\/2025\/12\/shutterstock_121422544-10x4-1-2048x819.jpg 2048w, https:\/\/merz-railservices.com\/wp-content\/uploads\/2025\/12\/shutterstock_121422544-10x4-1-18x7.jpg 18w\" sizes=\"auto, (max-width: 1024px) 100vw, 1024px\" \/><\/figure>\n\n\n\n<div style=\"height:50px\" aria-hidden=\"true\" class=\"wp-block-spacer\"><\/div>\n\n\n\n<h1 class=\"wp-block-heading has-success-color has-text-color has-link-color wp-elements-7370f9dc37357ae401429cbc1a23fc3d\"><strong>Wir freuen uns auf Ihre Kontaktaufnahme<\/strong><\/h1>\n\n\n\n<p>Ob Fragen, W\u00fcnsche oder ein konkretes Anliegen, wir sind gerne f\u00fcr Sie da und unterst\u00fctzen Sie pers\u00f6nlich. Schreiben Sie uns direkt per E-Mail bzw. rufen Sie uns an. Wir freuen uns darauf, von Ihnen zu h\u00f6ren.<\/p>\n\n\n\n<div style=\"height:50px\" aria-hidden=\"true\" class=\"wp-block-spacer\"><\/div>\n\n\n\n<div class=\"wp-block-columns is-layout-flex wp-container-core-columns-is-layout-28f84493 wp-block-columns-is-layout-flex\" style=\"border-top-left-radius:20px;border-top-right-radius:20px;border-bottom-left-radius:20px;border-bottom-right-radius:20px;box-shadow:var(--wp--preset--shadow--sm)\">\n<div class=\"wp-block-column is-layout-flow wp-block-column-is-layout-flow\">\n<div class=\"wp-block-columns is-layout-flex wp-container-core-columns-is-layout-7e6e9c0c wp-block-columns-is-layout-flex\" style=\"border-top-left-radius:20px;border-top-right-radius:20px;border-bottom-left-radius:20px;border-bottom-right-radius:20px;padding-top:var(--wp--preset--spacing--md);padding-right:var(--wp--preset--spacing--md);padding-bottom:var(--wp--preset--spacing--md);padding-left:var(--wp--preset--spacing--md)\">\n<div class=\"wp-block-column is-layout-flow wp-block-column-is-layout-flow\" style=\"flex-basis:20%\">\n<figure class=\"wp-block-image size-full is-resized wp-duotone-003432-f6f6f6-2\"><img loading=\"lazy\" decoding=\"async\" width=\"829\" height=\"776\" src=\"https:\/\/merz-railservices.com\/wp-content\/uploads\/2025\/12\/Icon-Mobile-schwarz-1.png\" alt=\"\" class=\"wp-image-1608\" style=\"width:auto;height:80px\" srcset=\"https:\/\/merz-railservices.com\/wp-content\/uploads\/2025\/12\/Icon-Mobile-schwarz-1.png 829w, https:\/\/merz-railservices.com\/wp-content\/uploads\/2025\/12\/Icon-Mobile-schwarz-1-300x281.png 300w, https:\/\/merz-railservices.com\/wp-content\/uploads\/2025\/12\/Icon-Mobile-schwarz-1-768x719.png 768w, https:\/\/merz-railservices.com\/wp-content\/uploads\/2025\/12\/Icon-Mobile-schwarz-1-13x12.png 13w\" sizes=\"auto, (max-width: 829px) 100vw, 829px\" \/><\/figure>\n<\/div>\n\n\n\n<div class=\"wp-block-column is-layout-flow wp-block-column-is-layout-flow\" style=\"flex-basis:80%\">\n<h2 class=\"wp-block-heading has-text-align-left has-success-color has-text-color has-link-color wp-elements-5b05ce0147b910231c1161165d879a5c\">Kontaktieren Sie uns<\/h2>\n\n\n\n<p class=\"has-text-align-left has-primary-color has-text-color has-link-color wp-elements-a2855bbcb7fa1d6b54f417bb9e6cf0b2\"><strong>Telefon:<\/strong> <a href=\"tel:436642122820\">+43 664 2122820<\/a><\/p>\n\n\n\n<p class=\"has-text-align-left has-primary-color has-text-color has-link-color wp-elements-da10d2b87a8966f0f667be0d991ad70d\"><strong>E-Mail: <\/strong><a href=\"mailto:Office@Merz-RailServices.com\"><mark style=\"background-color:rgba(0, 0, 0, 0)\" class=\"has-inline-color has-custom-merz-gr-n-color\">Office@Merz-RailServices.com<\/mark><\/a><\/p>\n<\/div>\n<\/div>\n<\/div>\n\n\n\n<div class=\"wp-block-column is-layout-flow wp-block-column-is-layout-flow\" style=\"flex-basis:45%\">\n<figure class=\"wp-block-image size-large has-custom-border\" style=\"margin-top:var(--wp--preset--spacing--md);margin-right:var(--wp--preset--spacing--md);margin-bottom:var(--wp--preset--spacing--md);margin-left:var(--wp--preset--spacing--md)\"><img loading=\"lazy\" decoding=\"async\" width=\"1024\" height=\"479\" src=\"https:\/\/merz-railservices.com\/wp-content\/uploads\/2025\/12\/shutterstock_2658569893-1024x479.jpg\" alt=\"\" class=\"wp-image-1505\" style=\"border-top-left-radius:20px;border-top-right-radius:20px;border-bottom-left-radius:20px;border-bottom-right-radius:20px\" srcset=\"https:\/\/merz-railservices.com\/wp-content\/uploads\/2025\/12\/shutterstock_2658569893-1024x479.jpg 1024w, https:\/\/merz-railservices.com\/wp-content\/uploads\/2025\/12\/shutterstock_2658569893-300x140.jpg 300w, https:\/\/merz-railservices.com\/wp-content\/uploads\/2025\/12\/shutterstock_2658569893-768x359.jpg 768w, https:\/\/merz-railservices.com\/wp-content\/uploads\/2025\/12\/shutterstock_2658569893-1536x719.jpg 1536w, https:\/\/merz-railservices.com\/wp-content\/uploads\/2025\/12\/shutterstock_2658569893-2048x959.jpg 2048w, https:\/\/merz-railservices.com\/wp-content\/uploads\/2025\/12\/shutterstock_2658569893-18x8.jpg 18w\" sizes=\"auto, (max-width: 1024px) 100vw, 1024px\" \/><\/figure>\n<\/div>\n<\/div>\n\n\n\n<div class=\"wp-block-columns is-layout-flex wp-container-core-columns-is-layout-28f84493 wp-block-columns-is-layout-flex\" style=\"border-top-left-radius:20px;border-top-right-radius:20px;border-bottom-left-radius:20px;border-bottom-right-radius:20px;box-shadow:var(--wp--preset--shadow--sm)\">\n<div class=\"wp-block-column is-layout-flow wp-block-column-is-layout-flow\">\n<div class=\"wp-block-columns is-layout-flex wp-container-core-columns-is-layout-7e6e9c0c wp-block-columns-is-layout-flex\" style=\"border-top-left-radius:20px;border-top-right-radius:20px;border-bottom-left-radius:20px;border-bottom-right-radius:20px;padding-top:var(--wp--preset--spacing--md);padding-right:var(--wp--preset--spacing--md);padding-bottom:var(--wp--preset--spacing--md);padding-left:var(--wp--preset--spacing--md)\">\n<div class=\"wp-block-column is-layout-flow wp-block-column-is-layout-flow\" style=\"flex-basis:20%\">\n<figure class=\"wp-block-image size-full is-resized\"><img loading=\"lazy\" decoding=\"async\" width=\"807\" height=\"816\" src=\"https:\/\/merz-railservices.com\/wp-content\/uploads\/2025\/12\/Networking-1.png\" alt=\"\" class=\"wp-image-1609\" style=\"width:auto;height:80px\" srcset=\"https:\/\/merz-railservices.com\/wp-content\/uploads\/2025\/12\/Networking-1.png 807w, https:\/\/merz-railservices.com\/wp-content\/uploads\/2025\/12\/Networking-1-297x300.png 297w, https:\/\/merz-railservices.com\/wp-content\/uploads\/2025\/12\/Networking-1-768x777.png 768w, https:\/\/merz-railservices.com\/wp-content\/uploads\/2025\/12\/Networking-1-12x12.png 12w\" sizes=\"auto, (max-width: 807px) 100vw, 807px\" \/><\/figure>\n<\/div>\n\n\n\n<div class=\"wp-block-column is-layout-flow wp-block-column-is-layout-flow\" style=\"flex-basis:80%\">\n<h2 class=\"wp-block-heading has-text-align-left has-success-color has-text-color has-link-color wp-elements-2249970a60411eb85d75bc25ad01d4c2\">Vernetzen wir uns<\/h2>\n\n\n\n<figure class=\"wp-block-image size-large is-resized\"><img loading=\"lazy\" decoding=\"async\" width=\"1024\" height=\"250\" src=\"http:\/\/merz-railservices.com\/wp-content\/uploads\/2025\/12\/LI-Logo-1024x250.png\" alt=\"\" class=\"wp-image-1294\" style=\"aspect-ratio:4.0964176049129986;width:185px;height:auto\" srcset=\"https:\/\/merz-railservices.com\/wp-content\/uploads\/2025\/12\/LI-Logo-1024x250.png 1024w, https:\/\/merz-railservices.com\/wp-content\/uploads\/2025\/12\/LI-Logo-300x73.png 300w, https:\/\/merz-railservices.com\/wp-content\/uploads\/2025\/12\/LI-Logo-768x187.png 768w, https:\/\/merz-railservices.com\/wp-content\/uploads\/2025\/12\/LI-Logo-1536x375.png 1536w, https:\/\/merz-railservices.com\/wp-content\/uploads\/2025\/12\/LI-Logo-2048x500.png 2048w, https:\/\/merz-railservices.com\/wp-content\/uploads\/2025\/12\/LI-Logo-18x4.png 18w\" sizes=\"auto, (max-width: 1024px) 100vw, 1024px\" \/><\/figure>\n\n\n\n<div class=\"wp-block-buttons is-layout-flex wp-block-buttons-is-layout-flex\">\n<div class=\"wp-block-button\"><a class=\"wp-block-button__link has-success-background-color has-background wp-element-button\" href=\"https:\/\/www.linkedin.com\/company\/merz-railservices-gmbh\" style=\"padding-top:var(--wp--preset--spacing--sm);padding-right:var(--wp--preset--spacing--sm);padding-bottom:var(--wp--preset--spacing--sm);padding-left:var(--wp--preset--spacing--sm)\" target=\"_blank\" rel=\"noreferrer noopener\">Merz RailServices<\/a><\/div>\n\n\n\n<div class=\"wp-block-button\"><a class=\"wp-block-button__link has-success-background-color has-background wp-element-button\" href=\"https:\/\/www.linkedin.com\/in\/matthias-merz\/\" style=\"padding-top:var(--wp--preset--spacing--sm);padding-right:var(--wp--preset--spacing--sm);padding-bottom:var(--wp--preset--spacing--sm);padding-left:var(--wp--preset--spacing--sm)\" target=\"_blank\" rel=\"noreferrer noopener\">Matthias Merz<\/a><\/div>\n<\/div>\n<\/div>\n<\/div>\n<\/div>\n\n\n\n<div class=\"wp-block-column is-layout-flow wp-block-column-is-layout-flow\" style=\"flex-basis:45%\">\n<figure class=\"wp-block-image size-large has-custom-border is-style-default wp-duotone-midnight\" style=\"margin-top:var(--wp--preset--spacing--md);margin-right:var(--wp--preset--spacing--md);margin-bottom:var(--wp--preset--spacing--md);margin-left:var(--wp--preset--spacing--md)\"><img loading=\"lazy\" decoding=\"async\" width=\"1024\" height=\"576\" src=\"https:\/\/merz-railservices.com\/wp-content\/uploads\/2025\/12\/shutterstock_2566279361-1024x576.jpg\" alt=\"\" class=\"wp-image-1310\" style=\"border-top-left-radius:20px;border-top-right-radius:20px;border-bottom-left-radius:20px;border-bottom-right-radius:20px\" srcset=\"https:\/\/merz-railservices.com\/wp-content\/uploads\/2025\/12\/shutterstock_2566279361-1024x576.jpg 1024w, https:\/\/merz-railservices.com\/wp-content\/uploads\/2025\/12\/shutterstock_2566279361-300x169.jpg 300w, https:\/\/merz-railservices.com\/wp-content\/uploads\/2025\/12\/shutterstock_2566279361-768x432.jpg 768w, https:\/\/merz-railservices.com\/wp-content\/uploads\/2025\/12\/shutterstock_2566279361-1536x864.jpg 1536w, https:\/\/merz-railservices.com\/wp-content\/uploads\/2025\/12\/shutterstock_2566279361-2048x1152.jpg 2048w, https:\/\/merz-railservices.com\/wp-content\/uploads\/2025\/12\/shutterstock_2566279361-18x10.jpg 18w\" sizes=\"auto, (max-width: 1024px) 100vw, 1024px\" \/><\/figure>\n<\/div>\n<\/div>\n","protected":false},"excerpt":{"rendered":"<p>Wir freuen uns auf Ihre Kontaktaufnahme Ob Fragen, W\u00fcnsche oder ein konkretes Anliegen, wir sind gerne f\u00fcr Sie da und unterst\u00fctzen Sie pers\u00f6nlich. Schreiben Sie uns direkt per E-Mail bzw. rufen Sie uns an. Wir freuen uns darauf, von Ihnen zu h\u00f6ren. Kontaktieren Sie uns Telefon: +43 664 2122820 E-Mail: Office@Merz-RailServices.com Vernetzen wir uns<\/p>\n","protected":false},"author":1,"featured_media":0,"parent":0,"menu_order":6,"comment_status":"closed","ping_status":"closed","template":"","meta":{"footnotes":""},"class_list":["post-63","page","type-page","status-publish","hentry"],"_links":{"self":[{"href":"https:\/\/merz-railservices.com\/de\/wp-json\/wp\/v2\/pages\/63","targetHints":{"allow":["GET"]}}],"collection":[{"href":"https:\/\/merz-railservices.com\/de\/wp-json\/wp\/v2\/pages"}],"about":[{"href":"https:\/\/merz-railservices.com\/de\/wp-json\/wp\/v2\/types\/page"}],"author":[{"embeddable":true,"href":"https:\/\/merz-railservices.com\/de\/wp-json\/wp\/v2\/users\/1"}],"replies":[{"embeddable":true,"href":"https:\/\/merz-railservices.com\/de\/wp-json\/wp\/v2\/comments?post=63"}],"version-history":[{"count":55,"href":"https:\/\/merz-railservices.com\/de\/wp-json\/wp\/v2\/pages\/63\/revisions"}],"predecessor-version":[{"id":1697,"href":"https:\/\/merz-railservices.com\/de\/wp-json\/wp\/v2\/pages\/63\/revisions\/1697"}],"wp:attachment":[{"href":"https:\/\/merz-railservices.com\/de\/wp-json\/wp\/v2\/media?parent=63"}],"curies":[{"name":"wp","href":"https:\/\/api.w.org\/{rel}","templated":true}]}}