{"id":9,"date":"2025-10-21T12:12:04","date_gmt":"2025-10-21T10:12:04","guid":{"rendered":"http:\/\/merz-railservices.com\/?page_id=9"},"modified":"2026-01-01T16:05:02","modified_gmt":"2026-01-01T15:05:02","slug":"unternehmen","status":"publish","type":"page","link":"https:\/\/merz-railservices.com\/de\/unternehmen\/","title":{"rendered":"Unternehmen"},"content":{"rendered":"\n<figure class=\"wp-block-image size-large is-resized\"><img loading=\"lazy\" decoding=\"async\" width=\"1024\" height=\"410\" src=\"http:\/\/merz-railservices.com\/wp-content\/uploads\/2025\/12\/Unternehmen_Banner-1024x410.jpg\" alt=\"\" class=\"wp-image-1433\" style=\"width:1090px;height:auto\" srcset=\"https:\/\/merz-railservices.com\/wp-content\/uploads\/2025\/12\/Unternehmen_Banner-1024x410.jpg 1024w, https:\/\/merz-railservices.com\/wp-content\/uploads\/2025\/12\/Unternehmen_Banner-300x120.jpg 300w, https:\/\/merz-railservices.com\/wp-content\/uploads\/2025\/12\/Unternehmen_Banner-768x307.jpg 768w, https:\/\/merz-railservices.com\/wp-content\/uploads\/2025\/12\/Unternehmen_Banner-18x7.jpg 18w, https:\/\/merz-railservices.com\/wp-content\/uploads\/2025\/12\/Unternehmen_Banner.jpg 1180w\" sizes=\"auto, (max-width: 1024px) 100vw, 1024px\" \/><\/figure>\n\n\n\n<div style=\"height:50px\" aria-hidden=\"true\" class=\"wp-block-spacer\"><\/div>\n\n\n\n<h1 class=\"wp-block-heading has-success-color has-text-color has-link-color wp-elements-16a283e5e884f6b7ad6894bbb8ee4202\"><strong>\u00dcber Merz RailServices<\/strong><\/h1>\n\n\n\n<div class=\"wp-block-columns is-layout-flex wp-container-core-columns-is-layout-28f84493 wp-block-columns-is-layout-flex\">\n<div class=\"wp-block-column is-layout-flow wp-block-column-is-layout-flow\" style=\"flex-basis:66.66%\">\n<p class=\"has-small-font-size\">Merz RailServices GmbH leistet einen aktiven Beitrag zu einer sicheren, klimafreundlichen und verl\u00e4sslichen Schienenmobilit\u00e4t. Mit technischer Kompetenz, Verantwortung und partnerschaftlichem Engagement sorgen wir daf\u00fcr, dass Z\u00fcge zuverl\u00e4ssig im Einsatz bleiben.<\/p>\n\n\n\n<p>Als unabh\u00e4ngiger Servicepartner unterst\u00fctzen wir Wartungswerkst\u00e4tten und Hersteller in ganz Europa mit technischem Service, Beratung und intelligenter Ersatzteillogistik. Unser Ziel ist es, Stillstandszeiten zu minimieren und die Verf\u00fcgbarkeit von Fahrzeugflotten nachhaltig zu sichern.<\/p>\n\n\n\n<p>Unser Leistungsschwerpunkt liegt in der Schienenfahrzeug-, Bahn- und K\u00e4lteanlagentechnik sowie der Mechatronik. Dabei stehen motiviertes Handeln, Eigenverantwortung, Respekt und Zuverl\u00e4ssigkeit f\u00fcr uns im Mittelpunkt.<\/p>\n\n\n\n<p class=\"has-small-font-size\">Gegr\u00fcndet im Oktober 2025 von Matthias Merz, einem Branchenexperten mit \u00fcber 27 Jahren Erfahrung im europ\u00e4ischen Bahnsektor, bieten wir herstellerunabh\u00e4ngige L\u00f6sungen \u00fcber den gesamten Lebenszyklus von Schienenfahrzeugen \u2013 effizient, kundennah und zukunftsorientiert.<\/p>\n<\/div>\n\n\n\n<div class=\"wp-block-column is-layout-flow wp-block-column-is-layout-flow\" style=\"flex-basis:33.33%\">\n<figure class=\"wp-block-image size-large\"><img loading=\"lazy\" decoding=\"async\" width=\"682\" height=\"1024\" src=\"https:\/\/merz-railservices.com\/wp-content\/uploads\/2025\/12\/shutterstock_73433653-3x2-1-682x1024.jpg\" alt=\"\" class=\"wp-image-1437\" srcset=\"https:\/\/merz-railservices.com\/wp-content\/uploads\/2025\/12\/shutterstock_73433653-3x2-1-682x1024.jpg 682w, https:\/\/merz-railservices.com\/wp-content\/uploads\/2025\/12\/shutterstock_73433653-3x2-1-200x300.jpg 200w, https:\/\/merz-railservices.com\/wp-content\/uploads\/2025\/12\/shutterstock_73433653-3x2-1-768x1153.jpg 768w, https:\/\/merz-railservices.com\/wp-content\/uploads\/2025\/12\/shutterstock_73433653-3x2-1-1023x1536.jpg 1023w, https:\/\/merz-railservices.com\/wp-content\/uploads\/2025\/12\/shutterstock_73433653-3x2-1-1364x2048.jpg 1364w, https:\/\/merz-railservices.com\/wp-content\/uploads\/2025\/12\/shutterstock_73433653-3x2-1-8x12.jpg 8w, https:\/\/merz-railservices.com\/wp-content\/uploads\/2025\/12\/shutterstock_73433653-3x2-1-scaled.jpg 1705w\" sizes=\"auto, (max-width: 682px) 100vw, 682px\" \/><\/figure>\n<\/div>\n<\/div>\n\n\n\n<div style=\"height:100px\" aria-hidden=\"true\" class=\"wp-block-spacer\"><\/div>\n\n\n\n<h2 class=\"wp-block-heading\">Gesch\u00e4ftsf\u00fchrung<\/h2>\n\n\n\n<div class=\"wp-block-columns is-layout-flex wp-container-core-columns-is-layout-c5697315 wp-block-columns-is-layout-flex\" style=\"border-style:none;border-width:0px;border-top-left-radius:20px;border-top-right-radius:20px;border-bottom-left-radius:20px;border-bottom-right-radius:20px;padding-top:var(--wp--preset--spacing--sm);padding-right:var(--wp--preset--spacing--sm);padding-bottom:var(--wp--preset--spacing--sm);padding-left:var(--wp--preset--spacing--sm);box-shadow:var(--wp--preset--shadow--sm)\">\n<div class=\"wp-block-column is-layout-flow wp-block-column-is-layout-flow\">\n<h3 class=\"wp-block-heading\">Ing. Mag. (FH) <br><strong>Matthias Merz<\/strong><\/h3>\n\n\n\n<figure class=\"wp-block-image size-large\"><img loading=\"lazy\" decoding=\"async\" width=\"683\" height=\"1024\" src=\"http:\/\/merz-railservices.com\/wp-content\/uploads\/2025\/10\/000_PicturePeople-SCS-1_1761226714550-683x1024.jpg\" alt=\"\" class=\"wp-image-125\" srcset=\"https:\/\/merz-railservices.com\/wp-content\/uploads\/2025\/10\/000_PicturePeople-SCS-1_1761226714550-683x1024.jpg 683w, https:\/\/merz-railservices.com\/wp-content\/uploads\/2025\/10\/000_PicturePeople-SCS-1_1761226714550-200x300.jpg 200w, https:\/\/merz-railservices.com\/wp-content\/uploads\/2025\/10\/000_PicturePeople-SCS-1_1761226714550-768x1152.jpg 768w, https:\/\/merz-railservices.com\/wp-content\/uploads\/2025\/10\/000_PicturePeople-SCS-1_1761226714550-1024x1536.jpg 1024w, https:\/\/merz-railservices.com\/wp-content\/uploads\/2025\/10\/000_PicturePeople-SCS-1_1761226714550-1365x2048.jpg 1365w, https:\/\/merz-railservices.com\/wp-content\/uploads\/2025\/10\/000_PicturePeople-SCS-1_1761226714550-100x150.jpg 100w, https:\/\/merz-railservices.com\/wp-content\/uploads\/2025\/10\/000_PicturePeople-SCS-1_1761226714550-150x225.jpg 150w, https:\/\/merz-railservices.com\/wp-content\/uploads\/2025\/10\/000_PicturePeople-SCS-1_1761226714550-300x450.jpg 300w, https:\/\/merz-railservices.com\/wp-content\/uploads\/2025\/10\/000_PicturePeople-SCS-1_1761226714550-450x675.jpg 450w, https:\/\/merz-railservices.com\/wp-content\/uploads\/2025\/10\/000_PicturePeople-SCS-1_1761226714550-600x900.jpg 600w, https:\/\/merz-railservices.com\/wp-content\/uploads\/2025\/10\/000_PicturePeople-SCS-1_1761226714550-900x1350.jpg 900w, https:\/\/merz-railservices.com\/wp-content\/uploads\/2025\/10\/000_PicturePeople-SCS-1_1761226714550-scaled.jpg 1707w\" sizes=\"auto, (max-width: 683px) 100vw, 683px\" \/><\/figure>\n\n\n\n<div class=\"wp-block-columns is-layout-flex wp-container-core-columns-is-layout-28f84493 wp-block-columns-is-layout-flex\">\n<div class=\"wp-block-column is-layout-flow wp-block-column-is-layout-flow\"><\/div>\n<\/div>\n<\/div>\n\n\n\n<div class=\"wp-block-column is-layout-flow wp-block-column-is-layout-flow\">\n<h4 class=\"wp-block-heading\">Erfahrung aus \u00fcber 27 Jahren im Bahnservice und Schienenfahrzeug-Support<\/h4>\n\n\n\n<p>Matthias Merz verf\u00fcgt \u00fcber mehr als 27 Jahre Erfahrung im Customer Service, After-Sales und technischen Service von Schienenfahrzeugen. Er arbeitete erfolgreich mit Bahnbetreibern im DACH-Raum, f\u00fchrenden europ\u00e4ischen OEMs sowie System- und Komponentenlieferanten zusammen.<\/p>\n\n\n\n<div style=\"height:25px\" aria-hidden=\"true\" class=\"wp-block-spacer\"><\/div>\n\n\n\n<h4 class=\"wp-block-heading\">Berufliche Schwerpunkte:<\/h4>\n\n\n\n<div class=\"wp-block-group is-layout-constrained wp-block-group-is-layout-constrained\">\n<ul class=\"wp-block-list\">\n<li>Langj\u00e4hrige Verantwortung im Ersatzteilverkauf, in Logistik und Distributionssteuerung<\/li>\n\n\n\n<li>Umfangreiche Erfahrung in Gesch\u00e4ftsf\u00fchrung und Unternehmensleitung<\/li>\n\n\n\n<li>Serviceleitung im Field Service und technischen Support \u00fcber viele Jahre<\/li>\n<\/ul>\n<\/div>\n<\/div>\n\n\n\n<div class=\"wp-block-column is-layout-flow wp-block-column-is-layout-flow\">\n<h4 class=\"wp-block-heading\">Arbeitsweise &amp; Anspruch<\/h4>\n\n\n\n<ul class=\"wp-block-list\">\n<li>Kundennahes, l\u00f6sungsorientiertes Vorgehen<\/li>\n\n\n\n<li>Analytische und strategische Kompetenz bei technischen Fragestellungen<\/li>\n\n\n\n<li>Fokus auf verl\u00e4ssliche Ergebnisse und nachhaltige Servicequalit\u00e4t<\/li>\n<\/ul>\n\n\n\n<p>Diese Arbeitsweise pr\u00e4gt Merz RailServices \u2013 f\u00fcr Sicherheit, Qualit\u00e4t und partnerschaftliche Zusammenarbeit im Schienenverkehr.<\/p>\n\n\n\n<div style=\"height:25px\" aria-hidden=\"true\" class=\"wp-block-spacer\"><\/div>\n\n\n\n<h4 class=\"wp-block-heading\">Kontakt<\/h4>\n\n\n\n<p class=\"has-lato-font-family has-small-font-size\">Matthias.Merz@Merz-RailServices.com<br>+43 664 2122820<\/p>\n\n\n\n<div class=\"wp-block-buttons has-custom-font-size has-xsmall-font-size is-layout-flex wp-block-buttons-is-layout-flex\">\n<div class=\"wp-block-button is-style-fill\"><a class=\"wp-block-button__link has-success-background-color has-background wp-element-button\" href=\"mailto:Matthias.Merz@Merz-RailServices.com\" style=\"border-top-left-radius:10px;border-top-right-radius:10px;border-bottom-left-radius:10px;border-bottom-right-radius:10px;padding-top:var(--wp--preset--spacing--sm);padding-right:var(--wp--preset--spacing--sm);padding-bottom:var(--wp--preset--spacing--sm);padding-left:var(--wp--preset--spacing--sm)\">E-Mail<\/a><\/div>\n<\/div>\n<\/div>\n<\/div>\n\n\n\n<div style=\"height:100px\" aria-hidden=\"true\" class=\"wp-block-spacer\"><\/div>\n\n\n\n<h2 class=\"wp-block-heading\">Aktuelles von Merz RailServices auf LinkedIn<\/h2>\n\n\n\n<div class=\"wp-block-columns is-layout-flex wp-container-core-columns-is-layout-28f84493 wp-block-columns-is-layout-flex\" style=\"border-top-left-radius:20px;border-top-right-radius:20px;border-bottom-left-radius:20px;border-bottom-right-radius:20px;box-shadow:var(--wp--preset--shadow--sm)\">\n<div class=\"wp-block-column is-layout-flow wp-block-column-is-layout-flow\">\n<div class=\"wp-block-columns is-layout-flex wp-container-core-columns-is-layout-7e6e9c0c wp-block-columns-is-layout-flex\" style=\"border-top-left-radius:20px;border-top-right-radius:20px;border-bottom-left-radius:20px;border-bottom-right-radius:20px;padding-top:var(--wp--preset--spacing--md);padding-right:var(--wp--preset--spacing--md);padding-bottom:var(--wp--preset--spacing--md);padding-left:var(--wp--preset--spacing--md)\">\n<div class=\"wp-block-column is-layout-flow wp-block-column-is-layout-flow\" style=\"flex-basis:100%\">\n<figure class=\"wp-block-image size-large is-resized\"><img loading=\"lazy\" decoding=\"async\" width=\"1024\" height=\"250\" src=\"http:\/\/merz-railservices.com\/wp-content\/uploads\/2025\/12\/LI-Logo-1024x250.png\" alt=\"\" class=\"wp-image-1294\" style=\"aspect-ratio:4.0964176049129986;width:185px;height:auto\" srcset=\"https:\/\/merz-railservices.com\/wp-content\/uploads\/2025\/12\/LI-Logo-1024x250.png 1024w, https:\/\/merz-railservices.com\/wp-content\/uploads\/2025\/12\/LI-Logo-300x73.png 300w, https:\/\/merz-railservices.com\/wp-content\/uploads\/2025\/12\/LI-Logo-768x187.png 768w, https:\/\/merz-railservices.com\/wp-content\/uploads\/2025\/12\/LI-Logo-1536x375.png 1536w, https:\/\/merz-railservices.com\/wp-content\/uploads\/2025\/12\/LI-Logo-2048x500.png 2048w, https:\/\/merz-railservices.com\/wp-content\/uploads\/2025\/12\/LI-Logo-18x4.png 18w\" sizes=\"auto, (max-width: 1024px) 100vw, 1024px\" \/><\/figure>\n\n\n\n<div class=\"wp-block-buttons is-layout-flex wp-block-buttons-is-layout-flex\">\n<div class=\"wp-block-button is-style-fill\"><a class=\"wp-block-button__link has-success-background-color has-background wp-element-button\" href=\"https:\/\/www.linkedin.com\/in\/matthias-merz\/recent-activity\/all\/\" style=\"border-top-left-radius:10px;border-top-right-radius:10px;border-bottom-left-radius:10px;border-bottom-right-radius:10px;padding-top:var(--wp--preset--spacing--sm);padding-right:var(--wp--preset--spacing--sm);padding-bottom:var(--wp--preset--spacing--sm);padding-left:var(--wp--preset--spacing--sm)\" target=\"_blank\" rel=\"noreferrer noopener\">Matthias Merz<\/a><\/div>\n\n\n\n<div class=\"wp-block-button\"><a class=\"wp-block-button__link has-success-background-color has-background wp-element-button\" href=\"https:\/\/www.linkedin.com\/company\/merz-railservices-gmbh\/posts\/\" style=\"border-top-left-radius:10px;border-top-right-radius:10px;border-bottom-left-radius:10px;border-bottom-right-radius:10px;padding-top:var(--wp--preset--spacing--sm);padding-right:var(--wp--preset--spacing--sm);padding-bottom:var(--wp--preset--spacing--sm);padding-left:var(--wp--preset--spacing--sm)\" target=\"_blank\" rel=\"noreferrer noopener\">Merz RailServices<\/a><\/div>\n<\/div>\n<\/div>\n<\/div>\n<\/div>\n\n\n\n<div class=\"wp-block-column is-layout-flow wp-block-column-is-layout-flow\">\n<figure class=\"wp-block-image size-large has-custom-border\"><img loading=\"lazy\" decoding=\"async\" width=\"1024\" height=\"576\" src=\"https:\/\/merz-railservices.com\/wp-content\/uploads\/2025\/12\/shutterstock_2259184483-1024x576.jpg\" alt=\"\" class=\"wp-image-1438\" style=\"border-top-left-radius:20px;border-top-right-radius:20px;border-bottom-left-radius:20px;border-bottom-right-radius:20px\" srcset=\"https:\/\/merz-railservices.com\/wp-content\/uploads\/2025\/12\/shutterstock_2259184483-1024x576.jpg 1024w, https:\/\/merz-railservices.com\/wp-content\/uploads\/2025\/12\/shutterstock_2259184483-300x169.jpg 300w, https:\/\/merz-railservices.com\/wp-content\/uploads\/2025\/12\/shutterstock_2259184483-768x432.jpg 768w, https:\/\/merz-railservices.com\/wp-content\/uploads\/2025\/12\/shutterstock_2259184483-1536x864.jpg 1536w, https:\/\/merz-railservices.com\/wp-content\/uploads\/2025\/12\/shutterstock_2259184483-2048x1152.jpg 2048w, https:\/\/merz-railservices.com\/wp-content\/uploads\/2025\/12\/shutterstock_2259184483-18x10.jpg 18w\" sizes=\"auto, (max-width: 1024px) 100vw, 1024px\" \/><\/figure>\n<\/div>\n<\/div>\n\n\n\n<div style=\"height:100px\" aria-hidden=\"true\" class=\"wp-block-spacer\"><\/div>\n\n\n\n<h2 class=\"wp-block-heading\">Unser Leitbild<\/h2>\n\n\n\n<h3 class=\"wp-block-heading\">Servicekompetenz, die Verf\u00fcgbarkeit schafft<\/h3>\n\n\n\n<p>Unser Leitbild beschreibt, was uns antreibt, wohin wir wollen und wie wir als unabh\u00e4ngiger Servicepartner f\u00fcr Schienenfahrzeuge handeln. Es bildet die Grundlage daf\u00fcr, dass wir mit unseren Leistungen zu einer sicheren, nachhaltigen und verl\u00e4sslichen Schienenmobilit\u00e4t beitragen.<\/p>\n\n\n\n<div style=\"height:25px\" aria-hidden=\"true\" class=\"wp-block-spacer\"><\/div>\n\n\n\n<div class=\"wp-block-columns is-layout-flex wp-container-core-columns-is-layout-28f84493 wp-block-columns-is-layout-flex\">\n<div class=\"wp-block-column is-layout-flow wp-block-column-is-layout-flow\" style=\"border-style:none;border-width:0px;border-top-left-radius:0px;border-top-right-radius:0px;border-bottom-left-radius:0px;border-bottom-right-radius:0px;padding-top:0;padding-right:0;padding-bottom:0;padding-left:0\">\n<h3 class=\"wp-block-heading\">Purpose<\/h3>\n\n\n\n<div class=\"wp-block-cover is-light has-custom-content-position is-position-top-left\" style=\"border-top-left-radius:20px;border-top-right-radius:20px;border-bottom-left-radius:20px;border-bottom-right-radius:20px;box-shadow:var(--wp--preset--shadow--sm);min-height:632px;aspect-ratio:unset;\"><span aria-hidden=\"true\" class=\"wp-block-cover__background has-success-background-color has-background-dim-10 has-background-dim\"><\/span><div class=\"wp-block-cover__inner-container is-layout-flow wp-block-cover-is-layout-flow\">\n<h4 class=\"wp-block-heading has-black-color has-text-color has-link-color wp-elements-d62c80a6f434e5ed7570e507ca73636b\" id=\"block-cb4daeca-cb2c-48ba-af52-222a7884d405\">Warum wir tun, was wir tun<\/h4>\n\n\n\n<p id=\"block-bd1265e9-4796-48d9-b4b7-1012157a3c3f\">Wir leisten einen aktiven Beitrag zu einer Welt, in der Schienenmobilit\u00e4t sicher, klimafreundlich und verl\u00e4sslich funktioniert \u2013 f\u00fcr die Gesellschaft von heute und morgen.<\/p>\n\n\n\n<p id=\"block-0e0f749d-6afe-4a1c-819d-affa273e959d\">Mit technischer Kompetenz, Verantwortung und partnerschaftlichem Engagement halten wir Z\u00fcge in Bewegung und Mobilit\u00e4t am Laufen.<\/p>\n<\/div><\/div>\n<\/div>\n\n\n\n<div class=\"wp-block-column is-layout-flow wp-block-column-is-layout-flow\" style=\"border-style:none;border-width:0px;border-top-left-radius:0px;border-top-right-radius:0px;border-bottom-left-radius:0px;border-bottom-right-radius:0px;padding-top:0;padding-right:0;padding-bottom:0;padding-left:0\">\n<h3 class=\"wp-block-heading\">Vision<\/h3>\n\n\n\n<div class=\"wp-block-cover is-light has-custom-content-position is-position-top-left\" style=\"border-top-left-radius:20px;border-top-right-radius:20px;border-bottom-left-radius:20px;border-bottom-right-radius:20px;box-shadow:var(--wp--preset--shadow--sm);min-height:632px;aspect-ratio:unset;\"><span aria-hidden=\"true\" class=\"wp-block-cover__background has-custom-merz-grau-background-color has-background-dim-10 has-background-dim\"><\/span><div class=\"wp-block-cover__inner-container is-layout-flow wp-block-cover-is-layout-flow\">\n<h4 class=\"wp-block-heading has-black-color has-text-color has-link-color wp-elements-b2bd289fd1360434808275d119d83af4\" id=\"block-cb4daeca-cb2c-48ba-af52-222a7884d405\">Wohin wir wollen<\/h4>\n\n\n\n<p id=\"block-bd1265e9-4796-48d9-b4b7-1012157a3c3f\">Gemeinsam gestalten wir eine Zukunft nachhaltiger Mobilit\u00e4t, in der Z\u00fcge jederzeit zuverl\u00e4ssig, p\u00fcnktlich und sicher unterwegs sind.<\/p>\n<\/div><\/div>\n<\/div>\n\n\n\n<div class=\"wp-block-column is-layout-flow wp-block-column-is-layout-flow\">\n<h3 class=\"wp-block-heading\">Mission<\/h3>\n\n\n\n<div class=\"wp-block-cover is-light has-custom-content-position is-position-top-left\" style=\"border-top-left-radius:20px;border-top-right-radius:20px;border-bottom-left-radius:20px;border-bottom-right-radius:20px;box-shadow:var(--wp--preset--shadow--sm);min-height:632px;aspect-ratio:unset;\"><span aria-hidden=\"true\" class=\"wp-block-cover__background has-success-background-color has-background-dim-10 has-background-dim\"><\/span><div class=\"wp-block-cover__inner-container is-layout-flow wp-block-cover-is-layout-flow\">\n<h4 class=\"wp-block-heading has-black-color has-text-color has-link-color wp-elements-d617392ed95eb82254cac36541071413\" id=\"block-cb4daeca-cb2c-48ba-af52-222a7884d405\">Was wir tun<\/h4>\n\n\n\n<p id=\"block-bd1265e9-4796-48d9-b4b7-1012157a3c3f\">Wir unterst\u00fctzen Wartungswerkst\u00e4tten, Bahnbetreiber, Fahrzeug- und Komponentenhersteller in ganz Europa mit:<\/p>\n\n\n\n<ul class=\"wp-block-list\">\n<li>Beratung &amp; Analyse<\/li>\n\n\n\n<li>datenbasierter Optimierung von Service- und Instandhaltungsprozessen<\/li>\n\n\n\n<li>intelligenter Ersatzteillogistik<\/li>\n\n\n\n<li>technischem Service &amp; Probleml\u00f6sung vor Ort<\/li>\n<\/ul>\n\n\n\n<p id=\"block-0e0f749d-6afe-4a1c-819d-affa273e959d\">Unser Ziel: Stillstandszeiten minimieren, Probleme schnell l\u00f6sen und die Verf\u00fcgbarkeit von Schienenfahrzeugen nachhaltig sichern.<\/p>\n<\/div><\/div>\n<\/div>\n<\/div>\n\n\n\n<div style=\"height:100px\" aria-hidden=\"true\" class=\"wp-block-spacer\"><\/div>\n\n\n\n<h3 class=\"wp-block-heading\" id=\"Werte\">Werte &#8211; Woran wir glauben<\/h3>\n\n\n\n<div class=\"wp-block-columns has-border-color has-success-border-color has-primary-color has-text-color has-link-color wp-elements-30f19aef815347073307093e2d31da9e is-layout-flex wp-container-core-columns-is-layout-f28a13b4 wp-block-columns-is-layout-flex\" style=\"border-width:2px;border-top-left-radius:20px;border-top-right-radius:20px;border-bottom-left-radius:20px;border-bottom-right-radius:20px;padding-top:var(--wp--preset--spacing--sm);padding-right:var(--wp--preset--spacing--xs);padding-bottom:var(--wp--preset--spacing--sm);padding-left:var(--wp--preset--spacing--xs);box-shadow:6px 6px 9px rgba(0, 0, 0, 0.2)\">\n<div class=\"wp-block-column is-layout-flow wp-block-column-is-layout-flow\">\n<h4 class=\"wp-block-heading has-success-color has-text-color has-link-color wp-elements-c2e2e82e008e84ac0b6445e7717cc3de\"><strong><mark style=\"background-color:rgba(0, 0, 0, 0)\" class=\"has-inline-color has-custom-merz-grau-color\">M<\/mark><\/strong>otiviert<\/h4>\n\n\n\n<p>Wir handeln mit Begeisterung, Tatkraft und dem Anspruch, jeden Tag unser Bestes zu geben. Unser Antrieb ist es, Mobilit\u00e4t zuverl\u00e4ssig, effizient und nachhaltig zu gestalten.<\/p>\n<\/div>\n\n\n\n<div class=\"wp-block-column is-layout-flow wp-block-column-is-layout-flow\">\n<h4 class=\"wp-block-heading has-success-color has-text-color has-link-color wp-elements-3498807f2cb33a5003230baf5531022f\"><strong><mark style=\"background-color:rgba(0, 0, 0, 0)\" class=\"has-inline-color has-custom-merz-grau-color\">E<\/mark><\/strong>igenverantwortlich<\/h4>\n\n\n\n<p>Wir \u00fcbernehmen Verantwortung, denken unternehmerisch und gestalten aktiv mit. Durch Initiative und Identifikation mit unseren Aufgaben leisten wir einen engagierten Beitrag zum gemeinsamen Erfolg.<\/p>\n<\/div>\n\n\n\n<div class=\"wp-block-column is-layout-flow wp-block-column-is-layout-flow\">\n<h4 class=\"wp-block-heading has-success-color has-text-color has-link-color wp-elements-c4f46245c9eb040fe264765bbf8140b0\"><strong><mark style=\"background-color:rgba(0, 0, 0, 0)\" class=\"has-inline-color has-custom-merz-grau-color\">R<\/mark><\/strong>espektvoll<\/h4>\n\n\n\n<p>Wir begegnen anderen mit Wertsch\u00e4tzung, h\u00f6ren aktiv zu und respektieren unterschiedliche Perspektiven und Hintergr\u00fcnde. Fairness, Transparenz und Handeln auf Augenh\u00f6he pr\u00e4gen unsere Zusammenarbeit, intern wie extern.<\/p>\n<\/div>\n\n\n\n<div class=\"wp-block-column is-layout-flow wp-block-column-is-layout-flow\">\n<h4 class=\"wp-block-heading has-success-color has-text-color has-link-color wp-elements-9cdcd2335fd936136c606e3c8e3fe6cc\"><strong><mark style=\"background-color:rgba(0, 0, 0, 0)\" class=\"has-inline-color has-custom-merz-grau-color\">Z<\/mark><\/strong>uverl\u00e4ssig<\/h4>\n\n\n\n<p>Wir stehen f\u00fcr Verbindlichkeit, Qualit\u00e4t und Konsequenz. Durch vorausschauendes Handeln und kontinuierliche Verbesserung schaffen wir Vertrauen damit sich unsere Kunden und Partner jederzeit auf uns verlassen k\u00f6nnen.<\/p>\n<\/div>\n<\/div>\n","protected":false},"excerpt":{"rendered":"<p>\u00dcber Merz RailServices Merz RailServices GmbH leistet einen aktiven Beitrag zu einer sicheren, klimafreundlichen und verl\u00e4sslichen Schienenmobilit\u00e4t. Mit technischer Kompetenz, Verantwortung und partnerschaftlichem Engagement sorgen wir daf\u00fcr, dass Z\u00fcge zuverl\u00e4ssig im Einsatz bleiben. Als unabh\u00e4ngiger Servicepartner unterst\u00fctzen wir Wartungswerkst\u00e4tten und Hersteller in ganz Europa mit technischem Service, Beratung und intelligenter Ersatzteillogistik. Unser Ziel ist es, [&hellip;]<\/p>\n","protected":false},"author":1,"featured_media":0,"parent":0,"menu_order":2,"comment_status":"closed","ping_status":"closed","template":"","meta":{"footnotes":""},"class_list":["post-9","page","type-page","status-publish","hentry"],"_links":{"self":[{"href":"https:\/\/merz-railservices.com\/de\/wp-json\/wp\/v2\/pages\/9","targetHints":{"allow":["GET"]}}],"collection":[{"href":"https:\/\/merz-railservices.com\/de\/wp-json\/wp\/v2\/pages"}],"about":[{"href":"https:\/\/merz-railservices.com\/de\/wp-json\/wp\/v2\/types\/page"}],"author":[{"embeddable":true,"href":"https:\/\/merz-railservices.com\/de\/wp-json\/wp\/v2\/users\/1"}],"replies":[{"embeddable":true,"href":"https:\/\/merz-railservices.com\/de\/wp-json\/wp\/v2\/comments?post=9"}],"version-history":[{"count":64,"href":"https:\/\/merz-railservices.com\/de\/wp-json\/wp\/v2\/pages\/9\/revisions"}],"predecessor-version":[{"id":1500,"href":"https:\/\/merz-railservices.com\/de\/wp-json\/wp\/v2\/pages\/9\/revisions\/1500"}],"wp:attachment":[{"href":"https:\/\/merz-railservices.com\/de\/wp-json\/wp\/v2\/media?parent=9"}],"curies":[{"name":"wp","href":"https:\/\/api.w.org\/{rel}","templated":true}]}}