{"id":22,"date":"2025-10-14T11:16:52","date_gmt":"2025-10-14T09:16:52","guid":{"rendered":"http:\/\/merz-railservices.com\/?page_id=22"},"modified":"2026-01-01T16:04:56","modified_gmt":"2026-01-01T15:04:56","slug":"22-2","status":"publish","type":"page","link":"https:\/\/merz-railservices.com\/en\/","title":{"rendered":"Merz RailServices"},"content":{"rendered":"<figure class=\"wp-block-image size-large\"><img loading=\"lazy\" decoding=\"async\" width=\"1024\" height=\"409\" src=\"http:\/\/merz-railservices.com\/wp-content\/uploads\/2025\/12\/Start-1024x409.png\" alt=\"\" class=\"wp-image-1700\" srcset=\"https:\/\/merz-railservices.com\/wp-content\/uploads\/2025\/12\/Start-1024x409.png 1024w, https:\/\/merz-railservices.com\/wp-content\/uploads\/2025\/12\/Start-300x120.png 300w, https:\/\/merz-railservices.com\/wp-content\/uploads\/2025\/12\/Start-768x307.png 768w, https:\/\/merz-railservices.com\/wp-content\/uploads\/2025\/12\/Start-18x7.png 18w, https:\/\/merz-railservices.com\/wp-content\/uploads\/2025\/12\/Start.png 1472w\" sizes=\"auto, (max-width: 1024px) 100vw, 1024px\" \/><\/figure>\n\n\n\n<div style=\"height:50px\" aria-hidden=\"true\" class=\"wp-block-spacer\"><\/div>\n\n\n\n<h1 class=\"wp-block-heading has-success-color has-text-color has-link-color wp-elements-48f951399166d7177b0a287d584d0f97\"><strong>Service and spare parts management for rail vehicles<\/strong><\/h1>\n\n\n\n<div class=\"wp-block-columns is-layout-flex wp-container-core-columns-is-layout-28f84493 wp-block-columns-is-layout-flex\">\n<div class=\"wp-block-column is-layout-flow wp-block-column-is-layout-flow\" style=\"flex-basis:66.66%\">\n<p class=\"has-button-hover-color-color has-text-color has-link-color wp-elements-34073d82a0fc0909c0c74e0815ad9db4\">Merz RailServices GmbH is an independent service provider offering technical services, systematic troubleshooting and spare parts management for rail vehicles.<\/p>\n\n\n\n<p class=\"has-button-hover-color-color has-text-color has-link-color wp-elements-1b28542155523cb38717d1e1fb3e608f\">Rail operators, maintenance workshops and manufacturers count on us when it comes to troubleshooting and reducing downtime. We combine technical expertise, structured analysis and a reliable supply of spare parts. Our focus is on practical solutions during ongoing operations.<\/p>\n<\/div>\n\n\n\n<div class=\"wp-block-column is-layout-flow wp-block-column-is-layout-flow\" style=\"flex-basis:33.33%\"><\/div>\n<\/div>\n\n\n\n<div style=\"height:100px\" aria-hidden=\"true\" class=\"wp-block-spacer\"><\/div>\n\n\n\n<div class=\"wp-block-columns is-layout-flex wp-container-core-columns-is-layout-28f84493 wp-block-columns-is-layout-flex\">\n<div class=\"wp-block-column is-layout-flow wp-block-column-is-layout-flow\" style=\"flex-basis:34%\">\n<figure class=\"wp-block-image size-full is-resized has-custom-border wp-duotone-unset-1\"><img loading=\"lazy\" decoding=\"async\" width=\"1707\" height=\"2560\" src=\"http:\/\/merz-railservices.com\/wp-content\/uploads\/2025\/10\/000_PicturePeople-SCS-1_1761226714550-scaled.jpg\" alt=\"\" class=\"wp-image-125\" style=\"border-top-left-radius:10px;border-top-right-radius:10px;border-bottom-left-radius:10px;border-bottom-right-radius:10px;box-shadow:var(--wp--preset--shadow--sm);aspect-ratio:0.6668008163969299;width:304px;height:auto\" srcset=\"https:\/\/merz-railservices.com\/wp-content\/uploads\/2025\/10\/000_PicturePeople-SCS-1_1761226714550-scaled.jpg 1707w, https:\/\/merz-railservices.com\/wp-content\/uploads\/2025\/10\/000_PicturePeople-SCS-1_1761226714550-200x300.jpg 200w, https:\/\/merz-railservices.com\/wp-content\/uploads\/2025\/10\/000_PicturePeople-SCS-1_1761226714550-683x1024.jpg 683w, https:\/\/merz-railservices.com\/wp-content\/uploads\/2025\/10\/000_PicturePeople-SCS-1_1761226714550-768x1152.jpg 768w, https:\/\/merz-railservices.com\/wp-content\/uploads\/2025\/10\/000_PicturePeople-SCS-1_1761226714550-1024x1536.jpg 1024w, https:\/\/merz-railservices.com\/wp-content\/uploads\/2025\/10\/000_PicturePeople-SCS-1_1761226714550-1365x2048.jpg 1365w, https:\/\/merz-railservices.com\/wp-content\/uploads\/2025\/10\/000_PicturePeople-SCS-1_1761226714550-100x150.jpg 100w, https:\/\/merz-railservices.com\/wp-content\/uploads\/2025\/10\/000_PicturePeople-SCS-1_1761226714550-150x225.jpg 150w, https:\/\/merz-railservices.com\/wp-content\/uploads\/2025\/10\/000_PicturePeople-SCS-1_1761226714550-300x450.jpg 300w, https:\/\/merz-railservices.com\/wp-content\/uploads\/2025\/10\/000_PicturePeople-SCS-1_1761226714550-450x675.jpg 450w, https:\/\/merz-railservices.com\/wp-content\/uploads\/2025\/10\/000_PicturePeople-SCS-1_1761226714550-600x900.jpg 600w, https:\/\/merz-railservices.com\/wp-content\/uploads\/2025\/10\/000_PicturePeople-SCS-1_1761226714550-900x1350.jpg 900w\" sizes=\"auto, (max-width: 1707px) 100vw, 1707px\" \/><\/figure>\n<\/div>\n\n\n\n<div class=\"wp-block-column is-layout-flow wp-block-column-is-layout-flow\" style=\"flex-basis:66%\">\n<h2 class=\"wp-block-heading\">Merz RailServices: Service expertise for the maintenance of rail vehicles<\/h2>\n\n\n\n<p class=\"has-small-font-size\">Are disruptions, bottlenecks and unplanned downtime an issue for you? We can help you get the situation under control and plan practical next steps. <\/p>\n\n\n\n<p class=\"has-small-font-size\">A brief conversation is usually sufficient for this.<\/p>\n\n\n\n<div class=\"wp-block-buttons is-layout-flex wp-block-buttons-is-layout-flex\">\n<div class=\"wp-block-button is-style-fill\"><a class=\"wp-block-button__link has-success-background-color has-background wp-element-button\" href=\"\/en\/contact\/\" style=\"border-top-left-radius:10px;border-top-right-radius:10px;border-bottom-left-radius:10px;border-bottom-right-radius:10px;box-shadow:var(--wp--preset--shadow--sm)\"><strong>Get in touch with me<\/strong><\/a><\/div>\n<\/div>\n<\/div>\n<\/div>\n\n\n\n<div style=\"height:100px\" aria-hidden=\"true\" class=\"wp-block-spacer\"><\/div>\n\n\n\n<h2 class=\"wp-block-heading alignfull has-text-align-center\" style=\"margin-top:var(--wp--preset--spacing--xs);margin-bottom:var(--wp--preset--spacing--xs)\">Our services for railway operators, workshops and manufacturers<\/h2>\n\n\n\n<div class=\"wp-block-columns is-layout-flex wp-container-core-columns-is-layout-28f84493 wp-block-columns-is-layout-flex\">\n<div class=\"wp-block-column is-layout-flow wp-block-column-is-layout-flow\" style=\"flex-basis:25%\"><\/div>\n\n\n\n<div class=\"wp-block-column is-layout-flow wp-block-column-is-layout-flow\" style=\"flex-basis:50%\">\n<p><strong><strong>Full service at every stage of the rail vehicle life cycle<\/strong><\/strong><\/p>\n\n\n\n<p>We support those areas that have a direct impact on downtimes and operational processes. This includes technical troubleshooting, targeted measures on the vehicle and a spare parts supply that arrives at just the right moment.<\/p>\n\n\n\n<p>We work where failures occur and implement measures that get rail services back on track quickly and permanently.<\/p>\n<\/div>\n\n\n\n<div class=\"wp-block-column is-layout-flow wp-block-column-is-layout-flow\" style=\"flex-basis:25%\"><\/div>\n<\/div>\n\n\n\n<div style=\"height:25px\" aria-hidden=\"true\" class=\"wp-block-spacer\"><\/div>\n\n\n\n<div class=\"wp-block-columns is-layout-flex wp-container-core-columns-is-layout-28f84493 wp-block-columns-is-layout-flex\">\n<div class=\"wp-block-column is-layout-flow wp-block-column-is-layout-flow\">\n<div class=\"wp-block-cover is-light has-custom-content-position is-position-top-left has-button-hover-color-color has-text-color has-link-color wp-elements-87179e9361c001f8f5fd5fbf1db92c2e\" style=\"border-top-left-radius:10px;border-top-right-radius:10px;border-bottom-left-radius:10px;border-bottom-right-radius:10px;box-shadow:var(--wp--preset--shadow--sm);min-height:550px;aspect-ratio:unset;\"><span aria-hidden=\"true\" class=\"wp-block-cover__background has-custom-merz-gr-n-background-color has-background-dim-10 has-background-dim\"><\/span><div class=\"wp-block-cover__inner-container is-layout-flow wp-block-cover-is-layout-flow\">\n<div class=\"wp-block-group is-layout-constrained wp-block-group-is-layout-constrained\">\n<div class=\"wp-block-group is-layout-constrained wp-block-group-is-layout-constrained\">\n<figure class=\"wp-block-image size-full is-resized\"><img loading=\"lazy\" decoding=\"async\" width=\"758\" height=\"691\" src=\"https:\/\/merz-railservices.com\/wp-content\/uploads\/2025\/12\/Icon-Beratung.png\" alt=\"\" class=\"wp-image-1618\" style=\"width:auto;height:80px\" srcset=\"https:\/\/merz-railservices.com\/wp-content\/uploads\/2025\/12\/Icon-Beratung.png 758w, https:\/\/merz-railservices.com\/wp-content\/uploads\/2025\/12\/Icon-Beratung-300x273.png 300w, https:\/\/merz-railservices.com\/wp-content\/uploads\/2025\/12\/Icon-Beratung-13x12.png 13w\" sizes=\"auto, (max-width: 758px) 100vw, 758px\" \/><\/figure>\n\n\n\n<h3 class=\"wp-block-heading has-success-color has-text-color has-link-color wp-elements-7ec1ad05288c18070488ca25a622c9a8\">Consulting &amp; Analysis<\/h3>\n\n\n\n<p><strong>Structured analyses as the basis for measurable improvements<\/strong><\/p>\n\n\n\n<p>We analyse your operating and maintenance data in a targeted manner, e.g. for material requirements planning, error frequency, throughput times or technical availability. We prepare the results in a structured and practical manner and advise you on the findings. This results in concrete action and implementation plans that increase availability, stabilise processes and improve planning and quality in the long term.<\/p>\n<\/div>\n<\/div>\n<\/div><\/div>\n<\/div>\n\n\n\n<div class=\"wp-block-column is-layout-flow wp-block-column-is-layout-flow\">\n<div class=\"wp-block-cover is-light has-custom-content-position is-position-top-left has-button-hover-color-color has-text-color has-link-color wp-elements-188f022bdeb77413e8871f9930103f5a\" style=\"border-top-left-radius:10px;border-top-right-radius:10px;border-bottom-left-radius:10px;border-bottom-right-radius:10px;box-shadow:var(--wp--preset--shadow--sm);min-height:550px;aspect-ratio:unset;\"><span aria-hidden=\"true\" class=\"wp-block-cover__background has-custom-merz-grau-background-color has-background-dim-10 has-background-dim\"><\/span><div class=\"wp-block-cover__inner-container is-layout-flow wp-block-cover-is-layout-flow\">\n<div class=\"wp-block-group is-layout-constrained wp-block-group-is-layout-constrained\">\n<div class=\"wp-block-group is-layout-constrained wp-block-group-is-layout-constrained\">\n<figure class=\"wp-block-image size-full is-resized\"><img loading=\"lazy\" decoding=\"async\" width=\"856\" height=\"754\" src=\"http:\/\/merz-railservices.com\/wp-content\/uploads\/2025\/12\/Icon-Datenmanagement.png\" alt=\"\" class=\"wp-image-1617\" style=\"width:auto;height:80px\" srcset=\"https:\/\/merz-railservices.com\/wp-content\/uploads\/2025\/12\/Icon-Datenmanagement.png 856w, https:\/\/merz-railservices.com\/wp-content\/uploads\/2025\/12\/Icon-Datenmanagement-300x264.png 300w, https:\/\/merz-railservices.com\/wp-content\/uploads\/2025\/12\/Icon-Datenmanagement-768x676.png 768w, https:\/\/merz-railservices.com\/wp-content\/uploads\/2025\/12\/Icon-Datenmanagement-14x12.png 14w\" sizes=\"auto, (max-width: 856px) 100vw, 856px\" \/><\/figure>\n\n\n\n<h3 class=\"wp-block-heading has-success-color has-text-color has-link-color wp-elements-834c97a2a10dde6a1d06590102d4dd9b\">Data Management &amp; Tools<\/h3>\n\n\n\n<p><strong>Practical data solutions for workshops and operators<\/strong><\/p>\n\n\n\n<p>We develop tailor-made tools for structured and low-maintenance data management, e.g. databases, dashboards or customised Excel solutions. These are tailored to the real needs of rail vehicle workshops and enable transparent evaluations instead of unstructured raw data. This creates a genuine basis for decision-making, leading to better planning, more efficient processes and higher vehicle availability.<\/p>\n<\/div>\n<\/div>\n<\/div><\/div>\n<\/div>\n<\/div>\n\n\n\n<div style=\"height:5px\" aria-hidden=\"true\" class=\"wp-block-spacer\"><\/div>\n\n\n\n<div class=\"wp-block-columns is-layout-flex wp-container-core-columns-is-layout-28f84493 wp-block-columns-is-layout-flex\">\n<div class=\"wp-block-column is-layout-flow wp-block-column-is-layout-flow\">\n<div class=\"wp-block-cover is-light has-custom-content-position is-position-top-left has-button-hover-color-color has-text-color has-link-color wp-elements-39ce0077d6103a552c12cb63eda64c41\" style=\"border-top-left-radius:10px;border-top-right-radius:10px;border-bottom-left-radius:10px;border-bottom-right-radius:10px;box-shadow:var(--wp--preset--shadow--sm);min-height:550px;aspect-ratio:unset;\"><span aria-hidden=\"true\" class=\"wp-block-cover__background has-custom-merz-grau-background-color has-background-dim-10 has-background-dim\"><\/span><div class=\"wp-block-cover__inner-container is-layout-flow wp-block-cover-is-layout-flow\">\n<div class=\"wp-block-group is-layout-constrained wp-block-group-is-layout-constrained\">\n<div class=\"wp-block-group is-layout-constrained wp-block-group-is-layout-constrained\">\n<figure class=\"wp-block-image size-full is-resized\"><img loading=\"lazy\" decoding=\"async\" width=\"721\" height=\"739\" src=\"http:\/\/merz-railservices.com\/wp-content\/uploads\/2025\/12\/Icon-Paket.png\" alt=\"\" class=\"wp-image-1613\" style=\"width:auto;height:80px\" srcset=\"https:\/\/merz-railservices.com\/wp-content\/uploads\/2025\/12\/Icon-Paket.png 721w, https:\/\/merz-railservices.com\/wp-content\/uploads\/2025\/12\/Icon-Paket-293x300.png 293w, https:\/\/merz-railservices.com\/wp-content\/uploads\/2025\/12\/Icon-Paket-12x12.png 12w\" sizes=\"auto, (max-width: 721px) 100vw, 721px\" \/><\/figure>\n\n\n\n<h3 class=\"wp-block-heading has-success-color has-text-color has-link-color wp-elements-88603ce18cba5fba52e89e3d0df06397\">Spare Parts Management<\/h3>\n\n\n\n<p><strong>Ensure availability of important components<\/strong><\/p>\n\n\n\n<p>We take care of the procurement, storage and provision of spare parts for rail vehicles. This includes kitting, incident packs, quality assurance and SLA-based supply of critical components.<\/p>\n<\/div>\n<\/div>\n<\/div><\/div>\n<\/div>\n\n\n\n<div class=\"wp-block-column is-layout-flow wp-block-column-is-layout-flow\">\n<div class=\"wp-block-cover is-light has-custom-content-position is-position-top-left has-button-hover-color-color has-text-color has-link-color wp-elements-1a6edf6833d326ae4d8ddada9be2f5ac\" style=\"border-top-left-radius:10px;border-top-right-radius:10px;border-bottom-left-radius:10px;border-bottom-right-radius:10px;box-shadow:var(--wp--preset--shadow--sm);min-height:550px;aspect-ratio:unset;\"><span aria-hidden=\"true\" class=\"wp-block-cover__background has-custom-merz-gr-n-background-color has-background-dim-10 has-background-dim\"><\/span><div class=\"wp-block-cover__inner-container is-layout-flow wp-block-cover-is-layout-flow\">\n<div class=\"wp-block-group is-layout-constrained wp-block-group-is-layout-constrained\">\n<div class=\"wp-block-group is-layout-constrained wp-block-group-is-layout-constrained\">\n<figure class=\"wp-block-image size-full is-resized\"><img loading=\"lazy\" decoding=\"async\" width=\"778\" height=\"749\" src=\"http:\/\/merz-railservices.com\/wp-content\/uploads\/2025\/12\/Icon-Technischer-Service-2.png\" alt=\"\" class=\"wp-image-1614\" style=\"aspect-ratio:1.0387346432730962;width:auto;height:80px\" srcset=\"https:\/\/merz-railservices.com\/wp-content\/uploads\/2025\/12\/Icon-Technischer-Service-2.png 778w, https:\/\/merz-railservices.com\/wp-content\/uploads\/2025\/12\/Icon-Technischer-Service-2-300x289.png 300w, https:\/\/merz-railservices.com\/wp-content\/uploads\/2025\/12\/Icon-Technischer-Service-2-768x739.png 768w, https:\/\/merz-railservices.com\/wp-content\/uploads\/2025\/12\/Icon-Technischer-Service-2-12x12.png 12w\" sizes=\"auto, (max-width: 778px) 100vw, 778px\" \/><\/figure>\n\n\n\n<h3 class=\"wp-block-heading has-success-color has-text-color has-link-color wp-elements-a02eebc4be9ee6bbe6b86a059ef2f506\">Technical Services<\/h3>\n\n\n\n<p><strong>Troubleshooting, repair and commissioning<\/strong><\/p>\n\n\n\n<p>We carry out repairs and overhauls and support retrofit and commissioning projects. Our services are provided on site in the field or at our service centre, depending on the vehicle type, fault and operational requirements.<\/p>\n<\/div>\n<\/div>\n<\/div><\/div>\n<\/div>\n<\/div>\n\n\n\n<div style=\"height:25px\" aria-hidden=\"true\" class=\"wp-block-spacer\"><\/div>\n\n\n\n<div class=\"wp-block-buttons is-layout-flex wp-block-buttons-is-layout-flex\">\n<div class=\"wp-block-button\"><a class=\"wp-block-button__link has-success-background-color has-background wp-element-button\" href=\"\/en\/services\/\"><strong>More about our services<\/strong><\/a><\/div>\n<\/div>\n\n\n\n<div style=\"height:100px\" aria-hidden=\"true\" class=\"wp-block-spacer\"><\/div>\n\n\n\n<h2 class=\"wp-block-heading\">Your benefits<\/h2>\n\n\n\n<div class=\"wp-block-columns is-layout-flex wp-container-core-columns-is-layout-28f84493 wp-block-columns-is-layout-flex\">\n<div class=\"wp-block-column is-layout-flow wp-block-column-is-layout-flow\">\n<figure class=\"wp-block-image size-large has-custom-border\"><img loading=\"lazy\" decoding=\"async\" width=\"1024\" height=\"724\" src=\"https:\/\/merz-railservices.com\/wp-content\/uploads\/2025\/12\/shutterstock_1668240631-Kopie-1024x724.jpg\" alt=\"\" class=\"wp-image-1409\" style=\"border-top-left-radius:10px;border-top-right-radius:10px;border-bottom-left-radius:10px;border-bottom-right-radius:10px;box-shadow:var(--wp--preset--shadow--sm)\" srcset=\"https:\/\/merz-railservices.com\/wp-content\/uploads\/2025\/12\/shutterstock_1668240631-Kopie-1024x724.jpg 1024w, https:\/\/merz-railservices.com\/wp-content\/uploads\/2025\/12\/shutterstock_1668240631-Kopie-300x212.jpg 300w, https:\/\/merz-railservices.com\/wp-content\/uploads\/2025\/12\/shutterstock_1668240631-Kopie-768x543.jpg 768w, https:\/\/merz-railservices.com\/wp-content\/uploads\/2025\/12\/shutterstock_1668240631-Kopie-1536x1085.jpg 1536w, https:\/\/merz-railservices.com\/wp-content\/uploads\/2025\/12\/shutterstock_1668240631-Kopie-2048x1447.jpg 2048w, https:\/\/merz-railservices.com\/wp-content\/uploads\/2025\/12\/shutterstock_1668240631-Kopie-18x12.jpg 18w\" sizes=\"auto, (max-width: 1024px) 100vw, 1024px\" \/><\/figure>\n<\/div>\n\n\n\n<div class=\"wp-block-column is-layout-flow wp-block-column-is-layout-flow\">\n<div style=\"height:106px\" aria-hidden=\"true\" class=\"wp-block-spacer\"><\/div>\n\n\n\n<div class=\"wp-block-cover is-light has-custom-content-position is-position-top-left has-primary-color has-text-color has-link-color wp-elements-31404755378d080059c60b1505c3a26f\" style=\"border-top-left-radius:10px;border-top-right-radius:10px;border-bottom-left-radius:10px;border-bottom-right-radius:10px;box-shadow:var(--wp--preset--shadow--sm);min-height:361px;aspect-ratio:unset;\"><span aria-hidden=\"true\" class=\"wp-block-cover__background has-white-background-color has-background-dim-100 has-background-dim\"><\/span><div class=\"wp-block-cover__inner-container is-layout-flow wp-block-cover-is-layout-flow\">\n<div class=\"wp-block-group is-layout-constrained wp-block-group-is-layout-constrained\">\n<div class=\"wp-block-group is-layout-constrained wp-block-group-is-layout-constrained\">\n<h3 class=\"wp-block-heading has-success-color has-text-color has-link-color wp-elements-bd8450391923c6fd5645740cd0dc7969\">Why Merz RailServices?<\/h3>\n\n\n\n<p class=\"has-black-color has-text-color has-link-color wp-elements-07a5070922e5a64e41350a14b95bdb7a\"><strong>Measurable improvements for your fleet<\/strong><\/p>\n\n\n\n<ul class=\"wp-block-list\">\n<li class=\"has-black-color has-text-color has-link-color wp-elements-0e64b7b421cbe502108c5bce7a83f3ca\">Reduction of failures, malfunctions and bottlenecks<\/li>\n\n\n\n<li class=\"has-black-color has-text-color has-link-color wp-elements-af3bba908d0bf941e05e2e27baf4c34a\">Measurably higher vehicle availability<\/li>\n\n\n\n<li class=\"has-black-color has-text-color has-link-color wp-elements-856229cfbb47f30514a23bbc951b4b79\">Shorter downtime and repair times<\/li>\n\n\n\n<li class=\"has-black-color has-text-color has-link-color wp-elements-b9db2914144c86c4691fcb93bd5822eb\">Technical service provided by experienced specialists<\/li>\n\n\n\n<li class=\"has-black-color has-text-color has-link-color wp-elements-acaed7d8eab7ff5bce26f701105a986b\">Data-driven analyses for improved decision-making<\/li>\n\n\n\n<li class=\"has-black-color has-text-color has-link-color wp-elements-465ecb048e973ec3d2d9e7dc2c2ab812\">Personal support and fast response times<\/li>\n\n\n\n<li class=\"has-black-color has-text-color has-link-color wp-elements-8465ab67feed6ff90e0deb1bcf5f9b4e\">Contribution to sustainable and reliable rail mobility<\/li>\n<\/ul>\n<\/div>\n<\/div>\n<\/div><\/div>\n<\/div>\n<\/div>\n\n\n\n<div style=\"height:100px\" aria-hidden=\"true\" class=\"wp-block-spacer\"><\/div>\n\n\n\n<h2 class=\"wp-block-heading\">Our customers<\/h2>\n\n\n\n<div class=\"wp-block-columns is-layout-flex wp-container-core-columns-is-layout-28f84493 wp-block-columns-is-layout-flex\">\n<div class=\"wp-block-column is-layout-flow wp-block-column-is-layout-flow\">\n<div class=\"wp-block-group is-layout-constrained wp-block-group-is-layout-constrained\">\n<div class=\"wp-block-cover is-light has-custom-content-position is-position-top-left has-button-hover-color-color has-text-color has-link-color wp-elements-753eff10d0d8f1974479762326c64409\" style=\"border-style:none;border-width:0px;border-top-left-radius:10px;border-top-right-radius:10px;border-bottom-left-radius:10px;border-bottom-right-radius:10px;box-shadow:var(--wp--preset--shadow--sm);min-height:246px;aspect-ratio:unset;\"><span aria-hidden=\"true\" class=\"wp-block-cover__background has-white-background-color has-background-dim-30 has-background-dim\"><\/span><div class=\"wp-block-cover__inner-container is-layout-flow wp-block-cover-is-layout-flow\">\n<div class=\"wp-block-group is-layout-constrained wp-block-group-is-layout-constrained\">\n<div class=\"wp-block-group is-layout-constrained wp-block-group-is-layout-constrained\">\n<h3 class=\"wp-block-heading has-success-color has-text-color has-link-color wp-elements-e2a8be6f9679a771426920847ba04c92\">Target groups in the rail sector<\/h3>\n\n\n\n<ul class=\"wp-block-list\">\n<li>Railway operators and maintenance workshops<\/li>\n\n\n\n<li>Rail vehicle manufacturer (OEM)<\/li>\n\n\n\n<li>System and component manufacturers<\/li>\n\n\n\n<li>Suppliers and distribution partners<\/li>\n<\/ul>\n\n\n\n<p>Based in the DACH region, operating throughout Europe.<\/p>\n<\/div>\n<\/div>\n<\/div><\/div>\n<\/div>\n<\/div>\n\n\n\n<div class=\"wp-block-column is-layout-flow wp-block-column-is-layout-flow\">\n<div style=\"height:70px\" aria-hidden=\"true\" class=\"wp-block-spacer\"><\/div>\n\n\n\n<figure class=\"wp-block-image size-large has-custom-border is-style-default\"><img loading=\"lazy\" decoding=\"async\" width=\"1024\" height=\"473\" src=\"https:\/\/merz-railservices.com\/wp-content\/uploads\/2025\/12\/Kunde-Bahnwerkstatt-1024x473.png\" alt=\"\" class=\"wp-image-1397\" style=\"border-top-left-radius:10px;border-top-right-radius:10px;border-bottom-left-radius:10px;border-bottom-right-radius:10px;box-shadow:var(--wp--preset--shadow--sm)\" srcset=\"https:\/\/merz-railservices.com\/wp-content\/uploads\/2025\/12\/Kunde-Bahnwerkstatt-1024x473.png 1024w, https:\/\/merz-railservices.com\/wp-content\/uploads\/2025\/12\/Kunde-Bahnwerkstatt-300x138.png 300w, https:\/\/merz-railservices.com\/wp-content\/uploads\/2025\/12\/Kunde-Bahnwerkstatt-768x354.png 768w, https:\/\/merz-railservices.com\/wp-content\/uploads\/2025\/12\/Kunde-Bahnwerkstatt-18x8.png 18w, https:\/\/merz-railservices.com\/wp-content\/uploads\/2025\/12\/Kunde-Bahnwerkstatt.png 1387w\" sizes=\"auto, (max-width: 1024px) 100vw, 1024px\" \/><\/figure>\n<\/div>\n<\/div>","protected":false},"excerpt":{"rendered":"<p>Service und Ersatzteilmanagement f\u00fcr Schienenfahrzeuge Merz RailServices GmbH ist ein unabh\u00e4ngiger Dienstleister f\u00fcr technischen Service, systematische Fehlersuche und Ersatzteilmanagement f\u00fcr Schienenfahrzeuge. Bahnbetreiber, Instandhaltungswerkst\u00e4tten und Hersteller z\u00e4hlen auf uns, wenn es darum geht, St\u00f6rungen zu beheben und Stillst\u00e4nde zu reduzieren. Technische Erfahrung, strukturierte Analyse und eine verl\u00e4ssliche Ersatzteilversorgung greifen bei uns ineinander. Unser Fokus liegt auf [&hellip;]<\/p>\n","protected":false},"author":1,"featured_media":0,"parent":0,"menu_order":1,"comment_status":"closed","ping_status":"closed","template":"","meta":{"footnotes":""},"class_list":["post-22","page","type-page","status-publish","hentry"],"_links":{"self":[{"href":"https:\/\/merz-railservices.com\/en\/wp-json\/wp\/v2\/pages\/22","targetHints":{"allow":["GET"]}}],"collection":[{"href":"https:\/\/merz-railservices.com\/en\/wp-json\/wp\/v2\/pages"}],"about":[{"href":"https:\/\/merz-railservices.com\/en\/wp-json\/wp\/v2\/types\/page"}],"author":[{"embeddable":true,"href":"https:\/\/merz-railservices.com\/en\/wp-json\/wp\/v2\/users\/1"}],"replies":[{"embeddable":true,"href":"https:\/\/merz-railservices.com\/en\/wp-json\/wp\/v2\/comments?post=22"}],"version-history":[{"count":108,"href":"https:\/\/merz-railservices.com\/en\/wp-json\/wp\/v2\/pages\/22\/revisions"}],"predecessor-version":[{"id":1703,"href":"https:\/\/merz-railservices.com\/en\/wp-json\/wp\/v2\/pages\/22\/revisions\/1703"}],"wp:attachment":[{"href":"https:\/\/merz-railservices.com\/en\/wp-json\/wp\/v2\/media?parent=22"}],"curies":[{"name":"wp","href":"https:\/\/api.w.org\/{rel}","templated":true}]}}