{"id":235,"date":"2025-11-22T14:03:16","date_gmt":"2025-11-22T13:03:16","guid":{"rendered":"https:\/\/merz-railservices.com\/?page_id=235"},"modified":"2026-01-01T16:06:39","modified_gmt":"2026-01-01T15:06:39","slug":"career","status":"publish","type":"page","link":"https:\/\/merz-railservices.com\/en\/karriere\/","title":{"rendered":"Careers"},"content":{"rendered":"<figure class=\"wp-block-image size-large is-resized wp-duotone-primary-and-success\"><img loading=\"lazy\" decoding=\"async\" width=\"1024\" height=\"410\" src=\"https:\/\/merz-railservices.com\/wp-content\/uploads\/2025\/12\/shutterstock_1152345887-10x4-1-1024x410.jpg\" alt=\"\" class=\"wp-image-1297\" style=\"width:1090px;height:auto\" srcset=\"https:\/\/merz-railservices.com\/wp-content\/uploads\/2025\/12\/shutterstock_1152345887-10x4-1-1024x410.jpg 1024w, https:\/\/merz-railservices.com\/wp-content\/uploads\/2025\/12\/shutterstock_1152345887-10x4-1-300x120.jpg 300w, https:\/\/merz-railservices.com\/wp-content\/uploads\/2025\/12\/shutterstock_1152345887-10x4-1-768x307.jpg 768w, https:\/\/merz-railservices.com\/wp-content\/uploads\/2025\/12\/shutterstock_1152345887-10x4-1-1536x614.jpg 1536w, https:\/\/merz-railservices.com\/wp-content\/uploads\/2025\/12\/shutterstock_1152345887-10x4-1-2048x819.jpg 2048w, https:\/\/merz-railservices.com\/wp-content\/uploads\/2025\/12\/shutterstock_1152345887-10x4-1-18x7.jpg 18w\" sizes=\"auto, (max-width: 1024px) 100vw, 1024px\" \/><\/figure>\n\n\n\n<div style=\"height:50px\" aria-hidden=\"true\" class=\"wp-block-spacer\"><\/div>\n\n\n\n<h1 class=\"wp-block-heading has-success-color has-text-color has-link-color wp-elements-b8e33bfa275dd70589f20a1ca8945e8d\"><strong>Join us in creating the future of rail mobility<\/strong><\/h1>\n\n\n\n<div class=\"wp-block-columns is-layout-flex wp-container-core-columns-is-layout-28f84493 wp-block-columns-is-layout-flex\">\n<div class=\"wp-block-column is-layout-flow wp-block-column-is-layout-flow\" style=\"flex-basis:66.66%\">\n<p>Merz RailServices is an independent service and consulting partner for rail vehicles, focusing on availability, quality and sustainable mobility. To keep trains running reliably, we need people who think for themselves, take responsibility and share our values.<\/p>\n\n\n\n<p>We are growing steadily and welcome applicants who would like to join us in further developing service quality and efficiency in the rail sector.<\/p>\n<\/div>\n\n\n\n<div class=\"wp-block-column is-layout-flow wp-block-column-is-layout-flow\" style=\"flex-basis:33.33%\"><\/div>\n<\/div>\n\n\n\n<div style=\"height:100px\" aria-hidden=\"true\" class=\"wp-block-spacer\"><\/div>\n\n\n\n<h2 class=\"wp-block-heading\">Working at Merz RailServices \u2013 your benefits<\/h2>\n\n\n\n<div class=\"wp-block-columns is-layout-flex wp-container-core-columns-is-layout-28f84493 wp-block-columns-is-layout-flex\">\n<div class=\"wp-block-column is-layout-flow wp-block-column-is-layout-flow\" style=\"flex-basis:33.33%\">\n<ul class=\"wp-block-list\">\n<li>Working in a sustainable industry of the future<\/li>\n\n\n\n<li>High level of personal responsibility and short decision-making processes<\/li>\n\n\n\n<li>Direct collaboration with experienced industry experts<\/li>\n\n\n\n<li>Varied tasks throughout the entire life cycle of rail vehicles<\/li>\n\n\n\n<li>Room for ideas and further development<\/li>\n\n\n\n<li>Modern working methods and cooperative partnership<\/li>\n<\/ul>\n<\/div>\n\n\n\n<div class=\"wp-block-column is-layout-flow wp-block-column-is-layout-flow\" style=\"flex-basis:66.66%\">\n<figure class=\"wp-block-image size-full\"><img loading=\"lazy\" decoding=\"async\" width=\"1023\" height=\"575\" src=\"http:\/\/merz-railservices.com\/wp-content\/uploads\/2025\/12\/Werde-Teil-unseres-Teams.png\" alt=\"\" class=\"wp-image-1073\" srcset=\"https:\/\/merz-railservices.com\/wp-content\/uploads\/2025\/12\/Werde-Teil-unseres-Teams.png 1023w, https:\/\/merz-railservices.com\/wp-content\/uploads\/2025\/12\/Werde-Teil-unseres-Teams-300x169.png 300w, https:\/\/merz-railservices.com\/wp-content\/uploads\/2025\/12\/Werde-Teil-unseres-Teams-768x432.png 768w, https:\/\/merz-railservices.com\/wp-content\/uploads\/2025\/12\/Werde-Teil-unseres-Teams-18x10.png 18w\" sizes=\"auto, (max-width: 1023px) 100vw, 1023px\" \/><\/figure>\n<\/div>\n<\/div>\n\n\n\n<div style=\"height:100px\" aria-hidden=\"true\" class=\"wp-block-spacer\"><\/div>\n\n\n\n<h2 class=\"wp-block-heading\">Our values and our mission statement for effective collaboration<\/h2>\n\n\n\n<p>To ensure that new colleagues are a good fit for us, we are guided by clear values that shape our everyday work:<\/p>\n\n\n\n<div style=\"height:15px\" aria-hidden=\"true\" class=\"wp-block-spacer\"><\/div>\n\n\n\n<div class=\"wp-block-columns has-border-color has-success-border-color has-primary-color has-text-color has-link-color wp-elements-30f19aef815347073307093e2d31da9e is-layout-flex wp-container-core-columns-is-layout-f28a13b4 wp-block-columns-is-layout-flex\" style=\"border-width:2px;border-top-left-radius:20px;border-top-right-radius:20px;border-bottom-left-radius:20px;border-bottom-right-radius:20px;padding-top:var(--wp--preset--spacing--sm);padding-right:var(--wp--preset--spacing--xs);padding-bottom:var(--wp--preset--spacing--sm);padding-left:var(--wp--preset--spacing--xs);box-shadow:6px 6px 9px rgba(0, 0, 0, 0.2)\">\n<div class=\"wp-block-column is-layout-flow wp-block-column-is-layout-flow\">\n<h4 class=\"wp-block-heading has-success-color has-text-color has-link-color wp-elements-c2e2e82e008e84ac0b6445e7717cc3de\"><strong><mark style=\"background-color:rgba(0, 0, 0, 0)\" class=\"has-inline-color has-custom-merz-grau-color\">M<\/mark><\/strong>otivated<\/h4>\n\n\n\n<p>We act with enthusiasm, drive and the ambition to give our best every day. We are motivated by the desire to make mobility reliable, efficient and sustainable.<\/p>\n<\/div>\n\n\n\n<div class=\"wp-block-column is-layout-flow wp-block-column-is-layout-flow\">\n<h4 class=\"wp-block-heading has-success-color has-text-color has-link-color wp-elements-3498807f2cb33a5003230baf5531022f\"><strong><mark style=\"background-color:rgba(0, 0, 0, 0)\" class=\"has-inline-color has-custom-merz-grau-color\">E<\/mark><\/strong>ngaged<\/h4>\n\n\n\n<p>We take responsibility, think entrepreneurially and actively shape the future. Through initiative and identification with our tasks, we make a committed contribution to our shared success.<\/p>\n<\/div>\n\n\n\n<div class=\"wp-block-column is-layout-flow wp-block-column-is-layout-flow\">\n<h4 class=\"wp-block-heading has-success-color has-text-color has-link-color wp-elements-c4f46245c9eb040fe264765bbf8140b0\"><strong><mark style=\"background-color:rgba(0, 0, 0, 0)\" class=\"has-inline-color has-custom-merz-grau-color\">R<\/mark><\/strong>espectfully<\/h4>\n\n\n\n<p>We treat others with respect, listen actively and respect different perspectives and backgrounds. Fairness, transparency and treating everyone as equals characterise our cooperation, both internally and externally.<\/p>\n<\/div>\n\n\n\n<div class=\"wp-block-column is-layout-flow wp-block-column-is-layout-flow\">\n<h4 class=\"wp-block-heading has-success-color has-text-color has-link-color wp-elements-9cdcd2335fd936136c606e3c8e3fe6cc\"><strong><mark style=\"background-color:rgba(0, 0, 0, 0)\" class=\"has-inline-color has-custom-merz-grau-color\">Z<\/mark><\/strong>enith Reliability<\/h4>\n\n\n\n<p>We stand for commitment, quality and consistency. Through forward-thinking action and continuous improvement, we build trust so that our customers and partners can rely on us at all times.<\/p>\n<\/div>\n<\/div>\n\n\n\n<div style=\"height:15px\" aria-hidden=\"true\" class=\"wp-block-spacer\"><\/div>\n\n\n\n<p><strong>If you share these values, you will be an excellent fit for Merz RailServices.<\/strong><\/p>\n\n\n\n<div style=\"height:100px\" aria-hidden=\"true\" class=\"wp-block-spacer\"><\/div>\n\n\n\n<h2 class=\"wp-block-heading\">Current job vacancies<\/h2>\n\n\n\n<p>We currently have no open positions. <\/p>\n\n\n\n<div style=\"height:100px\" aria-hidden=\"true\" class=\"wp-block-spacer\"><\/div>\n\n\n\n<h2 class=\"wp-block-heading\">Unsolicited application<\/h2>\n\n\n\n<p>Would you like to join our team, even without a specific vacancy?<\/p>\n\n\n\n<p>However, we are growing and plan to strengthen the following areas in the coming months:<\/p>\n\n\n\n<div style=\"height:25px\" aria-hidden=\"true\" class=\"wp-block-spacer\"><\/div>\n\n\n\n<div class=\"wp-block-columns is-layout-flex wp-container-core-columns-is-layout-28f84493 wp-block-columns-is-layout-flex\">\n<div class=\"wp-block-column is-layout-flow wp-block-column-is-layout-flow\" style=\"border-width:1px;border-top-left-radius:20px;border-top-right-radius:20px;border-bottom-left-radius:20px;border-bottom-right-radius:20px;padding-top:var(--wp--preset--spacing--sm);padding-right:var(--wp--preset--spacing--sm);padding-bottom:var(--wp--preset--spacing--sm);padding-left:var(--wp--preset--spacing--sm);box-shadow:var(--wp--preset--shadow--sm)\">\n<h4 class=\"wp-block-heading\">Service technician<\/h4>\n\n\n\n<ul class=\"wp-block-list\">\n<li>Rail vehicle technology<\/li>\n\n\n\n<li>Refrigeration and air conditioning technology<\/li>\n\n\n\n<li>Mechatronics<\/li>\n\n\n\n<li>Mechanic<\/li>\n\n\n\n<li>Electrician<\/li>\n<\/ul>\n<\/div>\n\n\n\n<div class=\"wp-block-column is-layout-flow wp-block-column-is-layout-flow\" style=\"border-width:1px;border-top-left-radius:20px;border-top-right-radius:20px;border-bottom-left-radius:20px;border-bottom-right-radius:20px;padding-top:var(--wp--preset--spacing--sm);padding-right:var(--wp--preset--spacing--sm);padding-bottom:var(--wp--preset--spacing--sm);padding-left:var(--wp--preset--spacing--sm);box-shadow:var(--wp--preset--shadow--sm)\">\n<h4 class=\"wp-block-heading\">Databases<\/h4>\n\n\n\n<ul class=\"wp-block-list\">\n<li>Access<\/li>\n\n\n\n<li>SQL<\/li>\n<\/ul>\n<\/div>\n\n\n\n<div class=\"wp-block-column is-layout-flow wp-block-column-is-layout-flow\" style=\"border-width:1px;border-top-left-radius:20px;border-top-right-radius:20px;border-bottom-left-radius:20px;border-bottom-right-radius:20px;padding-top:var(--wp--preset--spacing--sm);padding-right:var(--wp--preset--spacing--sm);padding-bottom:var(--wp--preset--spacing--sm);padding-left:var(--wp--preset--spacing--sm);box-shadow:var(--wp--preset--shadow--sm)\">\n<h4 class=\"wp-block-heading\">Business analyst<\/h4>\n\n\n\n<ul class=\"wp-block-list\">\n<li>Power BI<\/li>\n\n\n\n<li>Excel<\/li>\n<\/ul>\n<\/div>\n<\/div>\n\n\n\n<div class=\"wp-block-columns is-layout-flex wp-container-core-columns-is-layout-28f84493 wp-block-columns-is-layout-flex\">\n<div class=\"wp-block-column is-layout-flow wp-block-column-is-layout-flow\" style=\"border-width:1px;border-top-left-radius:20px;border-top-right-radius:20px;border-bottom-left-radius:20px;border-bottom-right-radius:20px;padding-top:var(--wp--preset--spacing--sm);padding-right:var(--wp--preset--spacing--sm);padding-bottom:var(--wp--preset--spacing--sm);padding-left:var(--wp--preset--spacing--sm);box-shadow:var(--wp--preset--shadow--sm)\">\n<h4 class=\"wp-block-heading\">Spare Parts Management<\/h4>\n\n\n\n<ul class=\"wp-block-list\">\n<li>Sales Administrator<\/li>\n\n\n\n<li>Warehousing &amp; Logistics<\/li>\n<\/ul>\n<\/div>\n\n\n\n<div class=\"wp-block-column is-layout-flow wp-block-column-is-layout-flow\" style=\"border-width:1px;border-top-left-radius:20px;border-top-right-radius:20px;border-bottom-left-radius:20px;border-bottom-right-radius:20px;padding-top:var(--wp--preset--spacing--sm);padding-right:var(--wp--preset--spacing--sm);padding-bottom:var(--wp--preset--spacing--sm);padding-left:var(--wp--preset--spacing--sm);box-shadow:var(--wp--preset--shadow--sm)\">\n<h4 class=\"wp-block-heading\">Sales<\/h4>\n\n\n\n<ul class=\"wp-block-list\">\n<li>Key Account Manager<\/li>\n<\/ul>\n<\/div>\n\n\n\n<div class=\"wp-block-column is-layout-flow wp-block-column-is-layout-flow\" style=\"border-width:1px;border-top-left-radius:20px;border-top-right-radius:20px;border-bottom-left-radius:20px;border-bottom-right-radius:20px;padding-top:var(--wp--preset--spacing--sm);padding-right:var(--wp--preset--spacing--sm);padding-bottom:var(--wp--preset--spacing--sm);padding-left:var(--wp--preset--spacing--sm);box-shadow:var(--wp--preset--shadow--sm)\">\n<h4 class=\"wp-block-heading\">Assistance<\/h4>\n\n\n\n<ul class=\"wp-block-list\">\n<li>Quality \/ Safety \/ Environment<\/li>\n\n\n\n<li>Administration<\/li>\n<\/ul>\n<\/div>\n<\/div>\n\n\n\n<div style=\"height:25px\" aria-hidden=\"true\" class=\"wp-block-spacer\"><\/div>\n\n\n\n<p>We look forward to hearing from you!<\/p>\n\n\n\n<div style=\"height:100px\" aria-hidden=\"true\" class=\"wp-block-spacer\"><\/div>\n\n\n\n<h2 class=\"wp-block-heading\">Contact &amp; Application<\/h2>\n\n\n\n<div class=\"wp-block-columns is-layout-flex wp-container-core-columns-is-layout-28f84493 wp-block-columns-is-layout-flex\">\n<div class=\"wp-block-column is-layout-flow wp-block-column-is-layout-flow\" style=\"flex-basis:33.33%\">\n<figure class=\"wp-block-image size-large\"><img loading=\"lazy\" decoding=\"async\" width=\"608\" height=\"1024\" src=\"https:\/\/merz-railservices.com\/wp-content\/uploads\/2025\/12\/Karriere-1-608x1024.png\" alt=\"\" class=\"wp-image-1491\" srcset=\"https:\/\/merz-railservices.com\/wp-content\/uploads\/2025\/12\/Karriere-1-608x1024.png 608w, https:\/\/merz-railservices.com\/wp-content\/uploads\/2025\/12\/Karriere-1-178x300.png 178w, https:\/\/merz-railservices.com\/wp-content\/uploads\/2025\/12\/Karriere-1-7x12.png 7w, https:\/\/merz-railservices.com\/wp-content\/uploads\/2025\/12\/Karriere-1.png 697w\" sizes=\"auto, (max-width: 608px) 100vw, 608px\" \/><\/figure>\n<\/div>\n\n\n\n<div class=\"wp-block-column is-layout-flow wp-block-column-is-layout-flow\" style=\"flex-basis:66.66%\">\n<p class=\"translation-block\">Are you interested in a career at Merz RailServices? Whether you would like to apply for an advertised position or are considering submitting a speculative application, we look forward to hearing from you.<\/p>\n\n\n\n<p>Please send your complete application documents by email to:<\/p>\n\n\n\n<p><strong><a href=\"\/en\/Job@Merz-RailServices.com\/\">Job@Merz-RailServices.com<\/a><\/strong><\/p>\n\n\n\n<p>We are also available at this address for:<\/p>\n\n\n\n<ul class=\"wp-block-list\">\n<li>initial information on job vacancies<\/li>\n\n\n\n<li>Questions about the application process<\/li>\n\n\n\n<li>general career enquiries<\/li>\n<\/ul>\n\n\n\n<p>We will get back to you promptly and guide you through the rest of the application process in a transparent and respectful manner.<\/p>\n\n\n\n<p><strong>We look forward to meeting you!<\/strong><\/p>\n<\/div>\n<\/div>","protected":false},"excerpt":{"rendered":"<p>Gestalten Sie mit uns die Zukunft der Schienenmobilit\u00e4t Merz RailServices ist ein unabh\u00e4ngiger Service- und Beratungspartner f\u00fcr Schienenfahrzeuge, mit Fokus auf Verf\u00fcgbarkeit, Qualit\u00e4t und nachhaltige Mobilit\u00e4t. Damit wir Z\u00fcge zuverl\u00e4ssig in Bewegung halten k\u00f6nnen, brauchen wir Menschen, die mitdenken, Verantwortung \u00fcbernehmen und unsere Werte teilen. Wir wachsen kontinuierlich und freuen uns \u00fcber Bewerberinnen und Bewerber, [&hellip;]<\/p>\n","protected":false},"author":1,"featured_media":0,"parent":0,"menu_order":4,"comment_status":"closed","ping_status":"closed","template":"","meta":{"footnotes":""},"class_list":["post-235","page","type-page","status-publish","hentry"],"_links":{"self":[{"href":"https:\/\/merz-railservices.com\/en\/wp-json\/wp\/v2\/pages\/235","targetHints":{"allow":["GET"]}}],"collection":[{"href":"https:\/\/merz-railservices.com\/en\/wp-json\/wp\/v2\/pages"}],"about":[{"href":"https:\/\/merz-railservices.com\/en\/wp-json\/wp\/v2\/types\/page"}],"author":[{"embeddable":true,"href":"https:\/\/merz-railservices.com\/en\/wp-json\/wp\/v2\/users\/1"}],"replies":[{"embeddable":true,"href":"https:\/\/merz-railservices.com\/en\/wp-json\/wp\/v2\/comments?post=235"}],"version-history":[{"count":36,"href":"https:\/\/merz-railservices.com\/en\/wp-json\/wp\/v2\/pages\/235\/revisions"}],"predecessor-version":[{"id":1628,"href":"https:\/\/merz-railservices.com\/en\/wp-json\/wp\/v2\/pages\/235\/revisions\/1628"}],"wp:attachment":[{"href":"https:\/\/merz-railservices.com\/en\/wp-json\/wp\/v2\/media?parent=235"}],"curies":[{"name":"wp","href":"https:\/\/api.w.org\/{rel}","templated":true}]}}