{"id":37,"date":"2025-10-15T19:11:54","date_gmt":"2025-10-15T17:11:54","guid":{"rendered":"http:\/\/merz-railservices.com\/?page_id=37"},"modified":"2026-01-07T11:57:16","modified_gmt":"2026-01-07T10:57:16","slug":"imprint","status":"publish","type":"page","link":"https:\/\/merz-railservices.com\/en\/dokumente\/impressum\/","title":{"rendered":"Legal Notice"},"content":{"rendered":"<figure class=\"wp-block-image size-large is-resized wp-duotone-primary-and-success\"><img loading=\"lazy\" decoding=\"async\" width=\"1024\" height=\"410\" src=\"https:\/\/merz-railservices.com\/wp-content\/uploads\/2025\/12\/shutterstock_2648080037-10x4-1-1024x410.jpg\" alt=\"\" class=\"wp-image-1332\" style=\"width:1090px;height:auto\" srcset=\"https:\/\/merz-railservices.com\/wp-content\/uploads\/2025\/12\/shutterstock_2648080037-10x4-1-1024x410.jpg 1024w, https:\/\/merz-railservices.com\/wp-content\/uploads\/2025\/12\/shutterstock_2648080037-10x4-1-300x120.jpg 300w, https:\/\/merz-railservices.com\/wp-content\/uploads\/2025\/12\/shutterstock_2648080037-10x4-1-768x307.jpg 768w, https:\/\/merz-railservices.com\/wp-content\/uploads\/2025\/12\/shutterstock_2648080037-10x4-1-1536x614.jpg 1536w, https:\/\/merz-railservices.com\/wp-content\/uploads\/2025\/12\/shutterstock_2648080037-10x4-1-2048x819.jpg 2048w, https:\/\/merz-railservices.com\/wp-content\/uploads\/2025\/12\/shutterstock_2648080037-10x4-1-18x7.jpg 18w\" sizes=\"auto, (max-width: 1024px) 100vw, 1024px\" \/><\/figure>\n\n\n\n<div style=\"height:50px\" aria-hidden=\"true\" class=\"wp-block-spacer\"><\/div>\n\n\n\n<h1 class=\"wp-block-heading has-success-color has-text-color has-link-color wp-elements-982d7e395940567c56806b39ecc3425f\"><strong>Legal Notice<\/strong><\/h1>\n\n\n\n<h3 class=\"wp-block-heading\">Company name<\/h3>\n\n\n\n<p>Merz RailServices GmbH<\/p>\n\n\n\n<div style=\"height:25px\" aria-hidden=\"true\" class=\"wp-block-spacer\"><\/div>\n\n\n\n<h3 class=\"wp-block-heading\">Legal form<\/h3>\n\n\n\n<p>Limited liability company [Gesellschaft mit beschr\u00e4nkter Haftung (GmbH)]<\/p>\n\n\n\n<div style=\"height:25px\" aria-hidden=\"true\" class=\"wp-block-spacer\"><\/div>\n\n\n\n<h3 class=\"wp-block-heading\">Registered office of the company<\/h3>\n\n\n\n<p>Doctor Mehes-Gasse 17<br>2344 Maria Enzersdorf<br>Austria<\/p>\n\n\n\n<div style=\"height:25px\" aria-hidden=\"true\" class=\"wp-block-spacer\"><\/div>\n\n\n\n<h3 class=\"wp-block-heading\">Contact<\/h3>\n\n\n\n<p>Phone: +43 664 2122820<br>Email: <a href=\"mailto:Office@Merz-RailServices.com\"><mark style=\"background-color:rgba(0, 0, 0, 0)\" class=\"has-inline-color has-custom-merz-gr-n-color\">Office@Merz-RailServices.com<\/mark><\/a><br>Website: <a href=\"http:\/\/www.Merz-RailServices.com\"><mark style=\"background-color:rgba(0, 0, 0, 0)\" class=\"has-inline-color has-custom-merz-gr-n-color\">www.Merz-RailServices.com<\/mark><\/a><\/p>\n\n\n\n<div style=\"height:25px\" aria-hidden=\"true\" class=\"wp-block-spacer\"><\/div>\n\n\n\n<h3 class=\"wp-block-heading\">Company registration number<\/h3>\n\n\n\n<p>FN 664226 d<\/p>\n\n\n\n<div style=\"height:25px\" aria-hidden=\"true\" class=\"wp-block-spacer\"><\/div>\n\n\n\n<h3 class=\"wp-block-heading\">Company registry court<\/h3>\n\n\n\n<p>Regional Court Wiener Neustadt<\/p>\n\n\n\n<div style=\"height:25px\" aria-hidden=\"true\" class=\"wp-block-spacer\"><\/div>\n\n\n\n<h3 class=\"wp-block-heading\">VAT number<\/h3>\n\n\n\n<p>ATU82607804<\/p>\n\n\n\n<div style=\"height:25px\" aria-hidden=\"true\" class=\"wp-block-spacer\"><\/div>\n\n\n\n<h3 class=\"wp-block-heading\">Business purpose<\/h3>\n\n\n\n<ul class=\"wp-block-list\">\n<li>Assembly, maintenance and production of equipment, systems, components and machines in the field of rail vehicle, railway and refrigeration technology as well as mechatronics<\/li>\n\n\n\n<li>Trade in all relevant equipment, systems, components, machines and spare parts manufactured by third parties in the field of rail vehicle, railway and refrigeration technology as well as mechatronics<\/li>\n\n\n\n<li>Research and development in the field of rail vehicle, railway and refrigeration technology and mechatronics<\/li>\n\n\n\n<li>Management of a technical office in the field of rail vehicle, railway and refrigeration technology and mechatronics<\/li>\n\n\n\n<li>Operation of a commercial agency in the field of rail vehicle, railway and refrigeration technology and mechatronics<\/li>\n\n\n\n<li>Operation, acquisition and brokerage of all business activities related to the company's purpose in the field of rail vehicle, railway and refrigeration technology and mechatronics<\/li>\n\n\n\n<li>Investment in companies and the management and representation of such companies in the field of rail vehicle, railway and refrigeration technology and mechatronics<\/li>\n\n\n\n<li>Consultancy services for companies, in particular but not exclusively in the areas of business administration, materials management and logistics, and process optimisation<\/li>\n\n\n\n<li>Providing IT services in the area of database development and maintenance, as well as data management (data collection, data analysis, data visualisation)<\/li>\n<\/ul>\n\n\n\n<div style=\"height:25px\" aria-hidden=\"true\" class=\"wp-block-spacer\"><\/div>\n\n\n\n<h3 class=\"wp-block-heading\">Business Licence<\/h3>\n\n\n\n<ul class=\"wp-block-list\">\n<li>Mechatronics engineer for mechanical and manufacturing engineering combined with mechatronics engineer for electronics, office and IT systems engineering; mechatronics engineer for electrical engineering and automation; mechatronics engineer for medical device technology (related trade)<\/li>\n\n\n\n<li>Refrigeration and air conditioning technology<\/li>\n\n\n\n<li>Trade and commerce, with the exception of regulated trade and commerce and commercial agency<\/li>\n\n\n\n<li>Management consultancy, including business organisation<\/li>\n\n\n\n<li>Services in automatic data processing and information technology<\/li>\n<\/ul>\n\n\n\n<div style=\"height:25px\" aria-hidden=\"true\" class=\"wp-block-spacer\"><\/div>\n\n\n\n<h3 class=\"wp-block-heading\">Responsible authority<\/h3>\n\n\n\n<p>M\u00f6dling district administration<\/p>\n\n\n\n<div style=\"height:25px\" aria-hidden=\"true\" class=\"wp-block-spacer\"><\/div>\n\n\n\n<h3 class=\"wp-block-heading\">Memberships<\/h3>\n\n\n\n<p>Member of the Lower Austrian Chamber of Commerce<\/p>\n\n\n\n<ul class=\"wp-block-list\">\n<li>Landesinnung der Mechatroniker Nieder\u00f6sterreich (Lower Austria Provincial Guild of Mechatronics Engineers)<\/li>\n\n\n\n<li>Landesgremium des Au\u00dfenhandels Nieder\u00f6sterreich (Lower Austria Regional Foreign Trade Committee)<\/li>\n\n\n\n<li>Landesgremium Maschinen- und Technologiehandel (State Committee for Machinery and Technology Trade)<\/li>\n\n\n\n<li>Fachgruppe Unternehmensberatung, Buchhaltung und Informationstechnologie Nieder\u00f6sterreich (Division for Management Consulting, Accounting and Information Technology Lower Austria)<\/li>\n<\/ul>\n\n\n\n<p><a href=\"https:\/\/firmen.wko.at\/merz-railservices-gmbh\" target=\"_blank\" rel=\"noreferrer noopener\"><mark style=\"background-color:rgba(0, 0, 0, 0)\" class=\"has-inline-color has-custom-merz-gr-n-color\"><strong>Companies directory (Firmen A-Z der WKO)<\/strong><\/mark><\/a><\/p>\n\n\n\n<div style=\"height:25px\" aria-hidden=\"true\" class=\"wp-block-spacer\"><\/div>\n\n\n\n<h3 class=\"wp-block-heading\">Certificates<\/h3>\n\n\n\n<ul class=\"wp-block-list\">\n<li>Company certification for stationary refrigeration systems, air conditioning systems and heat pumps, organic Rankine circuits and refrigeration systems in refrigerated lorries, refrigerated trailers, light refrigerated vehicles, intermodal containers and railway wagons containing fluorinated greenhouse gases or alternatives to fluorinated greenhouse gases. Created on 30.12.2025 by the Federal Ministry of Agriculture, Forestry, Climate and Environmental Protection, Regions and Water Management, valid until 12.03.2029<\/li>\n<\/ul>\n\n\n\n<div style=\"height:25px\" aria-hidden=\"true\" class=\"wp-block-spacer\"><\/div>\n\n\n\n<h3 class=\"wp-block-heading\">Managing Director<\/h3>\n\n\n\n<p>Ing. Mag. (FH) Matthias Merz<\/p>\n\n\n\n<div style=\"height:25px\" aria-hidden=\"true\" class=\"wp-block-spacer\"><\/div>\n\n\n\n<h3 class=\"wp-block-heading\">Shareholding ratio<\/h3>\n\n\n\n<p>Ing. Mag. (FH) Matthias Merz (100 %)<\/p>\n\n\n\n<div style=\"height:25px\" aria-hidden=\"true\" class=\"wp-block-spacer\"><\/div>\n\n\n\n<h3 class=\"wp-block-heading\">Professional regulations<\/h3>\n\n\n\n<p>Trade Regulation Act (available at <a href=\"http:\/\/www.ris.bka.gv.at\/\" target=\"_blank\" rel=\"noreferrer noopener\"><strong><mark style=\"background-color:rgba(0, 0, 0, 0)\" class=\"has-inline-color has-custom-merz-gr-n-color\">www.ris.bka.gv.at<\/mark><\/strong><\/a>)<\/p>\n\n\n\n<div style=\"height:25px\" aria-hidden=\"true\" class=\"wp-block-spacer\"><\/div>\n\n\n\n<h3 class=\"wp-block-heading\">Disclaimer<\/h3>\n\n\n\n<p>Despite careful content control, we assume no liability for the content of external links. The operators of linked sites are solely responsible for their content.<\/p>\n\n\n\n<div style=\"height:25px\" aria-hidden=\"true\" class=\"wp-block-spacer\"><\/div>\n\n\n\n<h3 class=\"wp-block-heading\">Copyright<\/h3>\n\n\n\n<p>The content and works created by the operator of this website are subject to Austrian copyright law (UrhG). Third-party content is marked as such.<br>The reproduction, editing, distribution and any kind of use outside the limits of copyright law require the prior written consent of the respective author or copyright holder.<\/p>\n\n\n\n<div style=\"height:25px\" aria-hidden=\"true\" class=\"wp-block-spacer\"><\/div>\n\n\n\n<h3 class=\"wp-block-heading\">Media owner &amp; publisher<\/h3>\n\n\n\n<p>Merz RailServices GmbH<br>Doctor Mehes-Gasse 17<br>2344 Maria Enzersdorf<br>Austria<\/p>\n\n\n\n<div style=\"height:25px\" aria-hidden=\"true\" class=\"wp-block-spacer\"><\/div>\n\n\n\n<h3 class=\"wp-block-heading\">Basic direction (\u2018editorial policy\u2019)<\/h3>\n\n\n\n<p>Information on topics related to rail vehicle, railway and refrigeration technology, mechatronics, as well as services in the field of IT and management consulting.<br>This website provides information about the company and its services.<\/p>\n\n\n\n<div style=\"height:25px\" aria-hidden=\"true\" class=\"wp-block-spacer\"><\/div>\n\n\n\n<h3 class=\"wp-block-heading\">Image credits<\/h3>\n\n\n\n<p>The images used on this website are sourced from:<\/p>\n\n\n\n<ul class=\"wp-block-list\">\n<li><a href=\"https:\/\/www.shutterstock.com\/\"><mark style=\"background-color:rgba(0, 0, 0, 0)\" class=\"has-inline-color has-custom-merz-gr-n-color\"><strong>shutterstock.com<\/strong><\/mark><\/a>: licensed image database (images, icons)<\/li>\n\n\n\n<li><a href=\"https:\/\/www.picturepeople.at\/\"><mark style=\"background-color:rgba(0, 0, 0, 0)\" class=\"has-inline-color has-custom-merz-gr-n-color\"><strong>picturepeople.at<\/strong><\/mark><\/a>: Portraits Matthias Merz<\/li>\n\n\n\n<li><a href=\"http:\/\/gemini.google.com\"><strong><mark style=\"background-color:rgba(0, 0, 0, 0)\" class=\"has-inline-color has-custom-merz-gr-n-color\">gemini.google.com<\/mark><\/strong><\/a>: images generated by artificial intelligence<\/li>\n<\/ul>\n\n\n\n<div style=\"height:25px\" aria-hidden=\"true\" class=\"wp-block-spacer\"><\/div>\n\n\n\n<h3 class=\"wp-block-heading\">Responsible for the content<\/h3>\n\n\n\n<p>Ing. Mag. (FH) Matthias Merz<br>Doctor Mehes-Gasse 17<br>2344 Maria Enzersdorf<br>Austria<\/p>\n\n\n\n<div style=\"height:25px\" aria-hidden=\"true\" class=\"wp-block-spacer\"><\/div>\n\n\n\n<h3 class=\"wp-block-heading\">Bank details<\/h3>\n\n\n\n<p>UniCredit Bank Austria AG<br>IBAN: AT15 1200 0100 4653 3955<br>BIC: BKAUATWW<\/p>\n\n\n\n<div style=\"height:25px\" aria-hidden=\"true\" class=\"wp-block-spacer\"><\/div>\n\n\n\n<h3 class=\"wp-block-heading\">Directories and listings<\/h3>\n\n\n\n<p>Our company is registered in the <strong><a href=\"https:\/\/lgu.ankoe.at\/\" target=\"_blank\" rel=\"noreferrer noopener\"><mark style=\"background-color:rgba(0, 0, 0, 0)\" class=\"has-inline-color has-custom-merz-gr-n-color\">ANK\u00d6 List of suitable companies (LgU)<\/mark><\/a><\/strong> under ANK\u00d6 company number 98333. Further information is available at <a href=\"http:\/\/ankoe.at\" target=\"_blank\" rel=\"noreferrer noopener\">ankoe.at<\/a><\/p>\n\n\n\n<p>Sie finden uns im <a href=\"https:\/\/firmen.wko.at\/merz-railservices-gmbh\" target=\"_blank\" rel=\"noreferrer noopener\"><strong><mark style=\"background-color:rgba(0, 0, 0, 0)\" class=\"has-inline-color has-custom-merz-gr-n-color\">Companies directory (Firmen A-Z der WKO)<\/mark><\/strong><\/a>.<\/p>","protected":false},"excerpt":{"rendered":"<p>Impressum Unternehmensname Merz RailServices GmbH Rechtsform Gesellschaft mit beschr\u00e4nkter Haftung (GmbH) Sitz der Gesellschaft Doktor Mehes-Gasse 172344 Maria Enzersdorf\u00d6sterreich Kontakt Telefon: +43 664 2122820E-Mail: Office@Merz-RailServices.comWebsite: www.Merz-RailServices.com Firmenbuchnummer FN 664226 d Firmenbuchgericht Landesgericht Wiener Neustadt UID-Nummer ATU82607804 Unternehmensgegenstand Gewerbeberechtigung Zust\u00e4ndige Beh\u00f6rde Bezirkshauptmannschaft M\u00f6dling Mitgliedschaften Mitglied der Wirtschaftskammer Nieder\u00f6sterreich Firmen A-Z der WKO Zertifikate Gesch\u00e4ftsf\u00fchrer Ing. Mag. [&hellip;]<\/p>\n","protected":false},"author":1,"featured_media":933,"parent":214,"menu_order":11,"comment_status":"closed","ping_status":"closed","template":"","meta":{"footnotes":""},"class_list":["post-37","page","type-page","status-publish","has-post-thumbnail","hentry"],"_links":{"self":[{"href":"https:\/\/merz-railservices.com\/en\/wp-json\/wp\/v2\/pages\/37","targetHints":{"allow":["GET"]}}],"collection":[{"href":"https:\/\/merz-railservices.com\/en\/wp-json\/wp\/v2\/pages"}],"about":[{"href":"https:\/\/merz-railservices.com\/en\/wp-json\/wp\/v2\/types\/page"}],"author":[{"embeddable":true,"href":"https:\/\/merz-railservices.com\/en\/wp-json\/wp\/v2\/users\/1"}],"replies":[{"embeddable":true,"href":"https:\/\/merz-railservices.com\/en\/wp-json\/wp\/v2\/comments?post=37"}],"version-history":[{"count":37,"href":"https:\/\/merz-railservices.com\/en\/wp-json\/wp\/v2\/pages\/37\/revisions"}],"predecessor-version":[{"id":1713,"href":"https:\/\/merz-railservices.com\/en\/wp-json\/wp\/v2\/pages\/37\/revisions\/1713"}],"up":[{"embeddable":true,"href":"https:\/\/merz-railservices.com\/en\/wp-json\/wp\/v2\/pages\/214"}],"wp:featuredmedia":[{"embeddable":true,"href":"https:\/\/merz-railservices.com\/en\/wp-json\/wp\/v2\/media\/933"}],"wp:attachment":[{"href":"https:\/\/merz-railservices.com\/en\/wp-json\/wp\/v2\/media?parent=37"}],"curies":[{"name":"wp","href":"https:\/\/api.w.org\/{rel}","templated":true}]}}