{"id":9,"date":"2025-10-21T12:12:04","date_gmt":"2025-10-21T10:12:04","guid":{"rendered":"http:\/\/merz-railservices.com\/?page_id=9"},"modified":"2026-01-01T16:05:02","modified_gmt":"2026-01-01T15:05:02","slug":"company","status":"publish","type":"page","link":"https:\/\/merz-railservices.com\/en\/unternehmen\/","title":{"rendered":"Company"},"content":{"rendered":"<figure class=\"wp-block-image size-large is-resized\"><img loading=\"lazy\" decoding=\"async\" width=\"1024\" height=\"410\" src=\"http:\/\/merz-railservices.com\/wp-content\/uploads\/2025\/12\/Unternehmen_Banner-1024x410.jpg\" alt=\"\" class=\"wp-image-1433\" style=\"width:1090px;height:auto\" srcset=\"https:\/\/merz-railservices.com\/wp-content\/uploads\/2025\/12\/Unternehmen_Banner-1024x410.jpg 1024w, https:\/\/merz-railservices.com\/wp-content\/uploads\/2025\/12\/Unternehmen_Banner-300x120.jpg 300w, https:\/\/merz-railservices.com\/wp-content\/uploads\/2025\/12\/Unternehmen_Banner-768x307.jpg 768w, https:\/\/merz-railservices.com\/wp-content\/uploads\/2025\/12\/Unternehmen_Banner-18x7.jpg 18w, https:\/\/merz-railservices.com\/wp-content\/uploads\/2025\/12\/Unternehmen_Banner.jpg 1180w\" sizes=\"auto, (max-width: 1024px) 100vw, 1024px\" \/><\/figure>\n\n\n\n<div style=\"height:50px\" aria-hidden=\"true\" class=\"wp-block-spacer\"><\/div>\n\n\n\n<h1 class=\"wp-block-heading has-success-color has-text-color has-link-color wp-elements-16a283e5e884f6b7ad6894bbb8ee4202\"><strong>About Merz RailServices<\/strong><\/h1>\n\n\n\n<div class=\"wp-block-columns is-layout-flex wp-container-core-columns-is-layout-28f84493 wp-block-columns-is-layout-flex\">\n<div class=\"wp-block-column is-layout-flow wp-block-column-is-layout-flow\" style=\"flex-basis:66.66%\">\n<p class=\"has-small-font-size\">Merz RailServices Ltd. actively contributes to safe, climate-friendly and reliable rail mobility. With technical expertise, responsibility and commitment to partnership, we ensure that trains remain reliable in operation.<\/p>\n\n\n\n<p>As an independent service partner, we support maintenance workshops and manufacturers throughout Europe with technical service, consulting and intelligent spare parts logistics. Our goal is to minimise downtime and ensure the long-term availability of vehicle fleets.<\/p>\n\n\n\n<p>Our services focus on rail vehicle, railway and refrigeration technology, as well as mechatronics. We place great importance on motivated action, personal responsibility, respect and reliability.<\/p>\n\n\n\n<p class=\"has-small-font-size\">Founded in October 2025 by Matthias Merz, an industry expert with over 27 years of experience in the European rail sector, we offer manufacturer-independent solutions across the entire life cycle of rail vehicles \u2013 efficient, customer-focused and future-oriented.<\/p>\n<\/div>\n\n\n\n<div class=\"wp-block-column is-layout-flow wp-block-column-is-layout-flow\" style=\"flex-basis:33.33%\">\n<figure class=\"wp-block-image size-large\"><img loading=\"lazy\" decoding=\"async\" width=\"682\" height=\"1024\" src=\"https:\/\/merz-railservices.com\/wp-content\/uploads\/2025\/12\/shutterstock_73433653-3x2-1-682x1024.jpg\" alt=\"\" class=\"wp-image-1437\" srcset=\"https:\/\/merz-railservices.com\/wp-content\/uploads\/2025\/12\/shutterstock_73433653-3x2-1-682x1024.jpg 682w, https:\/\/merz-railservices.com\/wp-content\/uploads\/2025\/12\/shutterstock_73433653-3x2-1-200x300.jpg 200w, https:\/\/merz-railservices.com\/wp-content\/uploads\/2025\/12\/shutterstock_73433653-3x2-1-768x1153.jpg 768w, https:\/\/merz-railservices.com\/wp-content\/uploads\/2025\/12\/shutterstock_73433653-3x2-1-1023x1536.jpg 1023w, https:\/\/merz-railservices.com\/wp-content\/uploads\/2025\/12\/shutterstock_73433653-3x2-1-1364x2048.jpg 1364w, https:\/\/merz-railservices.com\/wp-content\/uploads\/2025\/12\/shutterstock_73433653-3x2-1-8x12.jpg 8w, https:\/\/merz-railservices.com\/wp-content\/uploads\/2025\/12\/shutterstock_73433653-3x2-1-scaled.jpg 1705w\" sizes=\"auto, (max-width: 682px) 100vw, 682px\" \/><\/figure>\n<\/div>\n<\/div>\n\n\n\n<div style=\"height:100px\" aria-hidden=\"true\" class=\"wp-block-spacer\"><\/div>\n\n\n\n<h2 class=\"wp-block-heading\">Management<\/h2>\n\n\n\n<div class=\"wp-block-columns is-layout-flex wp-container-core-columns-is-layout-c5697315 wp-block-columns-is-layout-flex\" style=\"border-style:none;border-width:0px;border-top-left-radius:20px;border-top-right-radius:20px;border-bottom-left-radius:20px;border-bottom-right-radius:20px;padding-top:var(--wp--preset--spacing--sm);padding-right:var(--wp--preset--spacing--sm);padding-bottom:var(--wp--preset--spacing--sm);padding-left:var(--wp--preset--spacing--sm);box-shadow:var(--wp--preset--shadow--sm)\">\n<div class=\"wp-block-column is-layout-flow wp-block-column-is-layout-flow\">\n<h3 class=\"wp-block-heading\">Engineer Mag. (FH) <br><strong>Matthias Merz<\/strong><\/h3>\n\n\n\n<figure class=\"wp-block-image size-large\"><img loading=\"lazy\" decoding=\"async\" width=\"683\" height=\"1024\" src=\"http:\/\/merz-railservices.com\/wp-content\/uploads\/2025\/10\/000_PicturePeople-SCS-1_1761226714550-683x1024.jpg\" alt=\"\" class=\"wp-image-125\" srcset=\"https:\/\/merz-railservices.com\/wp-content\/uploads\/2025\/10\/000_PicturePeople-SCS-1_1761226714550-683x1024.jpg 683w, https:\/\/merz-railservices.com\/wp-content\/uploads\/2025\/10\/000_PicturePeople-SCS-1_1761226714550-200x300.jpg 200w, https:\/\/merz-railservices.com\/wp-content\/uploads\/2025\/10\/000_PicturePeople-SCS-1_1761226714550-768x1152.jpg 768w, https:\/\/merz-railservices.com\/wp-content\/uploads\/2025\/10\/000_PicturePeople-SCS-1_1761226714550-1024x1536.jpg 1024w, https:\/\/merz-railservices.com\/wp-content\/uploads\/2025\/10\/000_PicturePeople-SCS-1_1761226714550-1365x2048.jpg 1365w, https:\/\/merz-railservices.com\/wp-content\/uploads\/2025\/10\/000_PicturePeople-SCS-1_1761226714550-100x150.jpg 100w, https:\/\/merz-railservices.com\/wp-content\/uploads\/2025\/10\/000_PicturePeople-SCS-1_1761226714550-150x225.jpg 150w, https:\/\/merz-railservices.com\/wp-content\/uploads\/2025\/10\/000_PicturePeople-SCS-1_1761226714550-300x450.jpg 300w, https:\/\/merz-railservices.com\/wp-content\/uploads\/2025\/10\/000_PicturePeople-SCS-1_1761226714550-450x675.jpg 450w, https:\/\/merz-railservices.com\/wp-content\/uploads\/2025\/10\/000_PicturePeople-SCS-1_1761226714550-600x900.jpg 600w, https:\/\/merz-railservices.com\/wp-content\/uploads\/2025\/10\/000_PicturePeople-SCS-1_1761226714550-900x1350.jpg 900w, https:\/\/merz-railservices.com\/wp-content\/uploads\/2025\/10\/000_PicturePeople-SCS-1_1761226714550-scaled.jpg 1707w\" sizes=\"auto, (max-width: 683px) 100vw, 683px\" \/><\/figure>\n\n\n\n<div class=\"wp-block-columns is-layout-flex wp-container-core-columns-is-layout-28f84493 wp-block-columns-is-layout-flex\">\n<div class=\"wp-block-column is-layout-flow wp-block-column-is-layout-flow\"><\/div>\n<\/div>\n<\/div>\n\n\n\n<div class=\"wp-block-column is-layout-flow wp-block-column-is-layout-flow\">\n<h4 class=\"wp-block-heading\">Over 27 years of experience in railway services and rolling stock support<\/h4>\n\n\n\n<p>Matthias Merz has more than 27 years of experience in customer service, after-sales and technical service for rail vehicles. He has worked successfully with rail operators in Germany, Austria and Switzerland, leading European OEMs, and system and component suppliers.<\/p>\n\n\n\n<div style=\"height:25px\" aria-hidden=\"true\" class=\"wp-block-spacer\"><\/div>\n\n\n\n<h4 class=\"wp-block-heading\">Professional focus:<\/h4>\n\n\n\n<div class=\"wp-block-group is-layout-constrained wp-block-group-is-layout-constrained\">\n<ul class=\"wp-block-list\">\n<li>Many years of responsibility in spare parts sales, logistics and distribution management<\/li>\n\n\n\n<li>Extensive experience in business management and corporate leadership<\/li>\n\n\n\n<li>Service management in field service and technical support for many years<\/li>\n<\/ul>\n<\/div>\n<\/div>\n\n\n\n<div class=\"wp-block-column is-layout-flow wp-block-column-is-layout-flow\">\n<h4 class=\"wp-block-heading\">Working methods &amp; standards<\/h4>\n\n\n\n<ul class=\"wp-block-list\">\n<li>Customer-focused, solution-oriented approach<\/li>\n\n\n\n<li>Analytical and strategic expertise in technical matters<\/li>\n\n\n\n<li>Focus on reliable results and sustainable service quality<\/li>\n<\/ul>\n\n\n\n<p>This approach characterises Merz RailServices \u2013 for safety, quality and partnership-based cooperation in rail transport.<\/p>\n\n\n\n<div style=\"height:25px\" aria-hidden=\"true\" class=\"wp-block-spacer\"><\/div>\n\n\n\n<h4 class=\"wp-block-heading\">Contact<\/h4>\n\n\n\n<p class=\"has-lato-font-family has-small-font-size\">Matthias.Merz@Merz-RailServices.com<br>+43 664 2122820<\/p>\n\n\n\n<div class=\"wp-block-buttons has-custom-font-size has-xsmall-font-size is-layout-flex wp-block-buttons-is-layout-flex\">\n<div class=\"wp-block-button is-style-fill\"><a class=\"wp-block-button__link has-success-background-color has-background wp-element-button\" href=\"mailto:Matthias.Merz@Merz-RailServices.com\" style=\"border-top-left-radius:10px;border-top-right-radius:10px;border-bottom-left-radius:10px;border-bottom-right-radius:10px;padding-top:var(--wp--preset--spacing--sm);padding-right:var(--wp--preset--spacing--sm);padding-bottom:var(--wp--preset--spacing--sm);padding-left:var(--wp--preset--spacing--sm)\">e-mail<\/a><\/div>\n<\/div>\n<\/div>\n<\/div>\n\n\n\n<div style=\"height:100px\" aria-hidden=\"true\" class=\"wp-block-spacer\"><\/div>\n\n\n\n<h2 class=\"wp-block-heading\">Latest news from Merz RailServices on LinkedIn<\/h2>\n\n\n\n<div class=\"wp-block-columns is-layout-flex wp-container-core-columns-is-layout-28f84493 wp-block-columns-is-layout-flex\" style=\"border-top-left-radius:20px;border-top-right-radius:20px;border-bottom-left-radius:20px;border-bottom-right-radius:20px;box-shadow:var(--wp--preset--shadow--sm)\">\n<div class=\"wp-block-column is-layout-flow wp-block-column-is-layout-flow\">\n<div class=\"wp-block-columns is-layout-flex wp-container-core-columns-is-layout-7e6e9c0c wp-block-columns-is-layout-flex\" style=\"border-top-left-radius:20px;border-top-right-radius:20px;border-bottom-left-radius:20px;border-bottom-right-radius:20px;padding-top:var(--wp--preset--spacing--md);padding-right:var(--wp--preset--spacing--md);padding-bottom:var(--wp--preset--spacing--md);padding-left:var(--wp--preset--spacing--md)\">\n<div class=\"wp-block-column is-layout-flow wp-block-column-is-layout-flow\" style=\"flex-basis:100%\">\n<figure class=\"wp-block-image size-large is-resized\"><img loading=\"lazy\" decoding=\"async\" width=\"1024\" height=\"250\" src=\"http:\/\/merz-railservices.com\/wp-content\/uploads\/2025\/12\/LI-Logo-1024x250.png\" alt=\"\" class=\"wp-image-1294\" style=\"aspect-ratio:4.0964176049129986;width:185px;height:auto\" srcset=\"https:\/\/merz-railservices.com\/wp-content\/uploads\/2025\/12\/LI-Logo-1024x250.png 1024w, https:\/\/merz-railservices.com\/wp-content\/uploads\/2025\/12\/LI-Logo-300x73.png 300w, https:\/\/merz-railservices.com\/wp-content\/uploads\/2025\/12\/LI-Logo-768x187.png 768w, https:\/\/merz-railservices.com\/wp-content\/uploads\/2025\/12\/LI-Logo-1536x375.png 1536w, https:\/\/merz-railservices.com\/wp-content\/uploads\/2025\/12\/LI-Logo-2048x500.png 2048w, https:\/\/merz-railservices.com\/wp-content\/uploads\/2025\/12\/LI-Logo-18x4.png 18w\" sizes=\"auto, (max-width: 1024px) 100vw, 1024px\" \/><\/figure>\n\n\n\n<div class=\"wp-block-buttons is-layout-flex wp-block-buttons-is-layout-flex\">\n<div class=\"wp-block-button is-style-fill\"><a class=\"wp-block-button__link has-success-background-color has-background wp-element-button\" href=\"https:\/\/www.linkedin.com\/in\/matthias-merz\/recent-activity\/all\/\" style=\"border-top-left-radius:10px;border-top-right-radius:10px;border-bottom-left-radius:10px;border-bottom-right-radius:10px;padding-top:var(--wp--preset--spacing--sm);padding-right:var(--wp--preset--spacing--sm);padding-bottom:var(--wp--preset--spacing--sm);padding-left:var(--wp--preset--spacing--sm)\" target=\"_blank\" rel=\"noreferrer noopener\">Matthias Merz<\/a><\/div>\n\n\n\n<div class=\"wp-block-button\"><a class=\"wp-block-button__link has-success-background-color has-background wp-element-button\" href=\"https:\/\/www.linkedin.com\/company\/merz-railservices-gmbh\/posts\/\" style=\"border-top-left-radius:10px;border-top-right-radius:10px;border-bottom-left-radius:10px;border-bottom-right-radius:10px;padding-top:var(--wp--preset--spacing--sm);padding-right:var(--wp--preset--spacing--sm);padding-bottom:var(--wp--preset--spacing--sm);padding-left:var(--wp--preset--spacing--sm)\" target=\"_blank\" rel=\"noreferrer noopener\">Merz RailServices<\/a><\/div>\n<\/div>\n<\/div>\n<\/div>\n<\/div>\n\n\n\n<div class=\"wp-block-column is-layout-flow wp-block-column-is-layout-flow\">\n<figure class=\"wp-block-image size-large has-custom-border\"><img loading=\"lazy\" decoding=\"async\" width=\"1024\" height=\"576\" src=\"https:\/\/merz-railservices.com\/wp-content\/uploads\/2025\/12\/shutterstock_2259184483-1024x576.jpg\" alt=\"\" class=\"wp-image-1438\" style=\"border-top-left-radius:20px;border-top-right-radius:20px;border-bottom-left-radius:20px;border-bottom-right-radius:20px\" srcset=\"https:\/\/merz-railservices.com\/wp-content\/uploads\/2025\/12\/shutterstock_2259184483-1024x576.jpg 1024w, https:\/\/merz-railservices.com\/wp-content\/uploads\/2025\/12\/shutterstock_2259184483-300x169.jpg 300w, https:\/\/merz-railservices.com\/wp-content\/uploads\/2025\/12\/shutterstock_2259184483-768x432.jpg 768w, https:\/\/merz-railservices.com\/wp-content\/uploads\/2025\/12\/shutterstock_2259184483-1536x864.jpg 1536w, https:\/\/merz-railservices.com\/wp-content\/uploads\/2025\/12\/shutterstock_2259184483-2048x1152.jpg 2048w, https:\/\/merz-railservices.com\/wp-content\/uploads\/2025\/12\/shutterstock_2259184483-18x10.jpg 18w\" sizes=\"auto, (max-width: 1024px) 100vw, 1024px\" \/><\/figure>\n<\/div>\n<\/div>\n\n\n\n<div style=\"height:100px\" aria-hidden=\"true\" class=\"wp-block-spacer\"><\/div>\n\n\n\n<h2 class=\"wp-block-heading\">Our mission statement<\/h2>\n\n\n\n<h3 class=\"wp-block-heading\">Service expertise that ensures availability<\/h3>\n\n\n\n<p>Our mission statement describes what drives us, where we want to go and how we operate as an independent service partner for rail vehicles. It forms the basis for our services contributing to safe, sustainable and reliable rail mobility.<\/p>\n\n\n\n<div style=\"height:25px\" aria-hidden=\"true\" class=\"wp-block-spacer\"><\/div>\n\n\n\n<div class=\"wp-block-columns is-layout-flex wp-container-core-columns-is-layout-28f84493 wp-block-columns-is-layout-flex\">\n<div class=\"wp-block-column is-layout-flow wp-block-column-is-layout-flow\" style=\"border-style:none;border-width:0px;border-top-left-radius:0px;border-top-right-radius:0px;border-bottom-left-radius:0px;border-bottom-right-radius:0px;padding-top:0;padding-right:0;padding-bottom:0;padding-left:0\">\n<h3 class=\"wp-block-heading\">Purpose<\/h3>\n\n\n\n<div class=\"wp-block-cover is-light has-custom-content-position is-position-top-left\" style=\"border-top-left-radius:20px;border-top-right-radius:20px;border-bottom-left-radius:20px;border-bottom-right-radius:20px;box-shadow:var(--wp--preset--shadow--sm);min-height:632px;aspect-ratio:unset;\"><span aria-hidden=\"true\" class=\"wp-block-cover__background has-success-background-color has-background-dim-10 has-background-dim\"><\/span><div class=\"wp-block-cover__inner-container is-layout-flow wp-block-cover-is-layout-flow\">\n<h4 class=\"wp-block-heading has-black-color has-text-color has-link-color wp-elements-d62c80a6f434e5ed7570e507ca73636b\" id=\"block-cb4daeca-cb2c-48ba-af52-222a7884d405\">Why we do what we do<\/h4>\n\n\n\n<p id=\"block-bd1265e9-4796-48d9-b4b7-1012157a3c3f\">We actively contribute to a world in which rail mobility is safe, climate-friendly and reliable \u2013 for society today and tomorrow.<\/p>\n\n\n\n<p id=\"block-0e0f749d-6afe-4a1c-819d-affa273e959d\">With technical expertise, responsibility and commitment to partnership, we keep trains moving and mobility running smoothly.<\/p>\n<\/div><\/div>\n<\/div>\n\n\n\n<div class=\"wp-block-column is-layout-flow wp-block-column-is-layout-flow\" style=\"border-style:none;border-width:0px;border-top-left-radius:0px;border-top-right-radius:0px;border-bottom-left-radius:0px;border-bottom-right-radius:0px;padding-top:0;padding-right:0;padding-bottom:0;padding-left:0\">\n<h3 class=\"wp-block-heading\">Vision<\/h3>\n\n\n\n<div class=\"wp-block-cover is-light has-custom-content-position is-position-top-left\" style=\"border-top-left-radius:20px;border-top-right-radius:20px;border-bottom-left-radius:20px;border-bottom-right-radius:20px;box-shadow:var(--wp--preset--shadow--sm);min-height:632px;aspect-ratio:unset;\"><span aria-hidden=\"true\" class=\"wp-block-cover__background has-custom-merz-grau-background-color has-background-dim-10 has-background-dim\"><\/span><div class=\"wp-block-cover__inner-container is-layout-flow wp-block-cover-is-layout-flow\">\n<h4 class=\"wp-block-heading has-black-color has-text-color has-link-color wp-elements-b2bd289fd1360434808275d119d83af4\" id=\"block-cb4daeca-cb2c-48ba-af52-222a7884d405\">Where we want to go<\/h4>\n\n\n\n<p id=\"block-bd1265e9-4796-48d9-b4b7-1012157a3c3f\">Together, we are shaping a future of sustainable mobility in which trains run reliably, punctually and safely at all times.<\/p>\n<\/div><\/div>\n<\/div>\n\n\n\n<div class=\"wp-block-column is-layout-flow wp-block-column-is-layout-flow\">\n<h3 class=\"wp-block-heading\">Mission<\/h3>\n\n\n\n<div class=\"wp-block-cover is-light has-custom-content-position is-position-top-left\" style=\"border-top-left-radius:20px;border-top-right-radius:20px;border-bottom-left-radius:20px;border-bottom-right-radius:20px;box-shadow:var(--wp--preset--shadow--sm);min-height:632px;aspect-ratio:unset;\"><span aria-hidden=\"true\" class=\"wp-block-cover__background has-success-background-color has-background-dim-10 has-background-dim\"><\/span><div class=\"wp-block-cover__inner-container is-layout-flow wp-block-cover-is-layout-flow\">\n<h4 class=\"wp-block-heading has-black-color has-text-color has-link-color wp-elements-d617392ed95eb82254cac36541071413\" id=\"block-cb4daeca-cb2c-48ba-af52-222a7884d405\">What we do<\/h4>\n\n\n\n<p id=\"block-bd1265e9-4796-48d9-b4b7-1012157a3c3f\">We support maintenance workshops, railway operators, vehicle and component manufacturers throughout Europe with:<\/p>\n\n\n\n<ul class=\"wp-block-list\">\n<li>Consulting &amp; Analysis<\/li>\n\n\n\n<li>Data-based optimisation of service and maintenance processes<\/li>\n\n\n\n<li>intelligent spare parts logistics<\/li>\n\n\n\n<li>Technical service &amp; on-site problem solving<\/li>\n<\/ul>\n\n\n\n<p id=\"block-0e0f749d-6afe-4a1c-819d-affa273e959d\">Our goal: to minimise downtime, solve problems quickly and ensure the long-term availability of rail vehicles.<\/p>\n<\/div><\/div>\n<\/div>\n<\/div>\n\n\n\n<div style=\"height:100px\" aria-hidden=\"true\" class=\"wp-block-spacer\"><\/div>\n\n\n\n<h3 class=\"wp-block-heading\" id=\"Werte\">Values \u2013 What we believe in<\/h3>\n\n\n\n<div class=\"wp-block-columns has-border-color has-success-border-color has-primary-color has-text-color has-link-color wp-elements-30f19aef815347073307093e2d31da9e is-layout-flex wp-container-core-columns-is-layout-f28a13b4 wp-block-columns-is-layout-flex\" style=\"border-width:2px;border-top-left-radius:20px;border-top-right-radius:20px;border-bottom-left-radius:20px;border-bottom-right-radius:20px;padding-top:var(--wp--preset--spacing--sm);padding-right:var(--wp--preset--spacing--xs);padding-bottom:var(--wp--preset--spacing--sm);padding-left:var(--wp--preset--spacing--xs);box-shadow:6px 6px 9px rgba(0, 0, 0, 0.2)\">\n<div class=\"wp-block-column is-layout-flow wp-block-column-is-layout-flow\">\n<h4 class=\"wp-block-heading has-success-color has-text-color has-link-color wp-elements-c2e2e82e008e84ac0b6445e7717cc3de\"><strong><mark style=\"background-color:rgba(0, 0, 0, 0)\" class=\"has-inline-color has-custom-merz-grau-color\">M<\/mark><\/strong>otivated<\/h4>\n\n\n\n<p>We act with enthusiasm, drive and the ambition to give our best every day. We are motivated by the desire to make mobility reliable, efficient and sustainable.<\/p>\n<\/div>\n\n\n\n<div class=\"wp-block-column is-layout-flow wp-block-column-is-layout-flow\">\n<h4 class=\"wp-block-heading has-success-color has-text-color has-link-color wp-elements-3498807f2cb33a5003230baf5531022f\"><strong><mark style=\"background-color:rgba(0, 0, 0, 0)\" class=\"has-inline-color has-custom-merz-grau-color\">E<\/mark><\/strong>ngaged<\/h4>\n\n\n\n<p>We take responsibility, think entrepreneurially and actively shape the future. Through initiative and identification with our tasks, we make a committed contribution to our shared success.<\/p>\n<\/div>\n\n\n\n<div class=\"wp-block-column is-layout-flow wp-block-column-is-layout-flow\">\n<h4 class=\"wp-block-heading has-success-color has-text-color has-link-color wp-elements-c4f46245c9eb040fe264765bbf8140b0\"><strong><mark style=\"background-color:rgba(0, 0, 0, 0)\" class=\"has-inline-color has-custom-merz-grau-color\">R<\/mark><\/strong>espectfully<\/h4>\n\n\n\n<p>We treat others with respect, listen actively and respect different perspectives and backgrounds. Fairness, transparency and treating everyone as equals characterise our cooperation, both internally and externally.<\/p>\n<\/div>\n\n\n\n<div class=\"wp-block-column is-layout-flow wp-block-column-is-layout-flow\">\n<h4 class=\"wp-block-heading has-success-color has-text-color has-link-color wp-elements-9cdcd2335fd936136c606e3c8e3fe6cc\"><strong><mark style=\"background-color:rgba(0, 0, 0, 0)\" class=\"has-inline-color has-custom-merz-grau-color\">Z<\/mark><\/strong>enith Reliability<\/h4>\n\n\n\n<p>We stand for commitment, quality and consistency. Through forward-thinking action and continuous improvement, we build trust so that our customers and partners can rely on us at all times.<\/p>\n<\/div>\n<\/div>","protected":false},"excerpt":{"rendered":"<p>\u00dcber Merz RailServices Merz RailServices GmbH leistet einen aktiven Beitrag zu einer sicheren, klimafreundlichen und verl\u00e4sslichen Schienenmobilit\u00e4t. Mit technischer Kompetenz, Verantwortung und partnerschaftlichem Engagement sorgen wir daf\u00fcr, dass Z\u00fcge zuverl\u00e4ssig im Einsatz bleiben. Als unabh\u00e4ngiger Servicepartner unterst\u00fctzen wir Wartungswerkst\u00e4tten und Hersteller in ganz Europa mit technischem Service, Beratung und intelligenter Ersatzteillogistik. Unser Ziel ist es, [&hellip;]<\/p>\n","protected":false},"author":1,"featured_media":0,"parent":0,"menu_order":2,"comment_status":"closed","ping_status":"closed","template":"","meta":{"footnotes":""},"class_list":["post-9","page","type-page","status-publish","hentry"],"_links":{"self":[{"href":"https:\/\/merz-railservices.com\/en\/wp-json\/wp\/v2\/pages\/9","targetHints":{"allow":["GET"]}}],"collection":[{"href":"https:\/\/merz-railservices.com\/en\/wp-json\/wp\/v2\/pages"}],"about":[{"href":"https:\/\/merz-railservices.com\/en\/wp-json\/wp\/v2\/types\/page"}],"author":[{"embeddable":true,"href":"https:\/\/merz-railservices.com\/en\/wp-json\/wp\/v2\/users\/1"}],"replies":[{"embeddable":true,"href":"https:\/\/merz-railservices.com\/en\/wp-json\/wp\/v2\/comments?post=9"}],"version-history":[{"count":64,"href":"https:\/\/merz-railservices.com\/en\/wp-json\/wp\/v2\/pages\/9\/revisions"}],"predecessor-version":[{"id":1500,"href":"https:\/\/merz-railservices.com\/en\/wp-json\/wp\/v2\/pages\/9\/revisions\/1500"}],"wp:attachment":[{"href":"https:\/\/merz-railservices.com\/en\/wp-json\/wp\/v2\/media?parent=9"}],"curies":[{"name":"wp","href":"https:\/\/api.w.org\/{rel}","templated":true}]}}